{"id":794,"date":"2016-03-30T22:51:03","date_gmt":"2016-03-30T22:51:03","guid":{"rendered":"http:\/\/savaria2020.eu\/word\/?page_id=794"},"modified":"2025-01-23T10:21:18","modified_gmt":"2025-01-23T10:21:18","slug":"galeria","status":"publish","type":"page","link":"https:\/\/savaria2020.eu\/word\/galeria\/","title":{"rendered":"Gal\u00e9ria"},"content":{"rendered":"<div class=\"fusion-fullwidth fullwidth-box fusion-builder-row-1 fusion-flex-container hundred-percent-fullwidth non-hundred-percent-height-scrolling\" style=\"--awb-border-radius-top-left:0px;--awb-border-radius-top-right:0px;--awb-border-radius-bottom-right:0px;--awb-border-radius-bottom-left:0px;--awb-overflow:visible;--awb-flex-wrap:wrap;\" ><div class=\"fusion-builder-row fusion-row fusion-flex-align-items-flex-start fusion-flex-content-wrap\" style=\"width:104% !important;max-width:104% !important;margin-left: calc(-4% \/ 2 );margin-right: calc(-4% \/ 2 );\"><div class=\"fusion-layout-column fusion_builder_column fusion-builder-column-0 fusion_builder_column_1_1 1_1 fusion-flex-column\" style=\"--awb-bg-size:cover;--awb-border-color:#ffffff;--awb-border-top:0px;--awb-border-right:0px;--awb-border-bottom:0px;--awb-border-left:0px;--awb-border-style:solid;--awb-width-large:100%;--awb-margin-top-large:0px;--awb-spacing-right-large:1.92%;--awb-margin-bottom-large:20px;--awb-spacing-left-large:1.92%;--awb-width-medium:100%;--awb-spacing-right-medium:1.92%;--awb-spacing-left-medium:1.92%;--awb-width-small:100%;--awb-spacing-right-small:1.92%;--awb-spacing-left-small:1.92%;\"><div class=\"fusion-column-wrapper fusion-flex-justify-content-flex-start fusion-content-layout-column\"><div class=\"fusion-text fusion-text-1\"><h2>Gal\u00e9ria<\/h2>\n<p>\t<div class=\"ngg-albumoverview default-view\">\n\t\t\t\t\t<div class=\"ngg-album\">\n\t\t\t\t<div class=\"ngg-albumcontent\">\n\t\t\t\t\t\t\t\t\t\t\t<div class=\"ngg-thumbnail\">\n\t\t\t\t\t\t\t<a class='gallery_link' href='https:\/\/savaria2020.eu\/word\/galeria\/nggallery\/1\/galeria'>\n\t\t\t\t\t\t\t\t<img class=\"Thumb\"\n\t\t\t\t\t\t\t\t\talt=\"Belv\u00e1ros-rehabilit\u00e1ci\u00f3 (IVS I.)\"\n\t\t\t\t\t\t\t\t\tsrc=\"https:\/\/savaria2020.eu\/word\/wp-content\/gallery\/galeria\/cache\/851S0002.jpg-nggid011-ngg0dyn-91x68-00f0w010c011r110f110r010t010.jpg?t=1734372007\"\/>\n\t\t\t\t\t\t\t<\/a>\n\t\t\t\t\t\t<\/div>\n\t\t\t\t\t\t\t\t\t\t<div class=\"ngg-albumtitle\">\n\t\t\t\t\t\t<a class='gallery_link' href='https:\/\/savaria2020.eu\/word\/galeria\/nggallery\/1\/galeria'>Belv\u00e1ros-rehabilit\u00e1ci\u00f3 (IVS I.)<\/a>\n\t\t\t\t\t<\/div>\n\t\t\t\t\t<div class=\"ngg-description\">\n\t\t\t\t\t\t<p>\n\t\t\t\t\t\t\t\t\t\t\t\t<\/p>\n\t\t\t\t\t\t\t\t\t\t\t\t\t<p class=\"ngg-album-gallery-image-counter\">\n\t\t\t\t\t\t\t\t<strong>9<\/strong>&nbsp;F\u00e9nyk\u00e9p<\/p>\n\t\t\t\t\t\t\t\t\t\t\t<\/div>\n\t\t\t\t<\/div>\n\t\t\t<\/div>\n\t\t\t\t\t<div class=\"ngg-album\">\n\t\t\t\t<div class=\"ngg-albumcontent\">\n\t\t\t\t\t\t\t\t\t\t\t<div class=\"ngg-thumbnail\">\n\t\t\t\t\t\t\t<a class='gallery_link' href='https:\/\/savaria2020.eu\/word\/galeria\/nggallery\/1\/galeria-3'>\n\t\t\t\t\t\t\t\t<img class=\"Thumb\"\n\t\t\t\t\t\t\t\t\talt=\"K\u00f6rmendi \u00fat \u2013 \u00d3perint utcai szoci\u00e1lis c\u00e9l\u00fa rehabilit\u00e1ci\u00f3 (IVS II.)\"\n\t\t\t\t\t\t\t\t\tsrc=\"https:\/\/savaria2020.eu\/word\/wp-content\/gallery\/galeria-3\/cache\/Berlakas01.JPG-nggid0229-ngg0dyn-91x68-00f0w010c011r110f110r010t010.JPG?t=1553150621\"\/>\n\t\t\t\t\t\t\t<\/a>\n\t\t\t\t\t\t<\/div>\n\t\t\t\t\t\t\t\t\t\t<div class=\"ngg-albumtitle\">\n\t\t\t\t\t\t<a class='gallery_link' href='https:\/\/savaria2020.eu\/word\/galeria\/nggallery\/1\/galeria-3'>K\u00f6rmendi \u00fat \u2013 \u00d3perint utcai szoci\u00e1lis c\u00e9l\u00fa rehabilit\u00e1ci\u00f3 (IVS II.)<\/a>\n\t\t\t\t\t<\/div>\n\t\t\t\t\t<div class=\"ngg-description\">\n\t\t\t\t\t\t<p>\n\t\t\t\t\t\t\t\t\t\t\t\t<\/p>\n\t\t\t\t\t\t\t\t\t\t\t\t\t<p class=\"ngg-album-gallery-image-counter\">\n\t\t\t\t\t\t\t\t<strong>9<\/strong>&nbsp;F\u00e9nyk\u00e9p<\/p>\n\t\t\t\t\t\t\t\t\t\t\t<\/div>\n\t\t\t\t<\/div>\n\t\t\t<\/div>\n\t\t\t\t\t<div class=\"ngg-album\">\n\t\t\t\t<div class=\"ngg-albumcontent\">\n\t\t\t\t\t\t\t\t\t\t\t<div class=\"ngg-thumbnail\">\n\t\t\t\t\t\t\t<a class='gallery_link' href='https:\/\/savaria2020.eu\/word\/galeria\/nggallery\/1\/galeria-2'>\n\t\t\t\t\t\t\t\t<img class=\"Thumb\"\n\t\t\t\t\t\t\t\t\talt=\"Funkci\u00f3b\u0151v\u00edt\u0151 v\u00e1rosrehabilit\u00e1ci\u00f3 (IVS III.)\"\n\t\t\t\t\t\t\t\t\tsrc=\"https:\/\/savaria2020.eu\/word\/wp-content\/gallery\/galeria-2\/cache\/image003.jpg-nggid0212-ngg0dyn-91x68-00f0w010c011r110f110r010t010.jpg?t=1553150621\"\/>\n\t\t\t\t\t\t\t<\/a>\n\t\t\t\t\t\t<\/div>\n\t\t\t\t\t\t\t\t\t\t<div class=\"ngg-albumtitle\">\n\t\t\t\t\t\t<a class='gallery_link' href='https:\/\/savaria2020.eu\/word\/galeria\/nggallery\/1\/galeria-2'>Funkci\u00f3b\u0151v\u00edt\u0151 v\u00e1rosrehabilit\u00e1ci\u00f3 (IVS III.)<\/a>\n\t\t\t\t\t<\/div>\n\t\t\t\t\t<div class=\"ngg-description\">\n\t\t\t\t\t\t<p>\n\t\t\t\t\t\t\t\t\t\t\t\t<\/p>\n\t\t\t\t\t\t\t\t\t\t\t\t\t<p class=\"ngg-album-gallery-image-counter\">\n\t\t\t\t\t\t\t\t<strong>17<\/strong>&nbsp;F\u00e9nyk\u00e9p<\/p>\n\t\t\t\t\t\t\t\t\t\t\t<\/div>\n\t\t\t\t<\/div>\n\t\t\t<\/div>\n\t\t\t\t<div class='ngg-clear'><\/div>\t<\/div>\n<\/p>\n<\/div><\/div><\/div><\/div><\/div>\n","protected":false},"excerpt":{"rendered":"","protected":false},"author":1,"featured_media":0,"parent":0,"menu_order":0,"comment_status":"closed","ping_status":"closed","template":"","meta":{"ngg_post_thumbnail":0,"footnotes":""},"class_list":["post-794","page","type-page","status-publish","hentry"],"_links":{"self":[{"href":"https:\/\/savaria2020.eu\/word\/wp-json\/wp\/v2\/pages\/794","targetHints":{"allow":["GET"]}}],"collection":[{"href":"https:\/\/savaria2020.eu\/word\/wp-json\/wp\/v2\/pages"}],"about":[{"href":"https:\/\/savaria2020.eu\/word\/wp-json\/wp\/v2\/types\/page"}],"author":[{"embeddable":true,"href":"https:\/\/savaria2020.eu\/word\/wp-json\/wp\/v2\/users\/1"}],"replies":[{"embeddable":true,"href":"https:\/\/savaria2020.eu\/word\/wp-json\/wp\/v2\/comments?post=794"}],"version-history":[{"count":10,"href":"https:\/\/savaria2020.eu\/word\/wp-json\/wp\/v2\/pages\/794\/revisions"}],"predecessor-version":[{"id":1709,"href":"https:\/\/savaria2020.eu\/word\/wp-json\/wp\/v2\/pages\/794\/revisions\/1709"}],"wp:attachment":[{"href":"https:\/\/savaria2020.eu\/word\/wp-json\/wp\/v2\/media?parent=794"}],"curies":[{"name":"wp","href":"https:\/\/api.w.org\/{rel}","templated":true}]}}