{"id":661,"date":"2015-02-10T19:21:05","date_gmt":"2015-02-10T19:21:05","guid":{"rendered":"http:\/\/theme-fusion.com\/avada_demos\/architecture\/?page_id=7"},"modified":"2025-09-08T10:05:59","modified_gmt":"2025-09-08T10:05:59","slug":"home","status":"publish","type":"page","link":"https:\/\/savaria2020.eu\/word\/","title":{"rendered":"Bemutatkoz\u00e1s"},"content":{"rendered":"<p><div class=\"fusion-fullwidth fullwidth-box fusion-builder-row-1 fusion-flex-container fusion-parallax-none hundred-percent-fullwidth non-hundred-percent-height-scrolling\" style=\"--awb-background-position:center top;--awb-border-sizes-top:0px;--awb-border-sizes-bottom:0px;--awb-border-sizes-left:0px;--awb-border-sizes-right:0px;--awb-border-radius-top-left:0px;--awb-border-radius-top-right:0px;--awb-border-radius-bottom-right:0px;--awb-border-radius-bottom-left:0px;--awb-padding-top:20px;--awb-padding-right:30px;--awb-padding-bottom:20px;--awb-padding-left:30px;--awb-background-image:url(&quot;https:\/\/savaria2020.eu\/word\/wp-content\/uploads\/2022\/04\/image001.jpg&quot;);--awb-background-size:cover;--awb-flex-wrap:wrap;\" ><div class=\"fusion-builder-row fusion-row fusion-flex-align-items-flex-start fusion-flex-content-wrap\" style=\"width:calc( 100% + 0px ) !important;max-width:calc( 100% + 0px ) !important;margin-left: calc(-0px \/ 2 );margin-right: calc(-0px \/ 2 );\"><div class=\"fusion-layout-column fusion_builder_column fusion-builder-column-0 fusion_builder_column_1_1 1_1 fusion-flex-column fusion-flex-align-self-flex-start fusion-column-no-min-height\" style=\"--awb-bg-size:cover;--awb-width-large:100%;--awb-margin-top-large:0px;--awb-spacing-right-large:0px;--awb-margin-bottom-large:0px;--awb-spacing-left-large:0px;--awb-width-medium:100%;--awb-spacing-right-medium:0px;--awb-spacing-left-medium:0px;--awb-width-small:100%;--awb-spacing-right-small:0px;--awb-spacing-left-small:0px;\"><div class=\"fusion-column-wrapper fusion-flex-justify-content-flex-start fusion-content-layout-column\"><div class=\"fusion-separator fusion-full-width-sep\" style=\"align-self: center;margin-left: auto;margin-right: auto;margin-top:400px;width:100%;\"><\/div><\/div><\/div><\/div><\/div><div class=\"fusion-fullwidth fullwidth-box fusion-builder-row-2 fusion-flex-container nonhundred-percent-fullwidth non-hundred-percent-height-scrolling\" style=\"--awb-background-position:left top;--awb-border-sizes-top:0px;--awb-border-sizes-bottom:0px;--awb-border-sizes-left:0px;--awb-border-sizes-right:0px;--awb-border-radius-top-left:0px;--awb-border-radius-top-right:0px;--awb-border-radius-bottom-right:0px;--awb-border-radius-bottom-left:0px;--awb-padding-top:40px;--awb-padding-bottom:10px;--awb-flex-wrap:wrap;\" ><div class=\"fusion-builder-row fusion-row fusion-flex-align-items-flex-start fusion-flex-content-wrap\" style=\"max-width:1248px;margin-left: calc(-4% \/ 2 );margin-right: calc(-4% \/ 2 );\"><div class=\"fusion-layout-column fusion_builder_column fusion-builder-column-1 fusion_builder_column_1_3 1_3 fusion-flex-column\" style=\"--awb-bg-size:cover;--awb-width-large:33.333333333333%;--awb-margin-top-large:0px;--awb-spacing-right-large:5.76%;--awb-margin-bottom-large:40px;--awb-spacing-left-large:5.76%;--awb-width-medium:33.333333333333%;--awb-spacing-right-medium:5.76%;--awb-spacing-left-medium:5.76%;--awb-width-small:100%;--awb-spacing-right-small:1.92%;--awb-spacing-left-small:1.92%;\"><div class=\"fusion-column-wrapper fusion-flex-justify-content-flex-start fusion-content-layout-column\"><div class=\"fusion-separator\" style=\"align-self: flex-start;margin-right:auto;margin-top:0px;margin-bottom:35px;width:100%;max-width:170px;\"><div class=\"fusion-separator-border sep-single sep-solid\" style=\"--awb-height:20px;--awb-amount:20px;--awb-sep-color:#e2e3e8;border-color:#e2e3e8;border-top-width:3px;\"><\/div><\/div><div class=\"fusion-text fusion-text-1\"><h3 style=\"padding-left: 30px;\"><em> SAVARIA V\u00e1rosfejleszt\u00e9si Nonprofit Kft.<br \/>\n9700 Szombathely,&nbsp;<\/em><br \/>\n<em>F\u0151 t\u00e9r 23\/B. I\/1.<br \/>\ninfo@savaria2020.eu<br \/>\n<\/em><\/h3>\n<\/div><div class=\"fusion-separator\" style=\"align-self: flex-start;margin-right:auto;margin-top:35px;margin-bottom:35px;width:100%;max-width:170px;\"><div class=\"fusion-separator-border sep-single sep-solid\" style=\"--awb-height:20px;--awb-amount:20px;--awb-sep-color:#e2e3e8;border-color:#e2e3e8;border-top-width:3px;\"><\/div><\/div><div class=\"fusion-image-element \" style=\"--awb-caption-title-font-family:var(--h2_typography-font-family);--awb-caption-title-font-weight:var(--h2_typography-font-weight);--awb-caption-title-font-style:var(--h2_typography-font-style);--awb-caption-title-size:var(--h2_typography-font-size);--awb-caption-title-transform:var(--h2_typography-text-transform);--awb-caption-title-line-height:var(--h2_typography-line-height);--awb-caption-title-letter-spacing:var(--h2_typography-letter-spacing);\"><span class=\" fusion-imageframe imageframe-none imageframe-1 hover-type-zoomin\"><img decoding=\"async\" width=\"2000\" height=\"571\" title=\"kedvezmenyezetti_infoblokk_fekvo_magyar_rgb_page-0001\" src=\"https:\/\/savaria2020.eu\/word\/wp-content\/uploads\/2025\/06\/kedvezmenyezetti_infoblokk_fekvo_magyar_rgb_page-0001.jpg\" alt class=\"img-responsive wp-image-1729\"\/><\/span><\/div><\/div><\/div><div class=\"fusion-layout-column fusion_builder_column fusion-builder-column-2 fusion_builder_column_1_3 1_3 fusion-flex-column\" style=\"--awb-bg-size:cover;--awb-width-large:33.333333333333%;--awb-margin-top-large:0px;--awb-spacing-right-large:5.76%;--awb-margin-bottom-large:0px;--awb-spacing-left-large:5.76%;--awb-width-medium:33.333333333333%;--awb-spacing-right-medium:5.76%;--awb-spacing-left-medium:5.76%;--awb-width-small:100%;--awb-spacing-right-small:1.92%;--awb-spacing-left-small:1.92%;\"><div class=\"fusion-column-wrapper fusion-flex-justify-content-flex-start fusion-content-layout-column\"><div class=\"fusion-text fusion-text-2\"><p style=\"font-size: small;\">Szombathely Megyei Jog\u00fa V\u00e1ros \u00d6nkorm\u00e1nyzata K\u00f6zgy\u0171l\u00e9se 617\/2009.(XII.10.) sz\u00e1m\u00fa hat\u00e1rozat\u00e1ban d\u00f6nt\u00f6tt arr\u00f3l, hogy a v\u00e1ros eur\u00f3pai uni\u00f3s illetve m\u00e1s forr\u00e1sb\u00f3l megval\u00f3sul\u00f3 fejleszt\u00e9sek el\u0151k\u00e9sz\u00edt\u00e9seit \u00e9s lebonyol\u00edt\u00e1sait a &#8211; 2010. janu\u00e1r 28-\u00e1n alap\u00edtott, az \u00d6nkorm\u00e1nyzat 100%-os tulajdon\u00e1ban l\u00e9v\u0151- Savaria V\u00e1rosfejleszt\u00e9si Nonprofit Kft l\u00e1tja el.<\/p>\n<\/div><div class=\"fusion-separator fusion-full-width-sep\" style=\"align-self: flex-start;margin-right:auto;margin-top:10px;margin-bottom:20px;width:100%;\"><div class=\"fusion-separator-border sep-shadow\" style=\"--awb-height:20px;--awb-amount:20px;--awb-sep-color:#898989;background:radial-gradient(ellipse at 50% -50% , #898989 0px, rgba(255, 255, 255, 0) 80%) repeat scroll 0 0 rgba(0, 0, 0, 0);background:-webkit-radial-gradient(ellipse at 50% -50% , #898989 0px, rgba(255, 255, 255, 0) 80%) repeat scroll 0 0 rgba(0, 0, 0, 0);background:-moz-radial-gradient(ellipse at 50% -50% , #898989 0px, rgba(255, 255, 255, 0) 80%) repeat scroll 0 0 rgba(0, 0, 0, 0);background:-o-radial-gradient(ellipse at 50% -50% , #898989 0px, rgba(255, 255, 255, 0) 80%) repeat scroll 0 0 rgba(0, 0, 0, 0);\"><\/div><\/div><div class=\"fusion-text fusion-text-3\"><p style=\"font-size: small;\">A Savaria V\u00e1rosfejleszt\u00e9si Nonprofit Kft 2010. janu\u00e1r 28. \u00f3ta&nbsp; sz\u00e1mos v\u00e1rosfejleszt\u00e9si projekt el\u0151k\u00e9sz\u00edt\u00e9s\u00e9ben illetve megval\u00f3s\u00edt\u00e1s\u00e1ban vesz r\u00e9szt. A 2014-2020 k\u00f6z\u00f6tti id\u0151szak p\u00e1ly\u00e1zatai jelenleg el\u0151k\u00e9sz\u00edt\u00e9s alatt vannak, melyek k\u00f6z\u00f6tt k\u00f6rnyezetv\u00e9delmi, szoci\u00e1lis v\u00e1rosrehabilit\u00e1ci\u00f3, eg\u00e9szs\u00e9g\u00fcgyi \u00e9s k\u00f6zszolg\u00e1ltat\u00e1si fejleszt\u00e9s egyar\u00e1nt megtal\u00e1lhat\u00f3.<\/p>\n<\/div><\/div><\/div><div class=\"fusion-layout-column fusion_builder_column fusion-builder-column-3 fusion_builder_column_1_3 1_3 fusion-flex-column\" style=\"--awb-bg-size:cover;--awb-width-large:33.333333333333%;--awb-margin-top-large:0px;--awb-spacing-right-large:5.76%;--awb-margin-bottom-large:20px;--awb-spacing-left-large:5.76%;--awb-width-medium:33.333333333333%;--awb-spacing-right-medium:5.76%;--awb-spacing-left-medium:5.76%;--awb-width-small:100%;--awb-spacing-right-small:1.92%;--awb-spacing-left-small:1.92%;\"><div class=\"fusion-column-wrapper fusion-flex-justify-content-flex-start fusion-content-layout-column\"><div class=\"fusion-image-element \" style=\"text-align:center;--awb-caption-title-font-family:var(--h2_typography-font-family);--awb-caption-title-font-weight:var(--h2_typography-font-weight);--awb-caption-title-font-style:var(--h2_typography-font-style);--awb-caption-title-size:var(--h2_typography-font-size);--awb-caption-title-transform:var(--h2_typography-text-transform);--awb-caption-title-line-height:var(--h2_typography-line-height);--awb-caption-title-letter-spacing:var(--h2_typography-letter-spacing);\"><span class=\" fusion-imageframe imageframe-none imageframe-2 hover-type-zoomin fusion-animated\" data-animationType=\"fadeInDown\" data-animationDuration=\"1\" data-animationOffset=\"top-into-view\"><img decoding=\"async\" width=\"300\" height=\"201\" title=\"EU_zaszlo_CMYK\" src=\"https:\/\/savaria2020.eu\/word\/wp-content\/uploads\/2015\/02\/EU_zaszlo_CMYK-300x201.jpg\" alt class=\"img-responsive wp-image-711\" srcset=\"https:\/\/savaria2020.eu\/word\/wp-content\/uploads\/2015\/02\/EU_zaszlo_CMYK-300x201.jpg 300w, https:\/\/savaria2020.eu\/word\/wp-content\/uploads\/2015\/02\/EU_zaszlo_CMYK-768x514.jpg 768w, https:\/\/savaria2020.eu\/word\/wp-content\/uploads\/2015\/02\/EU_zaszlo_CMYK-1024x685.jpg 1024w\" sizes=\"(max-width: 300px) 100vw, 300px\" \/><\/span><\/div><div class=\"fusion-separator fusion-full-width-sep\" style=\"align-self: flex-start;margin-right:auto;margin-top:10px;margin-bottom:20px;width:100%;\"><div class=\"fusion-separator-border sep-shadow\" style=\"--awb-height:20px;--awb-amount:20px;--awb-sep-color:#898989;background:radial-gradient(ellipse at 50% -50% , #898989 0px, rgba(255, 255, 255, 0) 80%) repeat scroll 0 0 rgba(0, 0, 0, 0);background:-webkit-radial-gradient(ellipse at 50% -50% , #898989 0px, rgba(255, 255, 255, 0) 80%) repeat scroll 0 0 rgba(0, 0, 0, 0);background:-moz-radial-gradient(ellipse at 50% -50% , #898989 0px, rgba(255, 255, 255, 0) 80%) repeat scroll 0 0 rgba(0, 0, 0, 0);background:-o-radial-gradient(ellipse at 50% -50% , #898989 0px, rgba(255, 255, 255, 0) 80%) repeat scroll 0 0 rgba(0, 0, 0, 0);\"><\/div><\/div><div class=\"fusion-text fusion-text-4\"><p style=\"font-size: small;\">A T\u00e1rsas\u00e1g munkat\u00e1rsai t\u00f6bb \u00e9ves szakmai tapasztalattal rendelkeznek eur\u00f3pai uni\u00f3s forr\u00e1sb\u00f3l megval\u00f3sul\u00f3 projektek el\u0151k\u00e9sz\u00edt\u00e9s\u00e9vel \u00e9s megval\u00f3s\u00edt\u00e1s\u00e1val. Szombathely Megyei Jog\u00fa V\u00e1ros \u00d6nkorm\u00e1nyzata az elm\u00falt \u00e9vekben megval\u00f3sult projektek eredm\u00e9nyeinek \u00e9s a megval\u00f3s\u00edt\u00e1s sor\u00e1n szerzett tapasztalatoknak k\u00f6sz\u00f6nhet\u0151en b\u00edzta meg a Savaria V\u00e1rosfejleszt\u00e9si Nonprofit Kft-t a v\u00e1rosfejleszt\u00e9si \u00e9s v\u00e1rosrehabilit\u00e1ci\u00f3s feladatokra.<\/p>\n<\/div><\/div><\/div><\/div><\/div><div class=\"fusion-fullwidth fullwidth-box fusion-builder-row-3 fusion-flex-container nonhundred-percent-fullwidth non-hundred-percent-height-scrolling\" style=\"--awb-background-position:left top;--awb-border-sizes-top:0px;--awb-border-sizes-bottom:0px;--awb-border-sizes-left:0px;--awb-border-sizes-right:0px;--awb-border-radius-top-left:0px;--awb-border-radius-top-right:0px;--awb-border-radius-bottom-right:0px;--awb-border-radius-bottom-left:0px;--awb-padding-bottom:10px;--awb-flex-wrap:wrap;\" ><div class=\"fusion-builder-row fusion-row fusion-flex-align-items-flex-start fusion-flex-content-wrap\" style=\"max-width:1248px;margin-left: calc(-4% \/ 2 );margin-right: calc(-4% \/ 2 );\"><div class=\"fusion-layout-column fusion_builder_column fusion-builder-column-4 fusion_builder_column_1_3 1_3 fusion-flex-column\" style=\"--awb-bg-position:right center;--awb-bg-size:cover;--awb-border-color:#e0dede;--awb-border-right:3px;--awb-border-style:solid;--awb-width-large:33.333333333333%;--awb-margin-top-large:0px;--awb-spacing-right-large:3.84%;--awb-margin-bottom-large:0px;--awb-spacing-left-large:5.76%;--awb-width-medium:33.333333333333%;--awb-spacing-right-medium:3.84%;--awb-spacing-left-medium:5.76%;--awb-width-small:100%;--awb-spacing-right-small:1.92%;--awb-spacing-left-small:1.92%;\"><div class=\"fusion-column-wrapper fusion-flex-justify-content-flex-start fusion-content-layout-column\"><div class=\"fusion-text fusion-text-5\"><h2>&nbsp;PROJEKTEK<\/h2>\n<\/div><\/div><\/div><div class=\"fusion-layout-column fusion_builder_column fusion-builder-column-5 fusion_builder_column_2_3 2_3 fusion-flex-column\" style=\"--awb-bg-size:cover;--awb-width-large:66.666666666667%;--awb-margin-top-large:0px;--awb-spacing-right-large:2.88%;--awb-margin-bottom-large:100px;--awb-spacing-left-large:3.84%;--awb-width-medium:66.666666666667%;--awb-spacing-right-medium:2.88%;--awb-spacing-left-medium:3.84%;--awb-width-small:100%;--awb-spacing-right-small:1.92%;--awb-spacing-left-small:1.92%;\"><div class=\"fusion-column-wrapper fusion-flex-justify-content-flex-start fusion-content-layout-column\"><div class=\"fusion-text fusion-text-6\"><h3><em>A Savaria V\u00e1rosfejleszt\u00e9si Nonprofit Kft \u00e1ltal el\u0151k\u00e9sz\u00edtett, megval\u00f3s\u00edtott, illetve megval\u00f3s\u00edt\u00e1s alatt l\u00e9v\u0151 fejleszt\u00e9sek:<br \/>\n<\/em><\/h3>\n<\/div><\/div><\/div><div class=\"fusion-layout-column fusion_builder_column fusion-builder-column-6 fusion_builder_column_1_6 1_6 fusion-flex-column\" style=\"--awb-bg-size:cover;--awb-width-large:16.666666666667%;--awb-margin-top-large:0px;--awb-spacing-right-large:11.52%;--awb-margin-bottom-large:20px;--awb-spacing-left-large:11.52%;--awb-width-medium:16.666666666667%;--awb-spacing-right-medium:11.52%;--awb-spacing-left-medium:11.52%;--awb-width-small:100%;--awb-spacing-right-small:1.92%;--awb-spacing-left-small:1.92%;\"><div class=\"fusion-column-wrapper fusion-flex-justify-content-flex-start fusion-content-layout-column\"><\/div><\/div><\/div><\/div><\/p>\n","protected":false},"excerpt":{"rendered":"","protected":false},"author":1,"featured_media":0,"parent":0,"menu_order":0,"comment_status":"closed","ping_status":"closed","template":"100-width.php","meta":{"ngg_post_thumbnail":0,"footnotes":""},"class_list":["post-661","page","type-page","status-publish","hentry"],"_links":{"self":[{"href":"https:\/\/savaria2020.eu\/word\/wp-json\/wp\/v2\/pages\/661","targetHints":{"allow":["GET"]}}],"collection":[{"href":"https:\/\/savaria2020.eu\/word\/wp-json\/wp\/v2\/pages"}],"about":[{"href":"https:\/\/savaria2020.eu\/word\/wp-json\/wp\/v2\/types\/page"}],"author":[{"embeddable":true,"href":"https:\/\/savaria2020.eu\/word\/wp-json\/wp\/v2\/users\/1"}],"replies":[{"embeddable":true,"href":"https:\/\/savaria2020.eu\/word\/wp-json\/wp\/v2\/comments?post=661"}],"version-history":[{"count":94,"href":"https:\/\/savaria2020.eu\/word\/wp-json\/wp\/v2\/pages\/661\/revisions"}],"predecessor-version":[{"id":1965,"href":"https:\/\/savaria2020.eu\/word\/wp-json\/wp\/v2\/pages\/661\/revisions\/1965"}],"wp:attachment":[{"href":"https:\/\/savaria2020.eu\/word\/wp-json\/wp\/v2\/media?parent=661"}],"curies":[{"name":"wp","href":"https:\/\/api.w.org\/{rel}","templated":true}]}}