{"id":555,"date":"2015-06-30T20:11:12","date_gmt":"2015-06-30T20:11:12","guid":{"rendered":"http:\/\/theme-fusion.com\/avada\/architecture-xml\/?page_id=555"},"modified":"2021-07-02T10:38:56","modified_gmt":"2021-07-02T10:38:56","slug":"muszaki-ellenorzes","status":"publish","type":"page","link":"https:\/\/savaria2020.eu\/word\/muszaki-ellenorzes\/","title":{"rendered":"M\u0171szaki ellen\u0151rz\u00e9s"},"content":{"rendered":"<p><div class=\"fusion-fullwidth fullwidth-box fusion-builder-row-1 fusion-flex-container nonhundred-percent-fullwidth non-hundred-percent-height-scrolling\" style=\"--awb-background-position:left top;--awb-border-radius-top-left:0px;--awb-border-radius-top-right:0px;--awb-border-radius-bottom-right:0px;--awb-border-radius-bottom-left:0px;--awb-padding-top:130px;--awb-padding-right:30px;--awb-padding-bottom:130px;--awb-padding-left:30px;--awb-border-sizes-top:0px;--awb-border-sizes-bottom:0px;--awb-flex-wrap:wrap;\" ><div class=\"fusion-builder-row fusion-row fusion-flex-align-items-flex-start fusion-flex-content-wrap\" style=\"max-width:1248px;margin-left: calc(-4% \/ 2 );margin-right: calc(-4% \/ 2 );\"><div class=\"fusion-layout-column fusion_builder_column fusion-builder-column-0 fusion_builder_column_2_3 2_3 fusion-flex-column\" style=\"--awb-bg-size:cover;--awb-width-large:66.666666666667%;--awb-margin-top-large:0px;--awb-spacing-right-large:3.84%;--awb-margin-bottom-large:20px;--awb-spacing-left-large:2.88%;--awb-width-medium:66.666666666667%;--awb-spacing-right-medium:3.84%;--awb-spacing-left-medium:2.88%;--awb-width-small:100%;--awb-spacing-right-small:1.92%;--awb-spacing-left-small:1.92%;\"><div class=\"fusion-column-wrapper fusion-flex-justify-content-flex-start fusion-content-layout-column\"><div class=\"fusion-text fusion-text-1\"><h2>M\u0171szaki ellen\u0151rz\u00e9s referencia<\/h2>\n<\/div><div class=\"fusion-separator\" style=\"align-self: flex-start;margin-right:auto;margin-top:0px;margin-bottom:35px;width:100%;max-width:170px;\"><div class=\"fusion-separator-border sep-single sep-solid\" style=\"--awb-height:20px;--awb-amount:20px;--awb-sep-color:#e2e3e8;border-color:#e2e3e8;border-top-width:3px;\"><\/div><\/div><div class=\"fusion-text fusion-text-2\"><ul>\n<li class=\"p1\"><span class=\"s1\">\u201e\u00daj V\u00e1rosliget \u00e9p\u00edt\u00e9se Szombathelyen\u201d c\u00edm\u0171 projekthez kapcsol\u00f3d\u00f3 kivitelez\u00e9si munk\u00e1k m\u0171szaki ellen\u0151rz\u00e9se<\/span><\/li>\n<li class=\"p1\"><span class=\"s1\">\u201eSzombathelyi Agora M\u0171vel\u0151d\u00e9si \u00e9s Sporth\u00e1z ter\u00fcleti multifunkcion\u00e1lis k\u00f6z\u00f6ss\u00e9gi k\u00f6zm\u0171vel\u0151d\u00e9si k\u00f6zpontt\u00e1 t\u00f6rt\u00e9n\u0151 fejleszt\u00e9se, \u00e1talak\u00edt\u00e1sa\u201d projekthez kapcsol\u00f3d\u00f3 m\u0171szaki elen\u0151rz\u00e9s<\/span><\/li>\n<li class=\"p1\"><span class=\"s1\">Szombathely, Sz\u00e9ll K\u00e1lm\u00e1n u. 51. t\u00f6mbbels\u0151 fel\u00faj\u00edt\u00e1s kivitelez\u00e9si munk\u00e1inak m\u0171szaki ellen\u0151rz\u00e9se<\/span><\/li>\n<li class=\"p1\"><span class=\"s1\">Szombathely, K\u00e1mon-Her\u00e9ny v\u00e1rosr\u00e9sz csapad\u00e9kv\u00edz elvezet\u00e9s I. \u00fctem kivitelez\u00e9si munk\u00e1k m\u0171szaki ellen\u0151rz\u00e9se<\/span><\/li>\n<li class=\"p1\"><span class=\"s1\">Szombathely, Teleki B. u. \u2013 Stromfeld u. \u2013 11-es Husz\u00e1r \u00fat \u00e1ltal k\u00f6r\u00fclhat\u00e1rolt ter\u00fclet csapad\u00e9kv\u00edz elvezet\u00e9s kivitelez\u00e9si munk\u00e1inak m\u0171szaki ellen\u0151rz\u00e9se<\/span><\/li>\n<li class=\"p1\"><span class=\"s1\">Szombathely, 2014. \u00e9vi \u00fatfel\u00faj\u00edt\u00e1si programj\u00e1hoz kapcsol\u00f3d\u00f3 kivitelez\u00e9si munk\u00e1k m\u0171szaki ellen\u0151rz\u00e9se (11-es Husz\u00e1r \u00fat 182-184. sz. el\u0151tti busz\u00f6b\u00f6l, 11-es Husz\u00e1r u. K-i oldal: betonlapos j\u00e1rda, csapad\u00e9kv\u00edz elvezet\u00e9s, Ar\u00e9na u. fel\u00faj\u00edt\u00e1s, Mikes K. u. 3. parkol\u00f3 \u00e9s csapad\u00e9kv\u00edz elvezet\u00e9s, Sa\u00e1ghy Istv\u00e1n u. r\u00e9szleges fel\u00faj\u00edt\u00e1sa, Szent Istv\u00e1n kir\u00e1ly u.<span class=\"Apple-converted-space\">\u00a0 <\/span>j\u00e1rda\u00e9p\u00edt\u00e9s, V\u00e9pi u. \u00faj k\u00f6zvil\u00e1g\u00edt\u00e1s, Bem J. u. 9-19. j\u00e1rdafel\u00faj\u00edt\u00e1sa, Zeneiskola m\u00f6g\u00f6tti parkol\u00f3 \u00e9p\u00edt\u00e9se, Th\u00f6k\u00f6ly u. 13-15. burkolat fel\u00faj\u00edt\u00e1s, G\u00e1bor \u00c1. u.<span class=\"Apple-converted-space\">\u00a0 <\/span>j\u00e1rdafel\u00faj\u00edt\u00e1s, De\u00e1k F. u. j\u00e1rdafel\u00faj\u00edt\u00e1s, Vak B. u. k\u00f6z\u00fati h\u00edd fel\u00faj\u00edt\u00e1sa)<\/span><\/li>\n<li class=\"p1\"><span class=\"s1\">Szombathely, Badacsony u. \u2013 F\u00e1tra u.<span class=\"Apple-converted-space\">\u00a0 <\/span>v\u00edzvezet\u00e9k rekonstrukci\u00f3 ut\u00e1ni k\u00f6zter\u00fclet helyre\u00e1ll\u00edt\u00e1si kivitelez\u00e9si munk\u00e1k m\u0171szaki ellen\u0151rz\u00e9se<\/span><\/li>\n<li class=\"p1\"><span class=\"s1\">Szombathely, Ernuszt K. u. 1. sz. alatti kast\u00e9ly r\u00e9szleges homlokzati fel\u00faj\u00edt\u00e1si munka m\u0171szaki ellen\u0151rz\u00e9se<\/span><\/li>\n<li class=\"p1\"><span class=\"s1\">Szombathely, Gy\u0151zelem u. 16a. sz. alatti J\u00e1t\u00e9ksziget \u00d3voda \u00e1talak\u00edt\u00e1si \u00e9s b\u0151v\u00edt\u00e9si \u00e9p\u00edt\u00e9si kiviteli munk\u00e1inak m\u0171szaki ellen\u0151rz\u00e9se<\/span><\/li>\n<li class=\"p1\"><span class=\"s1\">Szombathely, Kisfaludy S. u. 4. t\u00f6mbbels\u0151 \u00fat-parkol\u00f3 \u00e9p\u00edt\u00e9s\u00e9nek m\u0171szaki ellen\u0151rz\u00e9se<\/span><\/li>\n<\/ul>\n<\/div><\/div><\/div><div class=\"fusion-layout-column fusion_builder_column fusion-builder-column-1 fusion_builder_column_1_3 1_3 fusion-flex-column\" style=\"--awb-bg-size:cover;--awb-width-large:33.333333333333%;--awb-margin-top-large:0px;--awb-spacing-right-large:5.76%;--awb-margin-bottom-large:20px;--awb-spacing-left-large:3.8399999999999%;--awb-width-medium:33.333333333333%;--awb-spacing-right-medium:5.76%;--awb-spacing-left-medium:3.8399999999999%;--awb-width-small:100%;--awb-spacing-right-small:1.92%;--awb-spacing-left-small:1.92%;\"><div class=\"fusion-column-wrapper fusion-flex-justify-content-flex-start fusion-content-layout-column\"><\/div><\/div><\/div><\/div><div class=\"fusion-fullwidth fullwidth-box fusion-builder-row-2 fusion-flex-container nonhundred-percent-fullwidth non-hundred-percent-height-scrolling\" style=\"--awb-background-position:left top;--awb-border-radius-top-left:0px;--awb-border-radius-top-right:0px;--awb-border-radius-bottom-right:0px;--awb-border-radius-bottom-left:0px;--awb-padding-right:30px;--awb-padding-left:30px;--awb-border-sizes-top:0px;--awb-border-sizes-bottom:0px;--awb-flex-wrap:wrap;\" ><div class=\"fusion-builder-row fusion-row fusion-flex-align-items-flex-start fusion-flex-content-wrap\" style=\"max-width:1248px;margin-left: calc(-4% \/ 2 );margin-right: calc(-4% \/ 2 );\"><div class=\"fusion-layout-column fusion_builder_column fusion-builder-column-2 fusion_builder_column_2_3 2_3 fusion-flex-column\" style=\"--awb-bg-size:cover;--awb-width-large:66.666666666667%;--awb-margin-top-large:0px;--awb-spacing-right-large:3.84%;--awb-margin-bottom-large:20px;--awb-spacing-left-large:2.88%;--awb-width-medium:66.666666666667%;--awb-spacing-right-medium:3.84%;--awb-spacing-left-medium:2.88%;--awb-width-small:100%;--awb-spacing-right-small:1.92%;--awb-spacing-left-small:1.92%;\"><div class=\"fusion-column-wrapper fusion-flex-justify-content-flex-start fusion-content-layout-column\"><div class=\"fusion-text fusion-text-3\"><h2>Egy\u00e9b referencia<\/h2>\n<\/div><div class=\"fusion-separator\" style=\"align-self: flex-start;margin-right:auto;margin-top:0px;margin-bottom:35px;width:100%;max-width:170px;\"><div class=\"fusion-separator-border sep-single sep-solid\" style=\"--awb-height:20px;--awb-amount:20px;--awb-sep-color:#e2e3e8;border-color:#e2e3e8;border-top-width:3px;\"><\/div><\/div><div class=\"fusion-text fusion-text-4\"><p class=\"p1\"><span class=\"s1\">Tanulm\u00e1nyok<\/span><\/p>\n<ul>\n<li class=\"p1\"><span class=\"s1\">\u00daj eg\u00e9szs\u00e9g\u00fcgyi k\u00f6zpont kialak\u00edt\u00e1sa \u2013 megval\u00f3s\u00edthat\u00f3s\u00e1gi tanulm\u00e1ny <\/span><\/li>\n<li class=\"p1\"><span class=\"s1\">Integr\u00e1lt V\u00e1rosfejleszt\u00e9si Strat\u00e9gia III. akci\u00f3ter\u00fcleti terv <\/span><\/li>\n<li class=\"p1\"><span class=\"s1\">Integr\u00e1lt Ter\u00fcletfejleszt\u00e9si Strat\u00e9gi\u00e1t megalapoz\u00f3 operat\u00edv fejleszt\u00e9si terv <\/span><\/li>\n<\/ul>\n<p class=\"p1\"><span class=\"s1\">Tervez\u00e9s \/ Tervez\u0151i m\u0171vezet\u00e9s<\/span><\/p>\n<ul>\n<li class=\"p1\"><span class=\"s1\">Ill\u00e9s Akad\u00e9mia \u00e9p\u00fclet b\u0151v\u00edt\u00e9se, fel\u00faj\u00edt\u00e1sa (9700 Szombathely, Ernuszt K. u. 1.) enged\u00e9lyez\u00e9si tervdokument\u00e1ci\u00f3 \u00e9s \u00e9p\u00edt\u00e9si kiviteli tervdokument\u00e1ci\u00f3 k\u00e9sz\u00edt\u00e9se<\/span><\/li>\n<li class=\"p1\"><span class=\"s1\">IVS III. projekthez kapcsol\u00f3d\u00f3 tervez\u0151i feladatok ell\u00e1t\u00e1sa, tervez\u0151i m\u0171vezet\u00e9s (Mesev\u00e1r \u00d3voda, Eml\u00e9km\u0171 alatti parkol\u00f3, Cs\u00f3nak\u00e1z\u00f3 t\u00f3 \u00e9s k\u00f6rny\u00e9ke, \u00daj gyalogh\u00edd)<\/span><\/li>\n<li class=\"p1\"><span class=\"s1\">Cs\u00f3nakkik\u00f6t\u0151 \u00e9s fedet rendezv\u00e9nyhelysz\u00edn \u00e9p\u00edt\u00e9si enged\u00e9lyez\u00e9si \u00e9s kiviteli terv k\u00e9sz\u00edt\u00e9se<\/span><\/li>\n<\/ul>\n<\/div><\/div><\/div><div class=\"fusion-layout-column fusion_builder_column fusion-builder-column-3 fusion_builder_column_1_3 1_3 fusion-flex-column\" style=\"--awb-bg-size:cover;--awb-width-large:33.333333333333%;--awb-margin-top-large:0px;--awb-spacing-right-large:5.76%;--awb-margin-bottom-large:20px;--awb-spacing-left-large:3.8399999999999%;--awb-width-medium:33.333333333333%;--awb-spacing-right-medium:5.76%;--awb-spacing-left-medium:3.8399999999999%;--awb-width-small:100%;--awb-spacing-right-small:1.92%;--awb-spacing-left-small:1.92%;\"><div class=\"fusion-column-wrapper fusion-flex-justify-content-flex-start fusion-content-layout-column\"><\/div><\/div><\/div><\/div><\/p>\n","protected":false},"excerpt":{"rendered":"","protected":false},"author":1,"featured_media":0,"parent":0,"menu_order":0,"comment_status":"closed","ping_status":"closed","template":"100-width.php","meta":{"ngg_post_thumbnail":0,"footnotes":""},"class_list":["post-555","page","type-page","status-publish","hentry"],"_links":{"self":[{"href":"https:\/\/savaria2020.eu\/word\/wp-json\/wp\/v2\/pages\/555","targetHints":{"allow":["GET"]}}],"collection":[{"href":"https:\/\/savaria2020.eu\/word\/wp-json\/wp\/v2\/pages"}],"about":[{"href":"https:\/\/savaria2020.eu\/word\/wp-json\/wp\/v2\/types\/page"}],"author":[{"embeddable":true,"href":"https:\/\/savaria2020.eu\/word\/wp-json\/wp\/v2\/users\/1"}],"replies":[{"embeddable":true,"href":"https:\/\/savaria2020.eu\/word\/wp-json\/wp\/v2\/comments?post=555"}],"version-history":[{"count":7,"href":"https:\/\/savaria2020.eu\/word\/wp-json\/wp\/v2\/pages\/555\/revisions"}],"predecessor-version":[{"id":1616,"href":"https:\/\/savaria2020.eu\/word\/wp-json\/wp\/v2\/pages\/555\/revisions\/1616"}],"wp:attachment":[{"href":"https:\/\/savaria2020.eu\/word\/wp-json\/wp\/v2\/media?parent=555"}],"curies":[{"name":"wp","href":"https:\/\/api.w.org\/{rel}","templated":true}]}}