{"id":2006,"date":"2025-11-03T14:49:51","date_gmt":"2025-11-03T14:49:51","guid":{"rendered":"https:\/\/savaria2020.eu\/word\/?page_id=2006"},"modified":"2025-11-03T14:50:09","modified_gmt":"2025-11-03T14:50:09","slug":"2006-2","status":"publish","type":"page","link":"https:\/\/savaria2020.eu\/word\/2006-2\/","title":{"rendered":"TOP_PLUSZ-1.3.2-23-SH1-2025-00006 &#8211; Belter\u00fcleti \u00fatfel\u00faj\u00edt\u00e1sok"},"content":{"rendered":"<p><img decoding=\"async\" class=\"alignnone wp-image-1729\" src=\"https:\/\/savaria2020.eu\/word\/wp-content\/uploads\/2025\/06\/kedvezmenyezetti_infoblokk_fekvo_magyar_rgb_page-0001-e1756712949571.jpg\" alt=\"\" width=\"780\" height=\"223\"><\/p>\n<p><strong>Projekt azonos\u00edt\u00f3 sz\u00e1ma: TOP_PLUSZ-1.3.2-23-SH1-2025-00006<br \/>\n<\/strong><strong>Projekt c\u00edme: Belter\u00fcleti \u00fatfel\u00faj\u00edt\u00e1sok <\/strong><\/p>\n<p><strong><u>A projekt c\u00e9lja \u00e9s r\u00f6vid \u00f6sszefoglal\u00e1sa:&nbsp;<\/u><\/strong><\/p>\n<p>Szombathely Megyei Jog\u00fa V\u00e1ros \u00d6nkorm\u00e1nyzata, a Ter\u00fclet- \u00e9s Telep\u00fcl\u00e9sfejleszt\u00e9si Operat\u00edv Program Plusz (TOP PLUSZ) keret\u00e9ben a TOP PLUSZ 1.3.2 jel\u0171, \u201eFenntarthat\u00f3 v\u00e1rosfejleszt\u00e9s\u201d c. p\u00e1ly\u00e1zati felh\u00edv\u00e1sra, TOP_PLUSZ-1.3.2-23-SH1-2025-00006 azonos\u00edt\u00f3sz\u00e1mmal \u201eBelter\u00fcleti \u00fatfel\u00faj\u00edt\u00e1sok\u201d c\u00edmmel p\u00e1ly\u00e1zatot ny\u00fajtott be, amely alapj\u00e1n 593 260 573<strong>, &#8211; <\/strong>forint \u00f6sszeg\u0171&nbsp;vissza nem t\u00e9r\u00edtend\u0151 eur\u00f3pai uni\u00f3s t\u00e1mogat\u00e1sban r\u00e9szes\u00fclt. A projekt a Sz\u00e9chenyi Terv Plusz program keret\u00e9ben, az Eur\u00f3pai Uni\u00f3 t\u00e1mogat\u00e1s\u00e1val, a magyar \u00e1llam t\u00e1rsfinansz\u00edroz\u00e1s\u00e1val val\u00f3sul meg.<\/p>\n<p>A \u201eBelter\u00fcleti \u00fatfel\u00faj\u00edt\u00e1sok\u201d c\u00edm\u0171 projekt legf\u0151bb c\u00e9lja a Nyugati v\u00e1rosr\u00e9sz fejleszt\u00e9se \u2013 a lakoss\u00e1g j\u00f3l\u00e9t\u00e9nek, el\u00e9gedetts\u00e9g\u00e9nek n\u00f6vel\u00e9s\u00e9n t\u00fal \u2013 az \u00e9lhet\u0151 v\u00e1rosi k\u00f6rnyezet \u00e9s a forgalomvonz\u00f3 l\u00e9tes\u00edtm\u00e9nyek jobb megk\u00f6zel\u00edthet\u0151s\u00e9g\u00e9nek biztos\u00edt\u00e1sa. A projekt keret\u00e9ben megval\u00f3sul\u00f3 fejleszt\u00e9sek jav\u00edtj\u00e1k a telep\u00fcl\u00e9s \u00e1ltal\u00e1nos k\u00f6rnyezeti \u00e1llapot\u00e1t, ezzel hozz\u00e1j\u00e1rulva a fenntarthat\u00f3 fejl\u0151d\u00e9s helyi felt\u00e9teleinek biztos\u00edt\u00e1s\u00e1hoz, a lakoss\u00e1g helyben marad\u00e1s\u00e1hoz. Tov\u00e1bbi c\u00e9l a gazdas\u00e1g \u00e9s a j\u00f3l\u00e9t mobilit\u00e1si felt\u00e9teleinek biztos\u00edt\u00e1sa, a fenntarthat\u00f3 k\u00f6zleked\u00e9si m\u00f3dok fejleszt\u00e9se.<\/p>\n<p><u>Jelen projekt keret\u00e9ben az al\u00e1bbi belter\u00fcleti utak fel\u00faj\u00edt\u00e1sa val\u00f3sul meg<\/u><u>: <\/u><\/p>\n<ul>\n<li>K\u00e1rp\u00e1ti Kelemen utca forgalomcsillap\u00edt\u00e1sa, hi\u00e1nyz\u00f3 j\u00e1rdaszakasz \u00e9p\u00edt\u00e9se<\/li>\n<li>M\u00e1rton \u00c1ron utca fel\u00faj\u00edt\u00e1sa<\/li>\n<li>Wimmer \u00c1goston utcai buszfordul\u00f3 kialak\u00edt\u00e1sa<\/li>\n<li>Simon Istv\u00e1n utca fel\u00faj\u00edt\u00e1sa<\/li>\n<li>Gagarin \u00fat fel\u00faj\u00edt\u00e1sa<\/li>\n<\/ul>\n<p><u>&nbsp;<\/u><u>Fejleszt\u00e9ssel \u00e9rintett \u00fatszakaszok hossza \u00f6sszesen<\/u> 1,07 km<\/p>\n<p><strong>Kedvezm\u00e9nyezett (Konzorciumvezet\u0151): Szombathely Megyei Jog\u00fa V\u00e1ros \u00d6nkorm\u00e1nyzata<\/strong><\/p>\n<p><strong>Konzorciumi tagok: <\/strong><\/p>\n<ul>\n<li><strong>Savaria V\u00e1rosfejleszt\u00e9si Nonprofit Kft.<\/strong><\/li>\n<li><strong>\u00c9p\u00edt\u00e9si \u00e9s K\u00f6zleked\u00e9si Miniszt\u00e9rium <\/strong><\/li>\n<li><strong>Magyar K\u00f6z\u00fat Nonprofit Zrt. <\/strong><\/li>\n<\/ul>\n<p><strong>Meg\u00edt\u00e9lt t\u00e1mogat\u00e1s: 593 260 573,- Ft<br \/>\n<\/strong><strong>T\u00e1mogat\u00e1s m\u00e9rt\u00e9ke: 100%<br \/>\n<\/strong><strong>Megval\u00f3s\u00edt\u00e1si id\u0151szak: 2025.07.01. &#8211; 2028.12.31.<\/strong><\/p>\n","protected":false},"excerpt":{"rendered":"<p>Projekt azonos\u00edt\u00f3 sz\u00e1ma: TOP_PLUSZ-1.3.2-23-SH1-2025-00006 Projekt c\u00edme: Belter\u00fcleti \u00fatfel\u00faj\u00edt\u00e1sok A projekt  [&#8230;]<\/p>\n","protected":false},"author":2,"featured_media":0,"parent":0,"menu_order":0,"comment_status":"closed","ping_status":"closed","template":"","meta":{"ngg_post_thumbnail":0,"footnotes":""},"class_list":["post-2006","page","type-page","status-publish","hentry"],"_links":{"self":[{"href":"https:\/\/savaria2020.eu\/word\/wp-json\/wp\/v2\/pages\/2006","targetHints":{"allow":["GET"]}}],"collection":[{"href":"https:\/\/savaria2020.eu\/word\/wp-json\/wp\/v2\/pages"}],"about":[{"href":"https:\/\/savaria2020.eu\/word\/wp-json\/wp\/v2\/types\/page"}],"author":[{"embeddable":true,"href":"https:\/\/savaria2020.eu\/word\/wp-json\/wp\/v2\/users\/2"}],"replies":[{"embeddable":true,"href":"https:\/\/savaria2020.eu\/word\/wp-json\/wp\/v2\/comments?post=2006"}],"version-history":[{"count":2,"href":"https:\/\/savaria2020.eu\/word\/wp-json\/wp\/v2\/pages\/2006\/revisions"}],"predecessor-version":[{"id":2011,"href":"https:\/\/savaria2020.eu\/word\/wp-json\/wp\/v2\/pages\/2006\/revisions\/2011"}],"wp:attachment":[{"href":"https:\/\/savaria2020.eu\/word\/wp-json\/wp\/v2\/media?parent=2006"}],"curies":[{"name":"wp","href":"https:\/\/api.w.org\/{rel}","templated":true}]}}