{"id":2000,"date":"2025-10-31T08:28:15","date_gmt":"2025-10-31T08:28:15","guid":{"rendered":"https:\/\/savaria2020.eu\/word\/?page_id=2000"},"modified":"2025-10-31T08:28:15","modified_gmt":"2025-10-31T08:28:15","slug":"top_plusz-1-3-2-23-sh1-2025-00005-kodaly-zoltan-utca-felujitasa-szombathelyen","status":"publish","type":"page","link":"https:\/\/savaria2020.eu\/word\/top_plusz-1-3-2-23-sh1-2025-00005-kodaly-zoltan-utca-felujitasa-szombathelyen\/","title":{"rendered":"TOP_PLUSZ-1.3.2-23-SH1-2025-00005 &#8211; Kod\u00e1ly Zolt\u00e1n utca fel\u00faj\u00edt\u00e1sa Szombathelyen"},"content":{"rendered":"<p><img decoding=\"async\" class=\"alignnone  wp-image-1729\" src=\"https:\/\/savaria2020.eu\/word\/wp-content\/uploads\/2025\/06\/kedvezmenyezetti_infoblokk_fekvo_magyar_rgb_page-0001-e1756712949571.jpg\" alt=\"\" width=\"491\" height=\"140\"><\/p>\n<p><strong>Projekt azonos\u00edt\u00f3 sz\u00e1ma: TOP_PLUSZ-1.3.2-23-SH1-2025-00005<\/strong><br \/>\n<strong>Projekt c\u00edme: Kod\u00e1ly Zolt\u00e1n utca fel\u00faj\u00edt\u00e1sa Szombathelyen<\/strong><\/p>\n<p><strong>A projekt c\u00e9lja \u00e9s r\u00f6vid \u00f6sszefoglal\u00e1sa:<\/strong><\/p>\n<p>Szombathely Megyei Jog\u00fa V\u00e1ros \u00d6nkorm\u00e1nyzata, a Ter\u00fclet- \u00e9s Telep\u00fcl\u00e9sfejleszt\u00e9si Operat\u00edv Program Plusz (TOP PLUSZ) keret\u00e9ben a TOP PLUSZ 1.3.2 jel\u0171, \u201eFenntarthat\u00f3 v\u00e1rosfejleszt\u00e9s\u201d c. p\u00e1ly\u00e1zati felh\u00edv\u00e1sra, TOP_PLUSZ-1.3.2-23-SH1-2025-00005 azonos\u00edt\u00f3sz\u00e1mmal \u201eKod\u00e1ly Zolt\u00e1n utca fel\u00faj\u00edt\u00e1sa Szombathelyen\u201d c\u00edmmel p\u00e1ly\u00e1zatot ny\u00fajtott be, amely alapj\u00e1n 675 809 625, &#8211; forint \u00f6sszeg\u0171 vissza nem t\u00e9r\u00edtend\u0151 eur\u00f3pai uni\u00f3s t\u00e1mogat\u00e1sban r\u00e9szes\u00fclt. A projekt a Sz\u00e9chenyi Terv Plusz program keret\u00e9ben, az Eur\u00f3pai Uni\u00f3 t\u00e1mogat\u00e1s\u00e1val, a magyar \u00e1llam t\u00e1rsfinansz\u00edroz\u00e1s\u00e1val val\u00f3sul meg.<\/p>\n<p>A \u201eKod\u00e1ly Zolt\u00e1n utca fel\u00faj\u00edt\u00e1sa Szombathelyen\u201d c. projekt legf\u0151bb c\u00e9lja a k\u00f6zleked\u00e9si infrastrukt\u00fara fejleszt\u00e9s\u00e9vel egy \u00e9lhet\u0151, az itt lak\u00f3k sz\u00e1m\u00e1ra egyre magasabb megel\u00e9gedetts\u00e9get biztos\u00edt\u00f3 lak\u00f3telepi k\u00f6rnyezet kialak\u00edt\u00e1sa az Oladi v\u00e1rosr\u00e9szen. Az \u00f6nkorm\u00e1nyzati tulajdon\u00fa Kod\u00e1ly Zolt\u00e1n utca \u00e9s a beruh\u00e1z\u00e1shoz kapcsol\u00f3d\u00f3 h\u00edd fel\u00faj\u00edt\u00e1s\u00e1val, k\u00f6zleked\u00e9sbiztons\u00e1gi c\u00e9l\u00fa fejleszt\u00e9s\u00e9vel javul a telep\u00fcl\u00e9sr\u00e9sz megk\u00f6zel\u00edthet\u0151s\u00e9ge, a gazdas\u00e1g \u00e9s j\u00f3l\u00e9t mobilit\u00e1si felt\u00e9teleinek biztos\u00edt\u00e1s\u00e1val magasabb szintre emelkedik a lak\u00f3telep \u00e1ltal\u00e1nos k\u00f6rnyezeti \u00e1llapota.<\/p>\n<p>Jelen projekt keret\u00e9ben az al\u00e1bbi fejleszt\u00e9s val\u00f3sul meg:<\/p>\n<p>&#8211; Kod\u00e1ly Zolt\u00e1n utca fel\u00faj\u00edt\u00e1sa a Simon Istv\u00e1n utca \u2013 V\u00e1ci Mih\u00e1ly utca k\u00f6z\u00f6tt, valamint a fel\u00faj\u00edt\u00e1ssal \u00e9rintett \u00fatszakaszon tal\u00e1lhat\u00f3 h\u00edd rekonstrukci\u00f3ja.<\/p>\n<p>A fejleszt\u00e9ssel \u00e9rintett \u00fatszakasz hossza \u00f6sszesen: 0,33 km<\/p>\n<p><strong>Kedvezm\u00e9nyezett (Konzorciumvezet\u0151): Szombathely Megyei Jog\u00fa V\u00e1ros \u00d6nkorm\u00e1nyzata<\/strong><\/p>\n<p><strong>Konzorciumi tagok:<\/strong><\/p>\n<p><strong>&#8211; Savaria V\u00e1rosfejleszt\u00e9si Nonprofit Kft.<\/strong><\/p>\n<p><strong>&#8211; \u00c9p\u00edt\u00e9si \u00e9s K\u00f6zleked\u00e9si Miniszt\u00e9rium<\/strong><\/p>\n<p><strong>&#8211; Magyar K\u00f6z\u00fat Nonprofit Zrt.<\/strong><\/p>\n<p><strong>Meg\u00edt\u00e9lt t\u00e1mogat\u00e1s: 675 809 625,- Ft<\/strong><\/p>\n<p><strong>T\u00e1mogat\u00e1s m\u00e9rt\u00e9ke: 100%<\/strong><\/p>\n<p><strong>Megval\u00f3s\u00edt\u00e1si id\u0151szak: 2025.07.01. &#8211; 2028.12.31.<\/strong><\/p>\n","protected":false},"excerpt":{"rendered":"<p>Projekt azonos\u00edt\u00f3 sz\u00e1ma: TOP_PLUSZ-1.3.2-23-SH1-2025-00005 Projekt c\u00edme: Kod\u00e1ly Zolt\u00e1n utca fel\u00faj\u00edt\u00e1sa  [&#8230;]<\/p>\n","protected":false},"author":2,"featured_media":0,"parent":0,"menu_order":0,"comment_status":"closed","ping_status":"closed","template":"","meta":{"ngg_post_thumbnail":0,"footnotes":""},"class_list":["post-2000","page","type-page","status-publish","hentry"],"_links":{"self":[{"href":"https:\/\/savaria2020.eu\/word\/wp-json\/wp\/v2\/pages\/2000","targetHints":{"allow":["GET"]}}],"collection":[{"href":"https:\/\/savaria2020.eu\/word\/wp-json\/wp\/v2\/pages"}],"about":[{"href":"https:\/\/savaria2020.eu\/word\/wp-json\/wp\/v2\/types\/page"}],"author":[{"embeddable":true,"href":"https:\/\/savaria2020.eu\/word\/wp-json\/wp\/v2\/users\/2"}],"replies":[{"embeddable":true,"href":"https:\/\/savaria2020.eu\/word\/wp-json\/wp\/v2\/comments?post=2000"}],"version-history":[{"count":1,"href":"https:\/\/savaria2020.eu\/word\/wp-json\/wp\/v2\/pages\/2000\/revisions"}],"predecessor-version":[{"id":2001,"href":"https:\/\/savaria2020.eu\/word\/wp-json\/wp\/v2\/pages\/2000\/revisions\/2001"}],"wp:attachment":[{"href":"https:\/\/savaria2020.eu\/word\/wp-json\/wp\/v2\/media?parent=2000"}],"curies":[{"name":"wp","href":"https:\/\/api.w.org\/{rel}","templated":true}]}}