{"id":1994,"date":"2025-10-13T11:16:42","date_gmt":"2025-10-13T11:16:42","guid":{"rendered":"https:\/\/savaria2020.eu\/word\/?page_id=1994"},"modified":"2025-10-13T11:16:42","modified_gmt":"2025-10-13T11:16:42","slug":"top_plusz-3-4-1-23-sh1-2024-00003-bolcsodek-fejlesztese-szombathelyen","status":"publish","type":"page","link":"https:\/\/savaria2020.eu\/word\/top_plusz-3-4-1-23-sh1-2024-00003-bolcsodek-fejlesztese-szombathelyen\/","title":{"rendered":"TOP_PLUSZ-3.4.1-23-SH1-2024-00003 &#8211; B\u00f6lcs\u0151d\u00e9k fejleszt\u00e9se Szombathelyen"},"content":{"rendered":"<p>&nbsp;<\/p>\n<p><img decoding=\"async\" class=\"alignnone  wp-image-1729\" src=\"https:\/\/savaria2020.eu\/word\/wp-content\/uploads\/2025\/06\/kedvezmenyezetti_infoblokk_fekvo_magyar_rgb_page-0001-e1756712949571.jpg\" alt=\"\" width=\"630\" height=\"180\"><\/p>\n<p><strong>Projekt azonos\u00edt\u00f3 sz\u00e1ma: TOP_PLUSZ-3.4.1-23-SH1-2024-00003<\/strong><\/p>\n<p><strong>Projekt c\u00edme: B\u00f6lcs\u0151d\u00e9k fejleszt\u00e9se Szombathelyen<\/strong><\/p>\n<p><strong><u>A projekt c\u00e9lja \u00e9s r\u00f6vid \u00f6sszefoglal\u00e1sa:&nbsp;<\/u><\/strong><\/p>\n<p>Szombathely Megyei Jog\u00fa V\u00e1ros \u00d6nkorm\u00e1nyzata, a Ter\u00fclet- \u00e9s Telep\u00fcl\u00e9sfejleszt\u00e9si Operat\u00edv Program Plusz (TOP PLUSZ) keret\u00e9ben a TOP PLUSZ 3.4.1. jel\u0171, \u201eFenntarthat\u00f3 hum\u00e1n infrastrukt\u00fara\u201d c. p\u00e1ly\u00e1zati felh\u00edv\u00e1sra, TOP_PLUSZ-3.4.1-23-SH1-2024-00003 azonos\u00edt\u00f3sz\u00e1mmal \u201eB\u00f6lcs\u0151d\u00e9k fejleszt\u00e9se Szombathelyen\u201d c\u00edmmel p\u00e1ly\u00e1zatot ny\u00fajtott be, amely alapj\u00e1n 237 milli\u00f3 forint \u00f6sszeg\u0171 vissza nem t\u00e9r\u00edtend\u0151 eur\u00f3pai uni\u00f3s t\u00e1mogat\u00e1sban r\u00e9szes\u00fclt. A projekt a Sz\u00e9chenyi Terv Plusz program keret\u00e9ben, az Eur\u00f3pai Uni\u00f3 t\u00e1mogat\u00e1s\u00e1val, a magyar \u00e1llam t\u00e1rsfinansz\u00edroz\u00e1s\u00e1val val\u00f3sul meg.<\/p>\n<p>A megval\u00f3sul\u00f3 infrastruktur\u00e1lis beruh\u00e1z\u00e1sok c\u00e9lja, hogy szolg\u00e1ltat\u00f3 csal\u00e1dbar\u00e1t int\u00e9zm\u00e9nyk\u00e9nt a gyermekell\u00e1t\u00e1s ter\u00fclet\u00e9n egy magasabb sz\u00ednvonal\u00fa ell\u00e1t\u00e1s legyen biztos\u00edthat\u00f3. A b\u00f6lcs\u0151d\u00e9k fejleszt\u00e9se sor\u00e1n els\u0151dleges szempont az elavult \u00e9p\u00fcletr\u00e9szek fel\u00faj\u00edt\u00e1sa, a funkcionalit\u00e1snak megfelel\u0151 kialak\u00edt\u00e1s, a m\u0171k\u00f6d\u00e9sbeli hi\u00e1nyok p\u00f3tl\u00e1sa, az elhaszn\u00e1l\u00f3dott udvari j\u00e1t\u00e9kok cser\u00e9je, a csoportszoba b\u00fatorok \u00e9s j\u00e1t\u00e9kok sz\u00fcks\u00e9g szerinti meg\u00faj\u00edt\u00e1sa. Minden int\u00e9zm\u00e9nyt \u00e9rint\u0151en az \u00e9p\u00fcletek akad\u00e1lymentes megk\u00f6zel\u00edt\u00e9s\u00e9nek biztos\u00edt\u00e1sa, energiatakar\u00e9kos m\u0171k\u00f6dtet\u00e9se szint\u00e9n kiemelt szempont. A tervezett beruh\u00e1z\u00e1sok nem utols\u00f3 sorban az ott dolgoz\u00f3k sz\u00e1m\u00e1ra is kedvez\u0151bb k\u00f6r\u00fclm\u00e9nyeket \u00e9s felt\u00e9teleket teremtenek a munkav\u00e9gz\u00e9shez. A fejleszt\u00e9st k\u00f6vet\u0151en meg\u00fajult b\u00f6lcs\u0151dei \u00e9p\u00fcletek \u00e9s szebb k\u00f6rnyezet v\u00e1rja majd a csal\u00e1dokat, melyek mind funkcion\u00e1lis elrendez\u00e9sben, mind t\u00e1rgyi eszk\u00f6z felszerelts\u00e9g\u00e9ben megfelelnek a min\u0151s\u00e9gi b\u00f6lcs\u0151dei ell\u00e1t\u00e1s k\u00f6vetelm\u00e9nyeinek. A gyermeknevel\u00e9st t\u00e1mogat\u00f3 hum\u00e1n infrastrukt\u00fara r\u00e9szek\u00e9nt megval\u00f3sul\u00f3 fejleszt\u00e9s eredm\u00e9nyek\u00e9nt olyan \u00e1tgondolt \u00e9p\u00edtett k\u00f6rnyezet \u00e9s t\u00e1rgyi eszk\u00f6zpark megteremt\u00e9se a c\u00e9l, mely a korszer\u0171 szeml\u00e9let\u0171 \u00e9s egy\u00e9nk\u00f6zpont\u00fa b\u00f6lcs\u0151dei ell\u00e1t\u00e1s felt\u00e9teleit biztos\u00edtja. A fejlesztett, 0-3 \u00e9ves gyermekek elhelyez\u00e9s\u00e9t biztos\u00edt\u00f3 f\u00e9r\u0151helyek sz\u00e1ma 474 db.<\/p>\n<p><strong><u>Jelen projekt keret\u00e9ben az al\u00e1bbi b\u00f6lcs\u0151d\u00e9k fejleszt\u00e9se val\u00f3sul meg:<\/u><\/strong><\/p>\n<ul>\n<li>Sz\u00e1zszorsz\u00e9p B\u00f6lcs\u0151de &#8211; 9700 Szombathely, V\u00e1ci M. u. 3.<\/li>\n<li>Bokr\u00e9ta B\u00f6lcs\u0151de \u2013 9700 Szombathely, Bar\u00e1ts\u00e1g u. 22.<\/li>\n<li>Kuck\u00f3 B\u00f6lcs\u0151de \u00e9s Bab\u00f3ca Minib\u00f6lcs\u0151de &#8211; 9700 Szombathely, Hadnagy u. 2\/B.<\/li>\n<li>Csicserg\u0151 B\u00f6lcs\u0151de \u2013 9700 Szombathely, Bem J. u. 9.<\/li>\n<li>Csodaorsz\u00e1g B\u00f6lcs\u0151de \u00e9s Man\u00f3cska Minib\u00f6lcs\u0151de &#8211; 9700 Szombathely, Sz\u0171rcsap\u00f3 u. 43\/A.<\/li>\n<li>Meseh\u00e1z B\u00f6lcs\u0151de &#8211; 9700 Szombathely, Fogaras u. 6.<\/li>\n<\/ul>\n<p><strong>Kedvezm\u00e9nyezett (Konzorciumvezet\u0151): Szombathely Megyei Jog\u00fa V\u00e1ros \u00d6nkorm\u00e1nyzata<br \/>\nKonzorciumi tag: Savaria V\u00e1rosfejleszt\u00e9si Nonprofit Kft.<br \/>\nMeg\u00edt\u00e9lt t\u00e1mogat\u00e1s: 237&nbsp;000 000,- Ft<br \/>\nT\u00e1mogat\u00e1s m\u00e9rt\u00e9ke: 100%<br \/>\nMegval\u00f3s\u00edt\u00e1si id\u0151szak: 2025.07.01. &#8211; 2027.12.31.<\/strong><\/p>\n","protected":false},"excerpt":{"rendered":"<p>&nbsp; Projekt azonos\u00edt\u00f3 sz\u00e1ma: TOP_PLUSZ-3.4.1-23-SH1-2024-00003 Projekt c\u00edme: B\u00f6lcs\u0151d\u00e9k fejleszt\u00e9se Szombathelyen  [&#8230;]<\/p>\n","protected":false},"author":2,"featured_media":0,"parent":0,"menu_order":0,"comment_status":"closed","ping_status":"closed","template":"","meta":{"ngg_post_thumbnail":0,"footnotes":""},"class_list":["post-1994","page","type-page","status-publish","hentry"],"_links":{"self":[{"href":"https:\/\/savaria2020.eu\/word\/wp-json\/wp\/v2\/pages\/1994","targetHints":{"allow":["GET"]}}],"collection":[{"href":"https:\/\/savaria2020.eu\/word\/wp-json\/wp\/v2\/pages"}],"about":[{"href":"https:\/\/savaria2020.eu\/word\/wp-json\/wp\/v2\/types\/page"}],"author":[{"embeddable":true,"href":"https:\/\/savaria2020.eu\/word\/wp-json\/wp\/v2\/users\/2"}],"replies":[{"embeddable":true,"href":"https:\/\/savaria2020.eu\/word\/wp-json\/wp\/v2\/comments?post=1994"}],"version-history":[{"count":1,"href":"https:\/\/savaria2020.eu\/word\/wp-json\/wp\/v2\/pages\/1994\/revisions"}],"predecessor-version":[{"id":1995,"href":"https:\/\/savaria2020.eu\/word\/wp-json\/wp\/v2\/pages\/1994\/revisions\/1995"}],"wp:attachment":[{"href":"https:\/\/savaria2020.eu\/word\/wp-json\/wp\/v2\/media?parent=1994"}],"curies":[{"name":"wp","href":"https:\/\/api.w.org\/{rel}","templated":true}]}}