{"id":1989,"date":"2025-09-29T09:49:45","date_gmt":"2025-09-29T09:49:45","guid":{"rendered":"https:\/\/savaria2020.eu\/word\/?page_id=1989"},"modified":"2025-09-29T10:02:34","modified_gmt":"2025-09-29T10:02:34","slug":"top_plusz-3-2-1-23-sh1-2025-00002-helyi-human-fejleszteseket-celzo-programok-megvalositasa","status":"publish","type":"page","link":"https:\/\/savaria2020.eu\/word\/top_plusz-3-2-1-23-sh1-2025-00002-helyi-human-fejleszteseket-celzo-programok-megvalositasa\/","title":{"rendered":"TOP_PLUSZ-3.2.1-23-SH1-2025-00002 &#8211; Helyi hum\u00e1n fejleszt\u00e9seket c\u00e9lz\u00f3 programok megval\u00f3s\u00edt\u00e1sa"},"content":{"rendered":"<p><img decoding=\"async\" class=\"alignnone wp-image-1729\" src=\"https:\/\/savaria2020.eu\/word\/wp-content\/uploads\/2025\/06\/kedvezmenyezetti_infoblokk_fekvo_magyar_rgb_page-0001-e1756712949571.jpg\" alt=\"\" width=\"703\" height=\"201\"><\/p>\n<p><strong>Projekt azonos\u00edt\u00f3 sz\u00e1ma: TOP_PLUSZ-3.2.1-23-SH1-2025-00002<\/strong><\/p>\n<p><strong>Projekt c\u00edme: Helyi hum\u00e1n fejleszt\u00e9seket c\u00e9lz\u00f3 programok megval\u00f3s\u00edt\u00e1sa<\/strong><\/p>\n<p><strong><u>A projekt c\u00e9lja \u00e9s r\u00f6vid \u00f6sszefoglal\u00e1sa:&nbsp;<\/u><\/strong><\/p>\n<p>Szombathely Megyei Jog\u00fa V\u00e1ros \u00d6nkorm\u00e1nyzata, a Ter\u00fclet- \u00e9s Telep\u00fcl\u00e9sfejleszt\u00e9si Operat\u00edv Program Plusz (TOP PLUSZ) keret\u00e9ben a TOP PLUSZ 3.2.1. jel\u0171, \u201eFenntarthat\u00f3 hum\u00e1n infrastrukt\u00fara (ESZA+)\u201d c. p\u00e1ly\u00e1zati felh\u00edv\u00e1sra, TOP_PLUSZ-3.2.1-23-SH1-2025-00002 azonos\u00edt\u00f3sz\u00e1mmal \u201eHelyi hum\u00e1n fejleszt\u00e9seket c\u00e9lz\u00f3 programok megval\u00f3s\u00edt\u00e1sa\u201d c\u00edmmel p\u00e1ly\u00e1zatot ny\u00fajtott be, amely alapj\u00e1n 500 925 422,- forint \u00f6sszeg\u0171&nbsp;vissza nem t\u00e9r\u00edtend\u0151 eur\u00f3pai uni\u00f3s t\u00e1mogat\u00e1sban r\u00e9szes\u00fclt. A projekt a Sz\u00e9chenyi Terv Plusz program keret\u00e9ben, az Eur\u00f3pai Uni\u00f3 t\u00e1mogat\u00e1s\u00e1val, a magyar \u00e1llam t\u00e1rsfinansz\u00edroz\u00e1s\u00e1val val\u00f3sul meg.<\/p>\n<p>A \u201eHelyi hum\u00e1n fejleszt\u00e9seket c\u00e9lz\u00f3 programok megval\u00f3s\u00edt\u00e1sa\u201d c\u00edm\u0171 projekt c\u00e9lja, hogy c\u00e9lir\u00e1nyos, magas sz\u00ednvonal\u00fa hum\u00e1n szolg\u00e1ltat\u00e1sok ny\u00fajt\u00e1s\u00e1val, szeml\u00e9letform\u00e1l\u00f3 \u00e9s kompetenciab\u0151v\u00edt\u0151 kezdem\u00e9nyez\u00e9sekkel seg\u00edtse hat\u00e9konyabb egy\u00e9ni \u00e9letstrat\u00e9gi\u00e1k megalapoz\u00e1s\u00e1t \u00e9s a lok\u00e1lis t\u00e1rsadalom sz\u00f6vet\u00e9nek meger\u0151s\u00f6d\u00e9s\u00e9t, s ezzel hozz\u00e1j\u00e1ruljon a helyi lakoss\u00e1g \u00e9s annak k\u00f6z\u00f6ss\u00e9gei fejl\u0151d\u00e9s\u00e9hez, t\u00e1rsadalmi-gazdas\u00e1gi kih\u00edv\u00e1sokkal szembeni ellen\u00e1ll\u00f3k\u00e9pess\u00e9ge er\u0151s\u00f6d\u00e9s\u00e9hez, az \u00e9letsz\u00ednvonal emelked\u00e9se \u00e9s a t\u00e1rsadalmi fenntarthat\u00f3s\u00e1g \u00e9rdek\u00e9ben.<\/p>\n<p><strong><u>Jelen projekt keret\u00e9ben megval\u00f3sul\u00f3 tev\u00e9kenys\u00e9gek<\/u><\/strong>:<\/p>\n<p>A <strong>t\u00e1mogat\u00e1st ig\u00e9nyl\u0151<\/strong> <strong>Szombathely MJV \u00d6nkorm\u00e1nyzata <\/strong>a projektben az al\u00e1bbi feladatok ell\u00e1t\u00e1s\u00e1ban vesz r\u00e9szt:<\/p>\n<ul>\n<li>\u201eBiztons\u00e1gosabb Szombathely!\u201d projektelem<\/li>\n<\/ul>\n<p>Az <strong>AGORA Savaria Nonprofit Kft<\/strong>. tev\u00e9kenys\u00e9gei:<\/p>\n<ul>\n<li>\u201eAgora &#8211; Kreat\u00edv k\u00f6z\u00f6ss\u00e9gi h\u00e1l\u00f3 I. &#8211; C\u00e9lter\u00fcleti k\u00f6z\u00f6ss\u00e9gfejleszt\u00e9s\u201d projektelem<\/li>\n<li>\u201eAgora &#8211; Kreat\u00edv k\u00f6z\u00f6ss\u00e9gi h\u00e1l\u00f3 II. \u2013 ifj\u00fas\u00e1gi program<\/li>\n<li>\u201eAgora &#8211; Kreat\u00edv k\u00f6z\u00f6ss\u00e9gi h\u00e1l\u00f3 III. &#8211; ker\u00e9kp\u00e1ros szeml\u00e9letform\u00e1l\u00e1s\u201d projektelem<\/li>\n<\/ul>\n<p>A <strong>Szombathelyi Sportk\u00f6zpont \u00e9s Sportiskola Nonprofit Kft.<\/strong> tev\u00e9kenys\u00e9gei:<\/p>\n<ul>\n<li>\u201eEg\u00e9szs\u00e9gnevel\u00e9st c\u00e9lz\u00f3 iskolai mozg\u00e1sfejleszt\u00e9s\u201d projektelem<\/li>\n<\/ul>\n<p>A <strong>Berzsenyi D\u00e1niel K\u00f6nyvt\u00e1r<\/strong> tev\u00e9kenys\u00e9gei:<\/p>\n<ul>\n<li>\u201eSpeci\u00e1lis N\u00e9z\u0151pont\u201d projektelem<\/li>\n<\/ul>\n<p>A <strong>Pannon Gazdas\u00e1gi H\u00e1l\u00f3zat Egyes\u00fclet <\/strong>tev\u00e9kenys\u00e9gei:<\/p>\n<ul>\n<li>\u201eId\u0151sakad\u00e9mia &#8211; id\u0151sek digit\u00e1lis k\u00e9szs\u00e9g-fejleszt\u00e9se k\u00f6z\u00f6ss\u00e9g-\u00e9p\u00edt\u00e9si \u00e9s eg\u00e9szs\u00e9gmeg\u0151rz\u00e9si c\u00e9llal\u201d projektelem<\/li>\n<\/ul>\n<p><strong>Vas Megye \u00e9s Szombathely V\u00e1ros Region\u00e1lis V\u00e1llalkoz\u00e1sfejleszt\u00e9si Alap\u00edtv\u00e1nya<\/strong> tev\u00e9kenys\u00e9gei:<\/p>\n<ul>\n<li>\u201eEnter Savaria &#8211; Fogyat\u00e9kkal \u00e9l\u0151k digit\u00e1lis kompetenci\u00e1j\u00e1nak fejleszt\u00e9se\u201d projektelem<\/li>\n<\/ul>\n<p><strong><u>A projekt eredm\u00e9nyess\u00e9g\u00e9t m\u00e9r\u0151 mutat\u00f3k: <\/u><\/strong><\/p>\n<ul>\n<li>H\u00e1tr\u00e1nyos helyzet\u0171eket c\u00e9lz\u00f3 programok sz\u00e1ma: 53 db<\/li>\n<li>Egy\u00e9b, nem k\u00f6z\u00f6ss\u00e9gi c\u00e9l\u00fa programok sz\u00e1ma: 9 db<\/li>\n<li>A programokkal el\u00e9rt h\u00e1tr\u00e1nyos helyzet\u0171 szem\u00e9lyek sz\u00e1ma: 12.998 f\u0151<\/li>\n<\/ul>\n<p><strong>Kedvezm\u00e9nyezett (Konzorciumvezet\u0151): <\/strong><\/p>\n<ul>\n<li><strong>Szombathely Megyei Jog\u00fa V\u00e1ros \u00d6nkorm\u00e1nyzata<\/strong><\/li>\n<\/ul>\n<p><strong>Konzorciumi tagok: <\/strong><\/p>\n<ul>\n<li><strong>AGORA Savaria Nonprofit Kft.<\/strong><\/li>\n<li><strong>Szombathelyi Sportk\u00f6zpont \u00e9s Sportiskola Nonprofit Kft<\/strong><\/li>\n<li><strong>Savaria V\u00e1rosfejleszt\u00e9si Nonprofit Kft.<\/strong><\/li>\n<li><strong>Berzsenyi D\u00e1niel K\u00f6nyvt\u00e1r<\/strong><\/li>\n<li><strong>Pannon Gazdas\u00e1gi H\u00e1l\u00f3zat Egyes\u00fclet<\/strong><\/li>\n<li><strong>Vas Megye \u00e9s Szombathely V\u00e1ros Region\u00e1lis V\u00e1llalkoz\u00e1sfejleszt\u00e9si Alap\u00edtv\u00e1nya<\/strong><\/li>\n<\/ul>\n<p><strong>Meg\u00edt\u00e9lt t\u00e1mogat\u00e1s: 500&nbsp;925 422,- Ft<br \/>\n<\/strong><strong>T\u00e1mogat\u00e1s m\u00e9rt\u00e9ke: 100%<br \/>\n<\/strong><strong>Megval\u00f3s\u00edt\u00e1si id\u0151szak: 2025.07.01. &#8211; 2029.04.30.<\/strong><\/p>\n","protected":false},"excerpt":{"rendered":"<p>Projekt azonos\u00edt\u00f3 sz\u00e1ma: TOP_PLUSZ-3.2.1-23-SH1-2025-00002 Projekt c\u00edme: Helyi hum\u00e1n fejleszt\u00e9seket c\u00e9lz\u00f3  [&#8230;]<\/p>\n","protected":false},"author":2,"featured_media":0,"parent":0,"menu_order":0,"comment_status":"closed","ping_status":"closed","template":"","meta":{"ngg_post_thumbnail":0,"footnotes":""},"class_list":["post-1989","page","type-page","status-publish","hentry"],"_links":{"self":[{"href":"https:\/\/savaria2020.eu\/word\/wp-json\/wp\/v2\/pages\/1989","targetHints":{"allow":["GET"]}}],"collection":[{"href":"https:\/\/savaria2020.eu\/word\/wp-json\/wp\/v2\/pages"}],"about":[{"href":"https:\/\/savaria2020.eu\/word\/wp-json\/wp\/v2\/types\/page"}],"author":[{"embeddable":true,"href":"https:\/\/savaria2020.eu\/word\/wp-json\/wp\/v2\/users\/2"}],"replies":[{"embeddable":true,"href":"https:\/\/savaria2020.eu\/word\/wp-json\/wp\/v2\/comments?post=1989"}],"version-history":[{"count":2,"href":"https:\/\/savaria2020.eu\/word\/wp-json\/wp\/v2\/pages\/1989\/revisions"}],"predecessor-version":[{"id":1992,"href":"https:\/\/savaria2020.eu\/word\/wp-json\/wp\/v2\/pages\/1989\/revisions\/1992"}],"wp:attachment":[{"href":"https:\/\/savaria2020.eu\/word\/wp-json\/wp\/v2\/media?parent=1989"}],"curies":[{"name":"wp","href":"https:\/\/api.w.org\/{rel}","templated":true}]}}