{"id":1986,"date":"2025-09-29T08:36:28","date_gmt":"2025-09-29T08:36:28","guid":{"rendered":"https:\/\/savaria2020.eu\/word\/?page_id=1986"},"modified":"2025-09-29T08:36:28","modified_gmt":"2025-09-29T08:36:28","slug":"top_plusz-3-2-1-23-sh1-2025-00003-identitaserosito-folyamatok-tamogatasa-programok-megvalositasa-2","status":"publish","type":"page","link":"https:\/\/savaria2020.eu\/word\/top_plusz-3-2-1-23-sh1-2025-00003-identitaserosito-folyamatok-tamogatasa-programok-megvalositasa-2\/","title":{"rendered":"TOP_PLUSZ-3.2.1-23-SH1-2025-00003 &#8211; Identit\u00e1ser\u0151s\u00edt\u0151 folyamatok t\u00e1mogat\u00e1sa, programok megval\u00f3s\u00edt\u00e1sa"},"content":{"rendered":"<p><img decoding=\"async\" class=\"alignnone  wp-image-1729\" src=\"https:\/\/savaria2020.eu\/word\/wp-content\/uploads\/2025\/06\/kedvezmenyezetti_infoblokk_fekvo_magyar_rgb_page-0001-e1756712949571.jpg\" alt=\"\" width=\"570\" height=\"163\"><\/p>\n<p><strong>P<\/strong><strong>rojekt azonos\u00edt\u00f3 sz\u00e1ma: TOP_PLUSZ-3.2.1-23-SH1-2025-00003<\/strong><\/p>\n<p><strong>Projekt c\u00edme: Identit\u00e1ser\u0151s\u00edt\u0151 folyamatok t\u00e1mogat\u00e1sa, programok megval\u00f3s\u00edt\u00e1sa<\/strong><\/p>\n<p><strong><u>A projekt c\u00e9lja \u00e9s r\u00f6vid \u00f6sszefoglal\u00e1sa:&nbsp;<\/u><\/strong><\/p>\n<p>Szombathely Megyei Jog\u00fa V\u00e1ros \u00d6nkorm\u00e1nyzata, a Ter\u00fclet- \u00e9s Telep\u00fcl\u00e9sfejleszt\u00e9si Operat\u00edv Program Plusz (TOP PLUSZ) keret\u00e9ben a TOP PLUSZ 3.2.1. jel\u0171, \u201eFenntarthat\u00f3 hum\u00e1n infrastrukt\u00fara (ESZA+)\u201d c. p\u00e1ly\u00e1zati felh\u00edv\u00e1sra, TOP_PLUSZ-3.2.1-23-SH1-2025-00003 azonos\u00edt\u00f3sz\u00e1mmal \u201eIdentit\u00e1ser\u0151s\u00edt\u0151 folyamatok t\u00e1mogat\u00e1sa, programok megval\u00f3s\u00edt\u00e1sa\u201d c\u00edmmel p\u00e1ly\u00e1zatot ny\u00fajtott be, amely alapj\u00e1n 638 722&nbsp;901,- forint \u00f6sszeg\u0171&nbsp;vissza nem t\u00e9r\u00edtend\u0151 eur\u00f3pai uni\u00f3s t\u00e1mogat\u00e1sban r\u00e9szes\u00fclt. A projekt a Sz\u00e9chenyi Terv Plusz program keret\u00e9ben, az Eur\u00f3pai Uni\u00f3 t\u00e1mogat\u00e1s\u00e1val, a magyar \u00e1llam t\u00e1rsfinansz\u00edroz\u00e1s\u00e1val val\u00f3sul meg.<\/p>\n<p>Az \u201eIdentit\u00e1ser\u0151s\u00edt\u0151 folyamatok t\u00e1mogat\u00e1sa, programok megval\u00f3s\u00edt\u00e1sa\u201d c\u00edm\u0171 projekt c\u00e9lja a Helyi Es\u00e9lyegyenl\u0151s\u00e9gi Programok helyi szolg\u00e1ltat\u00e1shi\u00e1nyokra v\u00e1laszol\u00f3 int\u00e9zked\u00e9seinek megval\u00f3s\u00edt\u00e1s\u00e1t t\u00e1mogat\u00f3 tev\u00e9kenys\u00e9gek megval\u00f3s\u00edt\u00e1sa.<\/p>\n<p><strong><u>Jelen projekt keret\u00e9ben megval\u00f3sul\u00f3 tev\u00e9kenys\u00e9gek<\/u><\/strong>:<\/p>\n<p>A <strong>t\u00e1mogat\u00e1st ig\u00e9nyl\u0151<\/strong> <strong>Szombathely MJV \u00d6nkorm\u00e1nyzata <\/strong>a projektben az al\u00e1bbi feladatok ell\u00e1t\u00e1s\u00e1ban vesz r\u00e9szt:<\/p>\n<ul>\n<li>T\u00e1rsadalmi inkl\u00fazi\u00f3 projektelem megval\u00f3s\u00edt\u00e1sa<\/li>\n<li>\u00c9letvid\u00e1m Id\u0151skor projektelem magval\u00f3s\u00edt\u00e1sa<\/li>\n<li>\u00c9lm\u00e9nyt\u00e1bor projektelem magval\u00f3s\u00edt\u00e1sa<\/li>\n<li>\u201eSzombathely, a Seg\u00edt\u0151 Emberek v\u00e1rosa\u201d projektelem megval\u00f3s\u00edt\u00e1sa<\/li>\n<li>K\u00f6z\u00f6ss\u00e9g\u00e9p\u00edt\u00e9st \u00e9s eg\u00e9szs\u00e9gfejleszt\u00e9st c\u00e9lz\u00f3 sport programok projektelem megval\u00f3s\u00edt\u00e1sa<\/li>\n<\/ul>\n<p>A <strong>P\u00e1los K\u00e1roly Szoci\u00e1lis Szolg\u00e1ltat\u00f3 K\u00f6zpont \u00e9s Gyermekj\u00f3l\u00e9ti Szolg\u00e1lat<\/strong> tev\u00e9kenys\u00e9gei:<\/p>\n<ul>\n<li>Csal\u00e1di napok szervez\u00e9se gyermekek \u00e9s csal\u00e1dtagjaik r\u00e9sz\u00e9re<\/li>\n<li>K\u00f6z\u00f6ss\u00e9gi terek szolg\u00e1ltat\u00e1sainak b\u0151v\u00edt\u00e9se<\/li>\n<li>Ny\u00e1ri t\u00e1boroztat\u00e1s<\/li>\n<li>Szabadid\u0151s programok a J\u00e1szai Utcai K\u00f6z\u00f6ss\u00e9gi T\u00e9rben<\/li>\n<li>Szent M\u00e1rton Szoci\u00e1lis H\u00e9t II. (2027.) lebonyol\u00edt\u00e1sa<\/li>\n<\/ul>\n<p>A <strong>Szombathelyi Eg\u00e9szs\u00e9g\u00fcgyi \u00e9s Kultur\u00e1lis Int\u00e9zm\u00e9nyek Gazdas\u00e1gi Ell\u00e1t\u00f3 Szervezete<\/strong> tev\u00e9kenys\u00e9gei:<\/p>\n<ul>\n<li>V\u00e1rosi eg\u00e9szs\u00e9ghetek rendezv\u00e9nysorozat lebonyol\u00edt\u00e1sa<\/li>\n<\/ul>\n<p>A <strong>Szombathelyi Egyes\u00edtett B\u00f6lcs\u0151dei Int\u00e9zm\u00e9ny <\/strong>tev\u00e9kenys\u00e9gei:<\/p>\n<ul>\n<li>Szent M\u00e1rton Szoci\u00e1lis H\u00e9t I. (2026.) lebonyol\u00edt\u00e1sa<\/li>\n<\/ul>\n<p>Az <strong>UNICLUB Egyes\u00fclet<\/strong> tev\u00e9kenys\u00e9gei:<\/p>\n<ul>\n<li>\u201eDigit\u00e1lis j\u00f6v\u0151\u00e9p\u00edt\u00e9s I. &#8211; v\u00e1llalkoz\u00f3v\u00e1 v\u00e1l\u00e1s\u201d projektelem lebonyol\u00edt\u00e1sa<\/li>\n<li>\u201eDigit\u00e1lis j\u00f6v\u0151\u00e9p\u00edt\u00e9s II. \u2013 digit\u00e1lis felz\u00e1rk\u00f3ztat\u00e1s\u201d projektelem lebonyol\u00edt\u00e1sa<\/li>\n<\/ul>\n<p>A <strong>Savaria Turizmus Nonprofit Kft.<\/strong> tev\u00e9kenys\u00e9gei:<\/p>\n<ul>\n<li>Ker\u00e9kp\u00e1rosok \u00e9jszak\u00e1ja projektelem megval\u00f3s\u00edt\u00e1sa<\/li>\n<\/ul>\n<p><strong>Savaria V\u00e1rosfejleszt\u00e9si Nonprofit Kft<\/strong> tev\u00e9kenys\u00e9gei:<\/p>\n<ul>\n<li>Hasznosan, boldogan egy\u00fctt \u2013 akt\u00edv k\u00e9pess\u00e9gfejleszt\u00e9s \u00e9s k\u00f6z\u00f6ss\u00e9gi szerepv\u00e1llal\u00e1s a fiatalok sz\u00e1m\u00e1ra<\/li>\n<\/ul>\n<p><strong>ES\u0150EMBERKE Alap\u00edtv\u00e1ny <\/strong>a Vas megyei autist\u00e1k\u00e9rt tev\u00e9kenys\u00e9gei:<\/p>\n<ul>\n<li>Dolgozni szeretn\u00e9k!\u201d autizmussal \u00e9l\u0151 fiatalok iskol\u00e1b\u00f3l a munka vil\u00e1g\u00e1ba val\u00f3 \u00e1tmenet\u00e9nek tervez\u00e9se, seg\u00edt\u00e9se<\/li>\n<\/ul>\n<p><strong><u>A projekt eredm\u00e9nyess\u00e9g\u00e9t m\u00e9r\u0151 mutat\u00f3k: <\/u><\/strong><\/p>\n<ul>\n<li>H\u00e1tr\u00e1nyos helyzet\u0171eket c\u00e9lz\u00f3 programok sz\u00e1ma: 106 db<\/li>\n<li>Egy\u00e9b, nem k\u00f6z\u00f6ss\u00e9gi c\u00e9l\u00fa programok sz\u00e1ma: 9 db<\/li>\n<li>A programokkal el\u00e9rt h\u00e1tr\u00e1nyos helyzet\u0171 szem\u00e9lyek sz\u00e1ma: 29.461 f\u0151<\/li>\n<\/ul>\n<p><strong>Kedvezm\u00e9nyezett (Konzorciumvezet\u0151): <\/strong><\/p>\n<ul>\n<li><strong>Szombathely Megyei Jog\u00fa V\u00e1ros \u00d6nkorm\u00e1nyzata<\/strong><\/li>\n<\/ul>\n<p><strong>Konzorciumi tagok: <\/strong><\/p>\n<ul>\n<li><strong>P\u00e1los K\u00e1roly Szoci\u00e1lis Szolg\u00e1ltat\u00f3 K\u00f6zpont \u00e9s Gyermekj\u00f3l\u00e9ti Szolg\u00e1lat<\/strong><\/li>\n<li><strong>Szombathelyi Eg\u00e9szs\u00e9g\u00fcgyi \u00e9s Kultur\u00e1lis Int\u00e9zm\u00e9nyek Gazdas\u00e1gi Ell\u00e1t\u00f3 Szervezete<\/strong><\/li>\n<li><strong>Szombathelyi Egyes\u00edtett B\u00f6lcs\u0151dei Int\u00e9zm\u00e9ny<\/strong><\/li>\n<li><strong>UNICLUB Egyes\u00fclet<\/strong><\/li>\n<li><strong>Savaria Turizmus Nonprofit Kft.<\/strong><\/li>\n<li><strong>ES\u0150EMBERKE Alap\u00edtv\u00e1ny<\/strong><\/li>\n<li><strong>Savaria V\u00e1rosfejleszt\u00e9si Nonprofit Kft.<\/strong><\/li>\n<\/ul>\n<p><strong>&nbsp;<\/strong><strong>Meg\u00edt\u00e9lt t\u00e1mogat\u00e1s: 638 722&nbsp;901,- Ft<br \/>\n<\/strong><strong>T\u00e1mogat\u00e1s m\u00e9rt\u00e9ke: 100%<br \/>\n<\/strong><strong>Megval\u00f3s\u00edt\u00e1si id\u0151szak: 2025.07.01. &#8211; 2029.04.30.<\/strong><\/p>\n<p><strong>&nbsp;<\/strong><\/p>\n","protected":false},"excerpt":{"rendered":"<p>Projekt azonos\u00edt\u00f3 sz\u00e1ma: TOP_PLUSZ-3.2.1-23-SH1-2025-00003 Projekt c\u00edme: Identit\u00e1ser\u0151s\u00edt\u0151 folyamatok t\u00e1mogat\u00e1sa, programok  [&#8230;]<\/p>\n","protected":false},"author":2,"featured_media":0,"parent":0,"menu_order":0,"comment_status":"closed","ping_status":"closed","template":"","meta":{"ngg_post_thumbnail":0,"footnotes":""},"class_list":["post-1986","page","type-page","status-publish","hentry"],"_links":{"self":[{"href":"https:\/\/savaria2020.eu\/word\/wp-json\/wp\/v2\/pages\/1986","targetHints":{"allow":["GET"]}}],"collection":[{"href":"https:\/\/savaria2020.eu\/word\/wp-json\/wp\/v2\/pages"}],"about":[{"href":"https:\/\/savaria2020.eu\/word\/wp-json\/wp\/v2\/types\/page"}],"author":[{"embeddable":true,"href":"https:\/\/savaria2020.eu\/word\/wp-json\/wp\/v2\/users\/2"}],"replies":[{"embeddable":true,"href":"https:\/\/savaria2020.eu\/word\/wp-json\/wp\/v2\/comments?post=1986"}],"version-history":[{"count":1,"href":"https:\/\/savaria2020.eu\/word\/wp-json\/wp\/v2\/pages\/1986\/revisions"}],"predecessor-version":[{"id":1987,"href":"https:\/\/savaria2020.eu\/word\/wp-json\/wp\/v2\/pages\/1986\/revisions\/1987"}],"wp:attachment":[{"href":"https:\/\/savaria2020.eu\/word\/wp-json\/wp\/v2\/media?parent=1986"}],"curies":[{"name":"wp","href":"https:\/\/api.w.org\/{rel}","templated":true}]}}