{"id":1978,"date":"2025-09-23T11:01:05","date_gmt":"2025-09-23T11:01:05","guid":{"rendered":"https:\/\/savaria2020.eu\/word\/?page_id=1978"},"modified":"2025-09-23T11:03:58","modified_gmt":"2025-09-23T11:03:58","slug":"top_plusz-3-2-1-23-sh1-2025-00001-kozossegfejlesztes-szombathelyen","status":"publish","type":"page","link":"https:\/\/savaria2020.eu\/word\/top_plusz-3-2-1-23-sh1-2025-00001-kozossegfejlesztes-szombathelyen\/","title":{"rendered":"TOP_PLUSZ-3.2.1-23-SH1-2025-00001 &#8211; K\u00f6z\u00f6ss\u00e9gfejleszt\u00e9s Szombathelyen"},"content":{"rendered":"<p><strong> <img decoding=\"async\" class=\"alignnone size-fusion-600 wp-image-1729\" src=\"https:\/\/savaria2020.eu\/word\/wp-content\/uploads\/2025\/06\/kedvezmenyezetti_infoblokk_fekvo_magyar_rgb_page-0001-600x171.jpg\" alt=\"\" width=\"600\" height=\"171\"><\/strong><\/p>\n<p><strong>Projekt azonos\u00edt\u00f3 sz\u00e1ma: TOP_PLUSZ-3.2.1-23-SH1-2025-00001<\/strong><\/p>\n<p><strong>Projekt c\u00edme: K\u00f6z\u00f6ss\u00e9gfejleszt\u00e9s Szombathelyen <\/strong><\/p>\n<p><strong><u>A projekt c\u00e9lja \u00e9s r\u00f6vid \u00f6sszefoglal\u00e1sa:&nbsp;<\/u><\/strong><\/p>\n<p>Szombathely Megyei Jog\u00fa V\u00e1ros \u00d6nkorm\u00e1nyzata, a Ter\u00fclet- \u00e9s Telep\u00fcl\u00e9sfejleszt\u00e9si Operat\u00edv Program Plusz (TOP PLUSZ) keret\u00e9ben a TOP PLUSZ 3.2.1. jel\u0171, \u201eFenntarthat\u00f3 hum\u00e1n infrastrukt\u00fara (ESZA+)\u201d c. p\u00e1ly\u00e1zati felh\u00edv\u00e1sra, TOP_PLUSZ-3.2.1-23-SH1-2025-00001 azonos\u00edt\u00f3sz\u00e1mmal \u201eK\u00f6z\u00f6ss\u00e9gfejleszt\u00e9s Szombathelyen\u201d c\u00edmmel p\u00e1ly\u00e1zatot ny\u00fajtott be, amely alapj\u00e1n 660 351 677,- forint \u00f6sszeg\u0171&nbsp;vissza nem t\u00e9r\u00edtend\u0151 eur\u00f3pai uni\u00f3s t\u00e1mogat\u00e1sban r\u00e9szes\u00fclt. A projekt a Sz\u00e9chenyi Terv Plusz program keret\u00e9ben, az Eur\u00f3pai Uni\u00f3 t\u00e1mogat\u00e1s\u00e1val, a magyar \u00e1llam t\u00e1rsfinansz\u00edroz\u00e1s\u00e1val val\u00f3sul meg.<\/p>\n<p>A \u201eK\u00f6z\u00f6ss\u00e9gfejleszt\u00e9s Szombathelyen\u201d c\u00edm\u0171 projekt c\u00e9lja, hogy a helyi k\u00f6z\u00f6ss\u00e9gi szolg\u00e1ltat\u00e1sok egyenl\u0151 es\u00e9ly\u0171 hozz\u00e1f\u00e9r\u00e9s\u00e9nek er\u0151s\u00edt\u00e9s\u00e9vel, a hum\u00e1n szolg\u00e1ltat\u00e1sok sz\u00ednvonal\u00e1nak emel\u00e9s\u00e9vel jav\u00edtsa a helyi lakoss\u00e1g, k\u00fcl\u00f6n\u00f6sen a h\u00e1tr\u00e1nyos helyzet\u0171ek \u00e9letfelt\u00e9teleit \u00e9s -kil\u00e1t\u00e1sait, er\u0151s\u00edtve ezzel a v\u00e1ros befogad\u00f3 \u00e9s seg\u00edt\u0151 karakter\u00e9t.<\/p>\n<p><strong><u>Jelen projekt keret\u00e9ben megval\u00f3sul\u00f3 tev\u00e9kenys\u00e9gek<\/u><\/strong>:<\/p>\n<p>A t\u00e1mogat\u00e1st ig\u00e9nyl\u0151 <strong>Szombathely MJV \u00d6nkorm\u00e1nyzata<\/strong> a projektben az al\u00e1bbi feladatok ell\u00e1t\u00e1s\u00e1ban vesz r\u00e9szt:<\/p>\n<ul>\n<li>\u00c9lm\u00e9ny- \u00e9s j\u00e1t\u00e9kk\u00f6zpont\u00fa szabadt\u00e9ri gyermek k\u00f6z\u00f6ss\u00e9gi programok projektelem megval\u00f3s\u00edt\u00e1sa<\/li>\n<\/ul>\n<p><strong>Fogyat\u00e9kkal \u00c9l\u0151ket \u00e9s Hajl\u00e9ktalanokat Ell\u00e1t\u00f3 K\u00f6zhaszn\u00fa Nonprofit Kft.<\/strong> tev\u00e9kenys\u00e9gei:<\/p>\n<ul>\n<li>Az \u201eEr\u0151s ALAPokon!\u201d projektelem megval\u00f3s\u00edt\u00e1sa:<br \/>\nA h\u00e1tr\u00e1nyos helyzet\u0171 emberek t\u00e1rsadalmi befogad\u00e1s\u00e1nak el\u0151seg\u00edt\u00e9se, fogyat\u00e9koss\u00e1gb\u00f3l ered\u0151 h\u00e1tr\u00e1nyaik m\u00e9rs\u00e9kl\u00e9s\u00e9hez val\u00f3 hozz\u00e1j\u00e1rul\u00e1s, a lakoss\u00e1g \u00e9rz\u00e9keny\u00edt\u00e9se, a szolidarit\u00e1s fokoz\u00e1sa, s mindezek \u00e1ltal az egy\u00e9ni \u00e9letfelt\u00e9telek jav\u00edt\u00e1sa \u00e9s a helyi k\u00f6z\u00f6ss\u00e9gek er\u0151s\u00edt\u00e9se<\/li>\n<\/ul>\n<p><strong>P\u00e1los K\u00e1roly Szoci\u00e1lis Szolg\u00e1ltat\u00f3 K\u00f6zpont \u00e9s Gyermekj\u00f3l\u00e9ti Szolg\u00e1lat<\/strong> tev\u00e9kenys\u00e9gei:<\/p>\n<ul>\n<li>Mem\u00f3riafitnesz programsorozat:<br \/>\nA demencia el\u0151rehalad\u00e1s\u00e1nak lass\u00edt\u00e1sa, a mag\u00e1nyb\u00f3l, a besz\u0171k\u00fclt kapcsolati h\u00e1l\u00f3b\u00f3l, a tev\u00e9kenys\u00e9gek hi\u00e1nyb\u00f3l ad\u00f3d\u00f3 a demencia fokoz\u00f3d\u00e1s\u00e1ra legink\u00e1bb hajlamos\u00edt\u00f3 t\u00e9nyez\u0151k kik\u00fcsz\u00f6b\u00f6l\u00e9se<\/li>\n<\/ul>\n<ul>\n<li>Alzheimer Caf\u00e9-k szervez\u00e9se:<br \/>\nA folyamatos seg\u00edts\u00e9gny\u00fajt\u00e1s a betegs\u00e9g megismer\u00e9s\u00e9ben \u00e9s elfogad\u00e1s\u00e1ban, az otthoni elszigetel\u0151d\u00e9s lek\u00fczd\u00e9s\u00e9ben, a csal\u00e1dtagok lelki eg\u00e9szs\u00e9g\u00e9nek meg\u00f3v\u00e1s\u00e1ban<\/li>\n<\/ul>\n<ul>\n<li>Szuperv\u00edzi\u00f3 a h\u00e1zi seg\u00edts\u00e9g-ny\u00fajt\u00e1sban, id\u0151sek nappali ell\u00e1t\u00e1s\u00e1ban, jelz\u0151rendszeres h\u00e1zi seg\u00edts\u00e9gny\u00fajt\u00e1sban dolgoz\u00f3 szakemberek sz\u00e1m\u00e1ra:<br \/>\na szf\u00e9ra munkav\u00e1llal\u00f3inak ment\u00e1lis eg\u00e9szs\u00e9g\u00e9nek v\u00e9delme \u00e9s szakmai kompetenci\u00e1inak er\u0151s\u00edt\u00e9se<\/li>\n<li>Szuperv\u00edzi\u00f3 a csal\u00e1d \u00e9s gyermekj\u00f3l\u00e9ti szolg\u00e1ltat\u00e1sban dolgoz\u00f3 szakemberek sz\u00e1m\u00e1ra:<br \/>\na szf\u00e9ra munkav\u00e1llal\u00f3inak ment\u00e1lis eg\u00e9szs\u00e9g\u00e9nek v\u00e9delme \u00e9s szakmai kompetenci\u00e1inak er\u0151s\u00edt\u00e9se.<\/li>\n<li>A Csal\u00e1dok \u00c1tmeneti Otthon\u00e1ban \u00e9l\u0151 gyermekek sz\u00e1m\u00e1ra k\u00e9szs\u00e9gfejleszt\u0151 foglalkoz\u00e1sok szervez\u00e9se:<br \/>\nH\u00e1tr\u00e1nyos helyzet\u0171 gyermekek megfelel\u0151 testi, lelki \u00e9s \u00e9rtelmi fejl\u0151d\u00e9s\u00e9nek, az esetleges lemarad\u00e1sok korrig\u00e1l\u00e1s\u00e1nak seg\u00edt\u00e9se.<\/li>\n<\/ul>\n<p><strong>Szombathelyi Eg\u00e9szs\u00e9g\u00fcgyi \u00e9s Kultur\u00e1lis Int\u00e9zm\u00e9nyek Gazdas\u00e1gi Ell\u00e1t\u00f3 Szervezete<\/strong> tev\u00e9kenys\u00e9gei:<\/p>\n<ul>\n<li>Eg\u00e9szs\u00e9gfejleszt\u00e9s &#8211; eg\u00e9szs\u00e9g-m\u0171velts\u00e9g fejleszt\u00e9se:<br \/>\nSzombathely Megyei Jog\u00fa V\u00e1rosban \u00e9l\u0151k (k\u00f6zt\u00fck kiemelten az \u00f3vod\u00e1s \u00e9s iskol\u00e1s kor\u00fa gyermekek) eg\u00e9szs\u00e9g-m\u0171velts\u00e9g\u00e9nek fejleszt\u00e9se, eg\u00e9szs\u00e9gfejleszt\u00e9si \u00e9s eg\u00e9szs\u00e9g\u00fcgyi prevenci\u00f3s programok szervez\u00e9se \u00e1ltal.<\/li>\n<\/ul>\n<p><strong>SZ\u00cdN-T\u00c9R a K\u00f6z\u00f6ss\u00e9gek Agor\u00e1j\u00e1\u00e9rt Alap\u00edtv\u00e1ny <\/strong>tev\u00e9kenys\u00e9gei:<\/p>\n<ul>\n<li>R\u00e9szv\u00e9tel a J\u00f6v\u0151\u00e9p\u00edt\u0151 K\u00e9pess\u00e9gek projektelem megval\u00f3s\u00edt\u00e1s\u00e1ban, a tev\u00e9kenys\u00e9gek koncepcion\u00e1lis h\u00e1tter\u00e9nek megalapoz\u00e1s\u00e1ban, illetve a v\u00e1rosi ifj\u00fas\u00e1gpolitikai strat\u00e9gi\u00e1ba illeszked\u00e9s kontrollj\u00e1val<\/li>\n<\/ul>\n<p><strong>Szombathelyi Sportk\u00f6zpont \u00e9s Sportiskola Nonprofit Kft.<\/strong> tev\u00e9kenys\u00e9gei:<\/p>\n<ul>\n<li>Grassroots szellemis\u00e9g\u0171 \u00f3vodai mozg\u00e1sfejleszt\u00e9s:<br \/>\nFeln\u00f6vekv\u0151 gener\u00e1ci\u00f3k eg\u00e9szs\u00e9ges \u00e9letm\u00f3dra nevel\u00e9se<\/li>\n<\/ul>\n<p><strong>Savaria V\u00e1rosfejleszt\u00e9si Nonprofit Kft.<\/strong> tev\u00e9kenys\u00e9gei:<\/p>\n<ul>\n<li>\u201eBiztons\u00e1gos k\u00f6zleked\u00e9s \u00f3vod\u00e1s kort\u00f3l\u201d projektelem lebonyol\u00edt\u00e1sa:<br \/>\naz \u00f3vod\u00e1s kor\u00fa gyermekek k\u00f6zleked\u00e9sbiztons\u00e1gi tudatoss\u00e1gra nevel\u00e9se szeml\u00e9letform\u00e1l\u00f3 tev\u00e9kenys\u00e9gek megval\u00f3s\u00edt\u00e1s\u00e1val.<\/li>\n<\/ul>\n<ul>\n<li>J\u00f6v\u0151\u00e9p\u00edt\u0151 K\u00e9pess\u00e9gek projektelem lebonyol\u00edt\u00e1sa<\/li>\n<\/ul>\n<p><strong><u>A projekt eredm\u00e9nyess\u00e9g\u00e9t m\u00e9r\u0151 mutat\u00f3k: <\/u><\/strong><\/p>\n<ul>\n<li>H\u00e1tr\u00e1nyos helyzet\u0171eket c\u00e9lz\u00f3 programok sz\u00e1ma: 104 db<\/li>\n<li>Egy\u00e9b, nem k\u00f6z\u00f6ss\u00e9gi c\u00e9l\u00fa programok sz\u00e1ma: 9 db<\/li>\n<li>A programokkal el\u00e9rt h\u00e1tr\u00e1nyos helyzet\u0171 szem\u00e9lyek sz\u00e1ma: 19.631 f\u0151<\/li>\n<li>Azon telep\u00fcl\u00e9sek sz\u00e1ma, ahol javult a foglalkoztat\u00e1shoz, oktat\u00e1shoz, eg\u00e9szs\u00e9g\u00fcgyh\u00f6z, szoci\u00e1lis \u00e9s\/vagy lakhat\u00e1si szolg\u00e1ltat\u00e1sokhoz val\u00f3 hozz\u00e1f\u00e9r\u00e9s: 1 db<\/li>\n<\/ul>\n<p><strong>Kedvezm\u00e9nyezett (Konzorciumvezet\u0151): <\/strong><\/p>\n<ul>\n<li><strong>Szombathely Megyei Jog\u00fa V\u00e1ros \u00d6nkorm\u00e1nyzata<\/strong><\/li>\n<\/ul>\n<p><strong>Konzorciumi tagok: <\/strong><\/p>\n<ul>\n<li><strong>P\u00e1los K\u00e1roly Szoci\u00e1lis Szolg\u00e1ltat\u00f3 K\u00f6zpont \u00e9s Gyermekj\u00f3l\u00e9ti Szolg\u00e1lat<\/strong><\/li>\n<li><strong>Fogyat\u00e9kkal \u00c9l\u0151ket \u00e9s Hajl\u00e9ktalanokat Ell\u00e1t\u00f3 K\u00f6zhaszn\u00fa Nonprofit Kft. <\/strong><\/li>\n<li><strong>Szombathelyi Sportk\u00f6zpont \u00e9s Sportiskola Nonprofit Kft. <\/strong><\/li>\n<li><strong>Szombathelyi Eg\u00e9szs\u00e9g\u00fcgyi \u00e9s Kultur\u00e1lis Int\u00e9zm\u00e9nyek Gazdas\u00e1gi Ell\u00e1t\u00f3 Szervezete<\/strong><\/li>\n<li><strong>Szombathelyi Sportk\u00f6zpont \u00e9s Sportiskola Nonprofit Kft.<\/strong><\/li>\n<li><strong>SZ\u00cdN-T\u00c9R a K\u00f6z\u00f6ss\u00e9gek Agor\u00e1j\u00e1\u00e9rt Alap\u00edtv\u00e1ny<\/strong><\/li>\n<li><strong>Savaria V\u00e1rosfejleszt\u00e9si Nonprofit Kft.<\/strong><\/li>\n<\/ul>\n<p><strong>Meg\u00edt\u00e9lt t\u00e1mogat\u00e1s: 660&nbsp;351 677,- Ft<br \/>\n<\/strong><strong>T\u00e1mogat\u00e1s m\u00e9rt\u00e9ke: 100%<br \/>\n<\/strong><strong>Megval\u00f3s\u00edt\u00e1si id\u0151szak: 2025.07.01. &#8211; 2029.04.30.<\/strong><\/p>\n","protected":false},"excerpt":{"rendered":"<p>Projekt azonos\u00edt\u00f3 sz\u00e1ma: TOP_PLUSZ-3.2.1-23-SH1-2025-00001 Projekt c\u00edme: K\u00f6z\u00f6ss\u00e9gfejleszt\u00e9s Szombathelyen A projekt  [&#8230;]<\/p>\n","protected":false},"author":2,"featured_media":0,"parent":0,"menu_order":0,"comment_status":"closed","ping_status":"closed","template":"","meta":{"ngg_post_thumbnail":0,"footnotes":""},"class_list":["post-1978","page","type-page","status-publish","hentry"],"_links":{"self":[{"href":"https:\/\/savaria2020.eu\/word\/wp-json\/wp\/v2\/pages\/1978","targetHints":{"allow":["GET"]}}],"collection":[{"href":"https:\/\/savaria2020.eu\/word\/wp-json\/wp\/v2\/pages"}],"about":[{"href":"https:\/\/savaria2020.eu\/word\/wp-json\/wp\/v2\/types\/page"}],"author":[{"embeddable":true,"href":"https:\/\/savaria2020.eu\/word\/wp-json\/wp\/v2\/users\/2"}],"replies":[{"embeddable":true,"href":"https:\/\/savaria2020.eu\/word\/wp-json\/wp\/v2\/comments?post=1978"}],"version-history":[{"count":2,"href":"https:\/\/savaria2020.eu\/word\/wp-json\/wp\/v2\/pages\/1978\/revisions"}],"predecessor-version":[{"id":1981,"href":"https:\/\/savaria2020.eu\/word\/wp-json\/wp\/v2\/pages\/1978\/revisions\/1981"}],"wp:attachment":[{"href":"https:\/\/savaria2020.eu\/word\/wp-json\/wp\/v2\/media?parent=1978"}],"curies":[{"name":"wp","href":"https:\/\/api.w.org\/{rel}","templated":true}]}}