{"id":1967,"date":"2025-09-22T08:21:56","date_gmt":"2025-09-22T08:21:56","guid":{"rendered":"https:\/\/savaria2020.eu\/word\/?page_id=1967"},"modified":"2025-09-22T08:25:09","modified_gmt":"2025-09-22T08:25:09","slug":"top_plusz-1-3-2-23-sh1-2025-00014-bartok-bela-krt-es-hid-felujitasa","status":"publish","type":"page","link":"https:\/\/savaria2020.eu\/word\/top_plusz-1-3-2-23-sh1-2025-00014-bartok-bela-krt-es-hid-felujitasa\/","title":{"rendered":"TOP_PLUSZ-1.3.2-23-SH1-2025-00014 &#8211; Bart\u00f3k B\u00e9la krt. \u00e9s h\u00edd fel\u00faj\u00edt\u00e1sa"},"content":{"rendered":"<p><strong><img decoding=\"async\" class=\"alignnone size-fusion-600 wp-image-1729\" src=\"https:\/\/savaria2020.eu\/word\/wp-content\/uploads\/2025\/06\/kedvezmenyezetti_infoblokk_fekvo_magyar_rgb_page-0001-600x171.jpg\" alt=\"\" width=\"600\" height=\"171\"><\/strong><\/p>\n<p><strong>Projekt azonos\u00edt\u00f3 sz\u00e1ma: TOP_PLUSZ-1.3.2-23-SH1-2025-00014<\/strong><\/p>\n<p><strong>Projekt c\u00edme: Bart\u00f3k B\u00e9la krt. \u00e9s h\u00edd fel\u00faj\u00edt\u00e1sa<\/strong><\/p>\n<p><strong><u>A projekt c\u00e9lja \u00e9s r\u00f6vid \u00f6sszefoglal\u00e1sa:&nbsp;<\/u><\/strong><\/p>\n<p>Szombathely Megyei Jog\u00fa V\u00e1ros \u00d6nkorm\u00e1nyzata, a Ter\u00fclet- \u00e9s Telep\u00fcl\u00e9sfejleszt\u00e9si Operat\u00edv Program Plusz (TOP PLUSZ) keret\u00e9ben a TOP PLUSZ 1.3.2 jel\u0171, \u201eFenntarthat\u00f3 v\u00e1rosfejleszt\u00e9s\u201d c. p\u00e1ly\u00e1zati felh\u00edv\u00e1sra, TOP_PLUSZ-1.3.2-23-SH1-2025-00014 azonos\u00edt\u00f3sz\u00e1mmal \u201eBart\u00f3k B\u00e9la krt. \u00e9s h\u00edd fel\u00faj\u00edt\u00e1sa\u201d c\u00edmmel p\u00e1ly\u00e1zatot ny\u00fajtott be, amely alapj\u00e1n 1 734 883&nbsp;364,<strong> &#8211; <\/strong>forint \u00f6sszeg\u0171&nbsp;vissza nem t\u00e9r\u00edtend\u0151 eur\u00f3pai uni\u00f3s t\u00e1mogat\u00e1sban r\u00e9szes\u00fclt. A projekt a Sz\u00e9chenyi Terv Plusz program keret\u00e9ben, az Eur\u00f3pai Uni\u00f3 t\u00e1mogat\u00e1s\u00e1val, a magyar \u00e1llam t\u00e1rsfinansz\u00edroz\u00e1s\u00e1val val\u00f3sul meg.<\/p>\n<p>A \u201eBart\u00f3k B\u00e9la krt. \u00e9s h\u00edd fel\u00faj\u00edt\u00e1sa\u201d c. projekt legf\u0151bb c\u00e9lja az \u00f6nkorm\u00e1nyzati belter\u00fcleti k\u00f6z\u00fat fel\u00faj\u00edt\u00e1sa, k\u00f6zleked\u00e9sbiztons\u00e1gi c\u00e9l\u00fa fejleszt\u00e9se, amely hozz\u00e1j\u00e1rul a telep\u00fcl\u00e9s k\u00f6zint\u00e9zm\u00e9nyeinek, k\u00f6zszolg\u00e1ltat\u00e1st ny\u00fajt\u00f3 l\u00e9tes\u00edtm\u00e9nyeinek jobb megk\u00f6zel\u00edthet\u0151s\u00e9g\u00e9hez, a lak\u00f3ter\u00fcletekkel val\u00f3 kapcsolatok jav\u00edt\u00e1s\u00e1hoz, valamint a gazdas\u00e1g \u00e9s j\u00f3l\u00e9t mobilit\u00e1si felt\u00e9teleinek biztos\u00edt\u00e1s\u00e1hoz.<\/p>\n<p>A projekt keret\u00e9ben a Bart\u00f3k B\u00e9la krt. 492 m\u00e9ter hossz\u00fa szakasza ker\u00fcl fel\u00faj\u00edt\u00e1sra, valamint megval\u00f3sul a beruh\u00e1z\u00e1shoz fizikailag kapcsol\u00f3d\u00f3 h\u00edd korszer\u0171s\u00edt\u00e9se. Jelenleg a k\u00f6r\u00faton l\u00e9v\u0151 Perint-patak h\u00edd teljes k\u00f6r\u0171 felm\u00e9r\u00e9se, f\u0151- \u00e9s c\u00e9lvizsg\u00e1lat\u00e1nak elv\u00e9gz\u00e9se, szakv\u00e9lem\u00e9ny k\u00e9sz\u00edt\u00e9se van folyamatban, amely alapj\u00e1n ker\u00fcl meghat\u00e1roz\u00e1sra a sz\u00fcks\u00e9ges beavatkoz\u00e1s. A k\u00f6r\u00faton a k\u00f6z\u00fati forgalomt\u00f3l elv\u00e1lasztott k\u00e9toldali ker\u00e9kp\u00e1rs\u00e1v ker\u00fclt kor\u00e1bban felfest\u00e9sre, az akkori fejleszt\u00e9s sor\u00e1n az \u00fat burkolat\u00e1nak fel\u00faj\u00edt\u00e1sa nem val\u00f3sult meg. Jelen projekt keret\u00e9ben az \u00e9rintett \u00fatszakasz burkolatmin\u0151s\u00e9g\u00e9nek fejleszt\u00e9se sor\u00e1n a k\u00e9toldali ker\u00e9kp\u00e1rs\u00e1v \u00fajra felfest\u00e9sre ker\u00fcl.<\/p>\n<p><u>A projekt eredm\u00e9nyess\u00e9g\u00e9t m\u00e9r\u0151 mutat\u00f3k:<\/u><\/p>\n<ul>\n<li>\u00c1t\u00e9p\u00edtett vagy korszer\u0171s\u00edtett k\u00f6zutak hossza \u2013 nem TEN-T (RCO46): 2,07 km<\/li>\n<\/ul>\n<p><strong>Kedvezm\u00e9nyezett (Konzorciumvezet\u0151): <\/strong><\/p>\n<ul>\n<li><strong>Szombathely Megyei Jog\u00fa V\u00e1ros \u00d6nkorm\u00e1nyzata<\/strong><\/li>\n<\/ul>\n<p><strong>Konzorciumi tagok: <\/strong><\/p>\n<ul>\n<li><strong>Savaria V\u00e1rosfejleszt\u00e9si Nonprofit Kft.<\/strong><\/li>\n<li><strong>K\u00f6zleked\u00e9studom\u00e1nyi Int\u00e9zet<\/strong><\/li>\n<\/ul>\n<p><strong>Meg\u00edt\u00e9lt t\u00e1mogat\u00e1s: 1 734 883&nbsp;364,- Ft<br \/>\nT\u00e1mogat\u00e1s m\u00e9rt\u00e9ke: 100%<br \/>\nMegval\u00f3s\u00edt\u00e1si id\u0151szak: 2025.07.01. &#8211; 2028.12.31.<\/strong><\/p>\n","protected":false},"excerpt":{"rendered":"<p>Projekt azonos\u00edt\u00f3 sz\u00e1ma: TOP_PLUSZ-1.3.2-23-SH1-2025-00014 Projekt c\u00edme: Bart\u00f3k B\u00e9la krt. \u00e9s  [&#8230;]<\/p>\n","protected":false},"author":2,"featured_media":0,"parent":0,"menu_order":0,"comment_status":"closed","ping_status":"closed","template":"","meta":{"ngg_post_thumbnail":0,"footnotes":""},"class_list":["post-1967","page","type-page","status-publish","hentry"],"_links":{"self":[{"href":"https:\/\/savaria2020.eu\/word\/wp-json\/wp\/v2\/pages\/1967","targetHints":{"allow":["GET"]}}],"collection":[{"href":"https:\/\/savaria2020.eu\/word\/wp-json\/wp\/v2\/pages"}],"about":[{"href":"https:\/\/savaria2020.eu\/word\/wp-json\/wp\/v2\/types\/page"}],"author":[{"embeddable":true,"href":"https:\/\/savaria2020.eu\/word\/wp-json\/wp\/v2\/users\/2"}],"replies":[{"embeddable":true,"href":"https:\/\/savaria2020.eu\/word\/wp-json\/wp\/v2\/comments?post=1967"}],"version-history":[{"count":4,"href":"https:\/\/savaria2020.eu\/word\/wp-json\/wp\/v2\/pages\/1967\/revisions"}],"predecessor-version":[{"id":1972,"href":"https:\/\/savaria2020.eu\/word\/wp-json\/wp\/v2\/pages\/1967\/revisions\/1972"}],"wp:attachment":[{"href":"https:\/\/savaria2020.eu\/word\/wp-json\/wp\/v2\/media?parent=1967"}],"curies":[{"name":"wp","href":"https:\/\/api.w.org\/{rel}","templated":true}]}}