{"id":1933,"date":"2025-09-01T07:43:52","date_gmt":"2025-09-01T07:43:52","guid":{"rendered":"https:\/\/savaria2020.eu\/word\/?page_id=1933"},"modified":"2025-09-01T07:43:52","modified_gmt":"2025-09-01T07:43:52","slug":"top_plusz-1-3-2-23-sh1-2025-00012-belteruleti-uthalozat-fejlesztese","status":"publish","type":"page","link":"https:\/\/savaria2020.eu\/word\/top_plusz-1-3-2-23-sh1-2025-00012-belteruleti-uthalozat-fejlesztese\/","title":{"rendered":"TOP_PLUSZ-1.3.2-23-SH1-2025-00012 &#8211; Belter\u00fcleti \u00fath\u00e1l\u00f3zat fejleszt\u00e9se"},"content":{"rendered":"<p><img decoding=\"async\" class=\"alignnone size-fusion-600 wp-image-1729\" src=\"https:\/\/savaria2020.eu\/word\/wp-content\/uploads\/2025\/06\/kedvezmenyezetti_infoblokk_fekvo_magyar_rgb_page-0001-600x171.jpg\" alt=\"\" width=\"600\" height=\"171\"><\/p>\n<p><strong>Projekt azonos\u00edt\u00f3 sz\u00e1ma: TOP_PLUSZ-1.3.2-23-SH1-2025-00012<br \/>\n<\/strong><strong>Projekt c\u00edme: Belter\u00fcleti \u00fath\u00e1l\u00f3zat fejleszt\u00e9se<\/strong><\/p>\n<p><strong><u>A projekt c\u00e9lja \u00e9s r\u00f6vid \u00f6sszefoglal\u00e1sa:&nbsp;<\/u><\/strong><\/p>\n<p>Szombathely Megyei Jog\u00fa V\u00e1ros \u00d6nkorm\u00e1nyzata, a Ter\u00fclet- \u00e9s Telep\u00fcl\u00e9sfejleszt\u00e9si Operat\u00edv Program Plusz (TOP PLUSZ) keret\u00e9ben a TOP PLUSZ 1.3.2 jel\u0171, \u201eFenntarthat\u00f3 v\u00e1rosfejleszt\u00e9s\u201d c. p\u00e1ly\u00e1zati felh\u00edv\u00e1sra, TOP_PLUSZ-1.3.2-23-SH1-2025-00012 azonos\u00edt\u00f3sz\u00e1mmal \u201eBelter\u00fcleti \u00fath\u00e1l\u00f3zat fejleszt\u00e9se\u201d c\u00edmmel p\u00e1ly\u00e1zatot ny\u00fajtott be, amely alapj\u00e1n 610 423 055, <strong>&#8211; <\/strong>forint \u00f6sszeg\u0171&nbsp;vissza nem t\u00e9r\u00edtend\u0151 eur\u00f3pai uni\u00f3s t\u00e1mogat\u00e1sban r\u00e9szes\u00fclt. A projekt a Sz\u00e9chenyi Terv Plusz program keret\u00e9ben, az Eur\u00f3pai Uni\u00f3 t\u00e1mogat\u00e1s\u00e1val, a magyar \u00e1llam t\u00e1rsfinansz\u00edroz\u00e1s\u00e1val val\u00f3sul meg.<\/p>\n<p>A \u201eBelter\u00fcleti \u00fath\u00e1l\u00f3zat fejleszt\u00e9se\u201d c. projekt legf\u0151bb c\u00e9lja a belter\u00fcleti k\u00f6zutak fel\u00faj\u00edt\u00e1sa, korszer\u0171s\u00edt\u00e9se, az \u00fath\u00e1l\u00f3zat min\u0151s\u00e9gi fejleszt\u00e9se. Az \u00f6nkorm\u00e1nyzati tulajdon\u00fa utc\u00e1k fel\u00faj\u00edt\u00e1s\u00e1val javul az \u00e1ltaluk el\u00e9rhet\u0151 forgalomvonz\u00f3 l\u00e9tes\u00edtm\u00e9nyek megk\u00f6zel\u00edthet\u0151s\u00e9ge, a gazdas\u00e1g \u00e9s j\u00f3l\u00e9t mobilit\u00e1si felt\u00e9teleinek biztos\u00edt\u00e1s\u00e1val magasabb szintre emelkedik a v\u00e1ros \u00e1ltal\u00e1nos k\u00f6rnyezeti \u00e1llapota.<\/p>\n<p><u>Jelen projekt keret\u00e9ben az al\u00e1bbi belter\u00fcleti utak fel\u00faj\u00edt\u00e1sa val\u00f3sul meg:<\/u><\/p>\n<ul>\n<li>Horv\u00e1th Boldizs\u00e1r krt. fel\u00faj\u00edt\u00e1sa (11-es Husz\u00e1r \u00fati k\u00f6rforgalom \u00e9s a Sug\u00e1r \u00fati k\u00f6rforgalom k\u00f6z\u00f6tti 380 m hossz\u00fa szakasza ker\u00fcl fel\u00faj\u00edt\u00e1sra)<\/li>\n<li>E\u00f6tv\u00f6s L\u00f3r\u00e1nt utca fel\u00faj\u00edt\u00e1sa (N\u00e1dasdy Ferenc utca \u00e9s a Welther K\u00e1roly k\u00f6zti 109 m hossz\u00fa szakasza ker\u00fcl fel\u00faj\u00edt\u00e1sra)<\/li>\n<li>\u00cdrottk\u0151 utca fel\u00faj\u00edt\u00e1sa (A tervezett fel\u00faj\u00edt\u00e1s teljes hossza 355 m)<\/li>\n<li>Welther K\u00e1roly utca fel\u00faj\u00edt\u00e1sa (Semmelweis utca \u00e9s a Sz\u00e9ll K\u00e1lm\u00e1n k\u00f6zti 425 m hossz\u00fa szakasza ker\u00fcl fel\u00faj\u00edt\u00e1sra)<\/li>\n<li>Markusovszky L. utca fel\u00faj\u00edt\u00e1sa (Sug\u00e1r \u00fati k\u00f6rforgalom \u00e9s a Markusovszky L. utcai h\u00edd k\u00f3rh\u00e1z fel\u0151li v\u00e9ge k\u00f6z\u00f6tti 260 m hossz\u00fa szakasza ker\u00fcl fel\u00faj\u00edt\u00e1sra)<\/li>\n<\/ul>\n<p><u>A projekt eredm\u00e9nyess\u00e9g\u00e9t m\u00e9r\u0151 mutat\u00f3k:<\/u><\/p>\n<ul>\n<li>T\u00e1mogatott c\u00e9lzott ker\u00e9kp\u00e1ros infrastrukt\u00fara: 0,38 km<\/li>\n<li>\u00c1t\u00e9p\u00edtett vagy korszer\u0171s\u00edtett k\u00f6zutak hossza \u2013 nem TEN-T: 1,52 km<\/li>\n<\/ul>\n<p><strong>Kedvezm\u00e9nyezett (Konzorciumvezet\u0151): Szombathely Megyei Jog\u00fa V\u00e1ros \u00d6nkorm\u00e1nyzata<br \/>\n<\/strong><strong>Konzorciumi tag: Savaria V\u00e1rosfejleszt\u00e9si Nonprofit Kft.<br \/>\n<\/strong><strong>Meg\u00edt\u00e9lt t\u00e1mogat\u00e1s: 610 423 055,- Ft<br \/>\n<\/strong><strong>T\u00e1mogat\u00e1s m\u00e9rt\u00e9ke: 100%<br \/>\n<\/strong><strong>Megval\u00f3s\u00edt\u00e1si id\u0151szak: 2025.07.01. &#8211; 2028.12.31.<\/strong><\/p>\n<p><strong>&nbsp;<\/strong><\/p>\n","protected":false},"excerpt":{"rendered":"<p>Projekt azonos\u00edt\u00f3 sz\u00e1ma: TOP_PLUSZ-1.3.2-23-SH1-2025-00012 Projekt c\u00edme: Belter\u00fcleti \u00fath\u00e1l\u00f3zat fejleszt\u00e9se A  [&#8230;]<\/p>\n","protected":false},"author":2,"featured_media":0,"parent":0,"menu_order":0,"comment_status":"closed","ping_status":"closed","template":"","meta":{"ngg_post_thumbnail":0,"footnotes":""},"class_list":["post-1933","page","type-page","status-publish","hentry"],"_links":{"self":[{"href":"https:\/\/savaria2020.eu\/word\/wp-json\/wp\/v2\/pages\/1933","targetHints":{"allow":["GET"]}}],"collection":[{"href":"https:\/\/savaria2020.eu\/word\/wp-json\/wp\/v2\/pages"}],"about":[{"href":"https:\/\/savaria2020.eu\/word\/wp-json\/wp\/v2\/types\/page"}],"author":[{"embeddable":true,"href":"https:\/\/savaria2020.eu\/word\/wp-json\/wp\/v2\/users\/2"}],"replies":[{"embeddable":true,"href":"https:\/\/savaria2020.eu\/word\/wp-json\/wp\/v2\/comments?post=1933"}],"version-history":[{"count":1,"href":"https:\/\/savaria2020.eu\/word\/wp-json\/wp\/v2\/pages\/1933\/revisions"}],"predecessor-version":[{"id":1934,"href":"https:\/\/savaria2020.eu\/word\/wp-json\/wp\/v2\/pages\/1933\/revisions\/1934"}],"wp:attachment":[{"href":"https:\/\/savaria2020.eu\/word\/wp-json\/wp\/v2\/media?parent=1933"}],"curies":[{"name":"wp","href":"https:\/\/api.w.org\/{rel}","templated":true}]}}