{"id":1926,"date":"2025-08-27T13:00:08","date_gmt":"2025-08-27T13:00:08","guid":{"rendered":"https:\/\/savaria2020.eu\/word\/?page_id=1926"},"modified":"2025-08-27T13:00:08","modified_gmt":"2025-08-27T13:00:08","slug":"top_plusz-1-3-2-23-sh1-2025-00001-parkolasi-infrastruktura-es-zoldfeluletfejlesztes-a-derkovits-varosreszen","status":"publish","type":"page","link":"https:\/\/savaria2020.eu\/word\/top_plusz-1-3-2-23-sh1-2025-00001-parkolasi-infrastruktura-es-zoldfeluletfejlesztes-a-derkovits-varosreszen\/","title":{"rendered":"TOP_PLUSZ-1.3.2-23-SH1-2025-00001 &#8211; Parkol\u00e1si infrastrukt\u00fara- \u00e9s z\u00f6ldfel\u00fcletfejleszt\u00e9s a Derkovits v\u00e1rosr\u00e9szen"},"content":{"rendered":"<p><img decoding=\"async\" class=\"alignnone size-fusion-600 wp-image-1729\" src=\"https:\/\/savaria2020.eu\/word\/wp-content\/uploads\/2025\/06\/kedvezmenyezetti_infoblokk_fekvo_magyar_rgb_page-0001-600x171.jpg\" alt=\"\" width=\"600\" height=\"171\"><\/p>\n<p><strong>&nbsp;<\/strong><strong>Projekt azonos\u00edt\u00f3 sz\u00e1ma: TOP_PLUSZ-1.3.2-23-SH1-2025-00001<\/strong><\/p>\n<p><strong>Projekt c\u00edme: Parkol\u00e1si infrastrukt\u00fara- \u00e9s z\u00f6ldfel\u00fcletfejleszt\u00e9s a Derkovits v\u00e1rosr\u00e9szen<\/strong><\/p>\n<p><strong><u>A projekt c\u00e9lja \u00e9s r\u00f6vid \u00f6sszefoglal\u00e1sa:&nbsp;<\/u><\/strong><\/p>\n<p>Szombathely Megyei Jog\u00fa V\u00e1ros \u00d6nkorm\u00e1nyzata, a Ter\u00fclet- \u00e9s Telep\u00fcl\u00e9sfejleszt\u00e9si Operat\u00edv Program Plusz (TOP PLUSZ) keret\u00e9ben a TOP PLUSZ 1.3.2 jel\u0171, \u201eFenntarthat\u00f3 v\u00e1rosfejleszt\u00e9s\u201d c. p\u00e1ly\u00e1zati felh\u00edv\u00e1sra, TOP_PLUSZ-1.3.2-23-SH1-2025-00001 azonos\u00edt\u00f3sz\u00e1mmal \u201eParkol\u00e1si infrastrukt\u00fara- \u00e9s z\u00f6ldfel\u00fcletfejleszt\u00e9s a Derkovits v\u00e1rosr\u00e9szen\u201d c\u00edmmel p\u00e1ly\u00e1zatot ny\u00fajtott be, amely alapj\u00e1n 407 699 365<strong>, &#8211; <\/strong>Ft \u00f6sszeg\u0171&nbsp;vissza nem t\u00e9r\u00edtend\u0151 eur\u00f3pai uni\u00f3s t\u00e1mogat\u00e1sban r\u00e9szes\u00fclt. A projekt a Sz\u00e9chenyi Terv Plusz program keret\u00e9ben, az Eur\u00f3pai Uni\u00f3 t\u00e1mogat\u00e1s\u00e1val, a magyar \u00e1llam t\u00e1rsfinansz\u00edroz\u00e1s\u00e1val val\u00f3sul meg.<\/p>\n<p>A \u201eParkol\u00e1si infrastrukt\u00fara- \u00e9s z\u00f6ldfel\u00fcletfejleszt\u00e9s a Derkovits v\u00e1rosr\u00e9szen\u201d c. projekt legf\u0151bb c\u00e9lja a k\u00f6zleked\u00e9si \u00fatvonalak, a k\u00f6z\u00f6ss\u00e9gi c\u00e9l\u00fa parkol\u00e1si infrastrukt\u00fara fejleszt\u00e9s\u00e9vel \u00e9s a z\u00f6ldter\u00fcletek hasznos\u00edt\u00e1s\u00e1val \u00e9lhet\u0151 lak\u00f3telepi k\u00f6rnyezet kialak\u00edt\u00e1sa a Derkovits v\u00e1rosr\u00e9szen. A fejleszt\u00e9s megval\u00f3s\u00edt\u00e1s\u00e1val javul a lak\u00f3telep \u00e1ltal\u00e1nos k\u00f6rnyezeti \u00e1llapota, cs\u00f6kkennek a parkol\u00e1si neh\u00e9zs\u00e9gek \u00e9s \u00faj, akt\u00edv rekre\u00e1ci\u00f3s z\u00f6ldfel\u00fcletek l\u00e9tes\u00fclnek.<\/p>\n<p><u>A projekt keret\u00e9ben tervezett fejleszt\u00e9sek: <\/u><\/p>\n<ul>\n<li>Bem J. u. 19-29 sz. h\u00e1zt\u00f6mb\u00f6k k\u00f6z\u00f6tt \u00faj, 42 f\u00e9r\u0151helyes parkol\u00f3 kialak\u00edt\u00e1sa (hrsz:2804\/22)<\/li>\n<li>Bem J. u. 27. sz. h\u00e1zt\u00f6mb el\u0151tti ter\u00fcleten \u00faj, 22 f\u00e9r\u0151helyes parkol\u00f3 kialak\u00edt\u00e1sa (hrsz:2804\/22)<\/li>\n<li>Bem 11-13. \u00e9s 15-17. sz. h\u00e1zt\u00f6mb\u00f6k k\u00f6z\u00f6tt park rehabilit\u00e1ci\u00f3 (hrsz:2786\/1)<\/li>\n<li>Sz\u0171rcsap\u00f3 utca fel\u00faj\u00edt\u00e1sa (hrsz: 3587\/35)<\/li>\n<li>Patak utca fel\u00faj\u00edt\u00e1sa (hrsz:2551)<\/li>\n<\/ul>\n<p><u>A projekt eredm\u00e9nyess\u00e9g\u00e9t m\u00e9r\u0151 mutat\u00f3k:<\/u><\/p>\n<ul>\n<li>\u00c1t\u00e9p\u00edtett vagy korszer\u0171s\u00edtett k\u00f6zutak hossza \u2013 nem TEN-T: 0,46 km<\/li>\n<li>Az \u00e9ghajlatv\u00e1ltoz\u00e1shoz val\u00f3 alkalmazkod\u00e1s c\u00e9lj\u00e1b\u00f3l \u00e9p\u00edtett vagy fel\u00faj\u00edtott z\u00f6ldinfrastrukt\u00fara: 0,34 ha<\/li>\n<li>T\u00e1mogatott c\u00e9lzott ker\u00e9kp\u00e1ros infrastrukt\u00fara: 0,3 km<\/li>\n<\/ul>\n<p><strong>Kedvezm\u00e9nyezett (Konzorciumvezet\u0151): Szombathely Megyei Jog\u00fa V\u00e1ros \u00d6nkorm\u00e1nyzata<br \/>\n<\/strong><strong>Konzorciumi tag: Savaria V\u00e1rosfejleszt\u00e9si Nonprofit Kft.<br \/>\n<\/strong><strong>Meg\u00edt\u00e9lt t\u00e1mogat\u00e1s: 407 699 365,- Ft<br \/>\n<\/strong><strong>T\u00e1mogat\u00e1s m\u00e9rt\u00e9ke: 100%<br \/>\n<\/strong><strong>Megval\u00f3s\u00edt\u00e1si id\u0151szak: 2025.07.01. &#8211; 2028.12.31.<\/strong><\/p>\n","protected":false},"excerpt":{"rendered":"<p>&nbsp;Projekt azonos\u00edt\u00f3 sz\u00e1ma: TOP_PLUSZ-1.3.2-23-SH1-2025-00001 Projekt c\u00edme: Parkol\u00e1si infrastrukt\u00fara- \u00e9s z\u00f6ldfel\u00fcletfejleszt\u00e9s  [&#8230;]<\/p>\n","protected":false},"author":2,"featured_media":0,"parent":0,"menu_order":0,"comment_status":"closed","ping_status":"closed","template":"","meta":{"ngg_post_thumbnail":0,"footnotes":""},"class_list":["post-1926","page","type-page","status-publish","hentry"],"_links":{"self":[{"href":"https:\/\/savaria2020.eu\/word\/wp-json\/wp\/v2\/pages\/1926","targetHints":{"allow":["GET"]}}],"collection":[{"href":"https:\/\/savaria2020.eu\/word\/wp-json\/wp\/v2\/pages"}],"about":[{"href":"https:\/\/savaria2020.eu\/word\/wp-json\/wp\/v2\/types\/page"}],"author":[{"embeddable":true,"href":"https:\/\/savaria2020.eu\/word\/wp-json\/wp\/v2\/users\/2"}],"replies":[{"embeddable":true,"href":"https:\/\/savaria2020.eu\/word\/wp-json\/wp\/v2\/comments?post=1926"}],"version-history":[{"count":1,"href":"https:\/\/savaria2020.eu\/word\/wp-json\/wp\/v2\/pages\/1926\/revisions"}],"predecessor-version":[{"id":1927,"href":"https:\/\/savaria2020.eu\/word\/wp-json\/wp\/v2\/pages\/1926\/revisions\/1927"}],"wp:attachment":[{"href":"https:\/\/savaria2020.eu\/word\/wp-json\/wp\/v2\/media?parent=1926"}],"curies":[{"name":"wp","href":"https:\/\/api.w.org\/{rel}","templated":true}]}}