{"id":1920,"date":"2025-08-26T08:37:49","date_gmt":"2025-08-26T08:37:49","guid":{"rendered":"https:\/\/savaria2020.eu\/word\/?page_id=1920"},"modified":"2025-08-26T08:55:03","modified_gmt":"2025-08-26T08:55:03","slug":"top_plusz-6-2-1-23-sh1-2024-00001-sardi-er-iparterulet-fejlesztese-kivezeto-ut-epitese","status":"publish","type":"page","link":"https:\/\/savaria2020.eu\/word\/top_plusz-6-2-1-23-sh1-2024-00001-sardi-er-iparterulet-fejlesztese-kivezeto-ut-epitese\/","title":{"rendered":"TOP_PLUSZ-6.2.1-23-SH1-2024-00001 &#8211; S\u00e1rdi-\u00e9r iparter\u00fclet fejleszt\u00e9se, kivezet\u0151 \u00fat \u00e9p\u00edt\u00e9se"},"content":{"rendered":"<p><img decoding=\"async\" class=\"alignnone size-fusion-600 wp-image-1729\" src=\"https:\/\/savaria2020.eu\/word\/wp-content\/uploads\/2025\/06\/kedvezmenyezetti_infoblokk_fekvo_magyar_rgb_page-0001-600x171.jpg\" alt=\"\" width=\"600\" height=\"171\"><\/p>\n<p><strong>Projekt azonos\u00edt\u00f3 sz\u00e1ma: TOP_PLUSZ-6.2.1-23-SH1-2024-00001<br \/>\n<\/strong><strong>Projekt c\u00edme: S\u00e1rdi-\u00e9r iparter\u00fclet fejleszt\u00e9se, kivezet\u0151 \u00fat \u00e9p\u00edt\u00e9se<\/strong><\/p>\n<p><strong><u>A projekt c\u00e9lja \u00e9s r\u00f6vid \u00f6sszefoglal\u00e1sa:&nbsp;<\/u><\/strong><\/p>\n<p>Szombathely Megyei Jog\u00fa V\u00e1ros \u00d6nkorm\u00e1nyzata, a Ter\u00fclet- \u00e9s Telep\u00fcl\u00e9sfejleszt\u00e9si Operat\u00edv Program Plusz (TOP PLUSZ) keret\u00e9ben a TOP PLUSZ 6.2.1-23 jel\u0171, \u201eFenntarthat\u00f3 versenyk\u00e9pes v\u00e1rosfejleszt\u00e9s\u201d c. p\u00e1ly\u00e1zati felh\u00edv\u00e1sra, TOP_PLUSZ-6.2.1-23-SH1-2024-00001 azonos\u00edt\u00f3sz\u00e1mmal \u201eS\u00e1rdi-\u00e9r iparter\u00fclet fejleszt\u00e9se, kivezet\u0151 \u00fat \u00e9p\u00edt\u00e9se\u201d c\u00edmmel p\u00e1ly\u00e1zatot ny\u00fajtott be, amely alapj\u00e1n 200 milli\u00f3 forint \u00f6sszeg\u0171&nbsp;vissza nem t\u00e9r\u00edtend\u0151 eur\u00f3pai uni\u00f3s t\u00e1mogat\u00e1sban r\u00e9szes\u00fclt. A projekt a Sz\u00e9chenyi Terv Plusz program keret\u00e9ben, az Eur\u00f3pai Uni\u00f3 t\u00e1mogat\u00e1s\u00e1val, a magyar \u00e1llam t\u00e1rsfinansz\u00edroz\u00e1s\u00e1val val\u00f3sul meg.<\/p>\n<p>A \u201eS\u00e1rdi-\u00e9r iparter\u00fclet fejleszt\u00e9se, kivezet\u0151 \u00fat \u00e9p\u00edt\u00e9se\u201d c\u00edm\u0171 projekt legf\u0151bb c\u00e9lja a helyi gazdas\u00e1g fejleszt\u00e9se a k\u00f6zleked\u00e9si infrastrukt\u00fara fejleszt\u00e9s\u00e9vel, az ipari park c\u00edmmel rendelkez\u0151 ter\u00fclet el\u00e9rhet\u0151s\u00e9g\u00e9nek megteremt\u00e9se. A projekt megval\u00f3s\u00edt\u00e1s\u00e1val k\u00f6zvetlen k\u00f6z\u00fati kapcsolat l\u00e9tes\u00fcl az iparter\u00fclet \u00e9s az orsz\u00e1gos k\u00f6z\u00fath\u00e1l\u00f3zat k\u00f6z\u00f6tt, ler\u00f6vid\u00fcl a ter\u00fcleten telephellyel rendelkez\u0151 v\u00e1llalkoz\u00e1sok el\u00e9r\u00e9si \u00fatvonala. A kivezet\u0151 \u00fat meg\u00e9p\u00edt\u00e9s\u00e9vel cs\u00f6kken a ter\u00fcletet \u00e9rint\u0151 g\u00e9pj\u00e1rm\u0171forgalom \u00e1ltal kibocs\u00e1tott k\u00e1rosanyag (\u00dcHG, por) mennyis\u00e9ge, \u00edgy a gazdas\u00e1gfejleszt\u00e9si hat\u00e1son t\u00fal javul a v\u00e1ros \u00e1ltal\u00e1nos k\u00f6rnyezeti \u00e1llapota is.<\/p>\n<p><u>A projekt keret\u00e9ben tervezett fejleszt\u00e9s: <\/u><\/p>\n<p>A tervezett fejleszt\u00e9s k\u00f6zvetlen kapcsolatot biztos\u00edt a megfejlesztett ipari ter\u00fcletek \u00e9s az \u00c9-D-i k\u00f6zleked\u00e9si \u00e9s gazdas\u00e1gi tengely r\u00e9sz\u00e9t k\u00e9pez\u0151 86-os \u00e9s 87-es sz\u00e1m\u00fa f\u0151\u00fatvonalak kor\u00e1bban ki\u00e9p\u00edtett k\u00f6rforgalmi csom\u00f3pontja k\u00f6z\u00f6tt. A k\u00f6rforgalom meg\u00e9p\u00edt\u00e9sekor a jelenleg tervezett csatlakoz\u00e1s ig\u00e9nyeinek megfelel\u0151en ki\u00e9p\u00edt\u00e9sre ker\u00fclt egy \u00c9-NY-i kivezet\u0151 \u00e1g, \u00edgy a fejleszt\u00e9s nem \u00e9rinti k\u00f6zvetlen\u00fcl az orsz\u00e1gos k\u00f6z\u00fath\u00e1l\u00f3zatot. Az iparter\u00fclet megl\u00e9v\u0151 \u00fatjait \u00e9s a k\u00f6rforgalmi csom\u00f3pontot \u00f6sszek\u00f6t\u0151 \u00fat megk\u00f6nny\u00edti a ter\u00fcleten l\u00e9v\u0151 telephelyek megk\u00f6zel\u00edt\u00e9s\u00e9t \u00e9s tov\u00e1bbi v\u00e1llalkoz\u00e1sok sz\u00e1m\u00e1ra teremt betelep\u00fcl\u00e9si lehet\u0151s\u00e9get.<\/p>\n<p><u>A projekt eredm\u00e9nyess\u00e9g\u00e9t m\u00e9r\u0151 mutat\u00f3k:<\/u><\/p>\n<ul>\n<li>Nem p\u00e9nz\u00fcgyi t\u00e1mogat\u00e1sban r\u00e9szes\u00edtett v\u00e1llalkoz\u00e1sok: 1 db<\/li>\n<\/ul>\n<p><strong>Kedvezm\u00e9nyezett (Konzorciumvezet\u0151): Szombathely Megyei Jog\u00fa V\u00e1ros \u00d6nkorm\u00e1nyzata<br \/>\n<\/strong><strong>Konzorciumi tag: Savaria V\u00e1rosfejleszt\u00e9si Nonprofit Kft.<br \/>\n<\/strong><strong>Meg\u00edt\u00e9lt t\u00e1mogat\u00e1s: 200&nbsp;000 000,- Ft<br \/>\n<\/strong><strong>T\u00e1mogat\u00e1s m\u00e9rt\u00e9ke: 100%<br \/>\n<\/strong><strong>Megval\u00f3s\u00edt\u00e1si id\u0151szak: 2025.07.01. &#8211; 2027.04.30.<\/strong><\/p>\n","protected":false},"excerpt":{"rendered":"<p>Projekt azonos\u00edt\u00f3 sz\u00e1ma: TOP_PLUSZ-6.2.1-23-SH1-2024-00001 Projekt c\u00edme: S\u00e1rdi-\u00e9r iparter\u00fclet fejleszt\u00e9se, kivezet\u0151  [&#8230;]<\/p>\n","protected":false},"author":2,"featured_media":0,"parent":0,"menu_order":0,"comment_status":"closed","ping_status":"closed","template":"","meta":{"ngg_post_thumbnail":0,"footnotes":""},"class_list":["post-1920","page","type-page","status-publish","hentry"],"_links":{"self":[{"href":"https:\/\/savaria2020.eu\/word\/wp-json\/wp\/v2\/pages\/1920","targetHints":{"allow":["GET"]}}],"collection":[{"href":"https:\/\/savaria2020.eu\/word\/wp-json\/wp\/v2\/pages"}],"about":[{"href":"https:\/\/savaria2020.eu\/word\/wp-json\/wp\/v2\/types\/page"}],"author":[{"embeddable":true,"href":"https:\/\/savaria2020.eu\/word\/wp-json\/wp\/v2\/users\/2"}],"replies":[{"embeddable":true,"href":"https:\/\/savaria2020.eu\/word\/wp-json\/wp\/v2\/comments?post=1920"}],"version-history":[{"count":3,"href":"https:\/\/savaria2020.eu\/word\/wp-json\/wp\/v2\/pages\/1920\/revisions"}],"predecessor-version":[{"id":1925,"href":"https:\/\/savaria2020.eu\/word\/wp-json\/wp\/v2\/pages\/1920\/revisions\/1925"}],"wp:attachment":[{"href":"https:\/\/savaria2020.eu\/word\/wp-json\/wp\/v2\/media?parent=1920"}],"curies":[{"name":"wp","href":"https:\/\/api.w.org\/{rel}","templated":true}]}}