{"id":1880,"date":"2025-07-24T12:24:10","date_gmt":"2025-07-24T12:24:10","guid":{"rendered":"https:\/\/savaria2020.eu\/word\/?page_id=1880"},"modified":"2025-07-24T12:27:45","modified_gmt":"2025-07-24T12:27:45","slug":"rrf-1-1-2-21-2021-00007-uj-bolcsode-epitese-szombathely-szentkiralyi-varosreszen","status":"publish","type":"page","link":"https:\/\/savaria2020.eu\/word\/rrf-1-1-2-21-2021-00007-uj-bolcsode-epitese-szombathely-szentkiralyi-varosreszen\/","title":{"rendered":"RRF-1.1.2-21-2021-00007 &#8211; \u00daj b\u00f6lcs\u0151de \u00e9p\u00edt\u00e9se Szombathely Szentkir\u00e1lyi v\u00e1rosr\u00e9szen"},"content":{"rendered":"<p>&nbsp;<\/p>\n<p><img decoding=\"async\" class=\"alignnone size-fusion-600 wp-image-1881\" src=\"https:\/\/savaria2020.eu\/word\/wp-content\/uploads\/2025\/07\/RRF-kedvezmenyezetti-infoblokk-keretes-600x181.jpg\" alt=\"\" width=\"600\" height=\"181\" srcset=\"https:\/\/savaria2020.eu\/word\/wp-content\/uploads\/2025\/07\/RRF-kedvezmenyezetti-infoblokk-keretes-200x60.jpg 200w, https:\/\/savaria2020.eu\/word\/wp-content\/uploads\/2025\/07\/RRF-kedvezmenyezetti-infoblokk-keretes-300x90.jpg 300w, https:\/\/savaria2020.eu\/word\/wp-content\/uploads\/2025\/07\/RRF-kedvezmenyezetti-infoblokk-keretes-400x121.jpg 400w, https:\/\/savaria2020.eu\/word\/wp-content\/uploads\/2025\/07\/RRF-kedvezmenyezetti-infoblokk-keretes-600x181.jpg 600w, https:\/\/savaria2020.eu\/word\/wp-content\/uploads\/2025\/07\/RRF-kedvezmenyezetti-infoblokk-keretes-768x232.jpg 768w, https:\/\/savaria2020.eu\/word\/wp-content\/uploads\/2025\/07\/RRF-kedvezmenyezetti-infoblokk-keretes-800x241.jpg 800w, https:\/\/savaria2020.eu\/word\/wp-content\/uploads\/2025\/07\/RRF-kedvezmenyezetti-infoblokk-keretes-1024x309.jpg 1024w, https:\/\/savaria2020.eu\/word\/wp-content\/uploads\/2025\/07\/RRF-kedvezmenyezetti-infoblokk-keretes.jpg 1081w\" sizes=\"(max-width: 600px) 100vw, 600px\" \/><\/p>\n<p><strong><u>\u00daj b\u00f6lcs\u0151de \u00e9p\u00edt\u00e9se Szombathely Szentkir\u00e1lyi v\u00e1rosr\u00e9szen<\/u><\/strong><\/p>\n<p><strong>Projekt azonos\u00edt\u00f3sz\u00e1m: <\/strong><strong>RRF-1.1.2-21-2021-00007<\/strong><\/p>\n<p>A projekt c\u00e9lja \u00e9s r\u00f6vid \u00f6sszefoglal\u00e1sa:<\/p>\n<p>Jelen fejleszt\u00e9si elk\u00e9pzel\u00e9s a Magyarorsz\u00e1g Helyre\u00e1ll\u00edt\u00e1si \u00e9s Ellen\u00e1ll\u00f3k\u00e9pess\u00e9gi Terv\u00e9ben neves\u00edtett \u201eA\u201d komponens B\u00f6lcs\u0151dei nevel\u00e9s fejleszt\u00e9se c. elem\u00e9hez, tov\u00e1bb\u00e1 a Korai nevel\u00e9s felt\u00e9teleinek b\u0151v\u00edt\u00e9se \u00e9s t\u00e1rsadalmi egyenl\u0151tlens\u00e9gek cs\u00f6kkent\u00e9s\u00e9re \u00e9s a sz\u00fcl\u0151k foglalkoztat\u00e1si es\u00e9lyeinek n\u00f6vel\u00e9s\u00e9re c. reformhoz illeszkedik. Az \u201eA\u201d komponens kiindul\u00f3 pontja a n\u00e9pess\u00e9gsz\u00e1m cs\u00f6kken\u00e9s\u00e9nek sz\u00fclet\u00e9sek t\u00e1mogat\u00e1s\u00e1val t\u00f6rt\u00e9n\u0151 meg\u00e1ll\u00edt\u00e1sa \u00e9s a v\u00e1gyott \u00e9s megsz\u00fcletett gyermekek sz\u00e1ma k\u00f6z\u00f6tti k\u00fcl\u00f6nbs\u00e9g cs\u00f6kkent\u00e9se. A sz\u00fclet\u00e9sek sz\u00e1m\u00e1nak n\u00f6veked\u00e9s\u00e9hez \u00e9s az ezzel p\u00e1rhuzamosan n\u00f6vekv\u0151 n\u0151i foglalkoztat\u00e1s ar\u00e1ny\u00e1nak emelked\u00e9s\u00e9hez elengedhetetlen az int\u00e9zm\u00e9nyi h\u00e1l\u00f3 fejleszt\u00e9se, a korai nevel\u00e9s felt\u00e9telrendszer\u00e9nek b\u0151v\u00edt\u00e9se. A projekt keret\u00e9ben megval\u00f3sult \u00faj b\u00f6lcs\u0151de a gyermekj\u00f3l\u00e9ti alapell\u00e1t\u00e1sok k\u00f6z\u00fcl a b\u00f6lcs\u0151dei ell\u00e1t\u00e1si form\u00e1hoz val\u00f3 hozz\u00e1f\u00e9r\u00e9st jav\u00edtja Szombathely Szentkir\u00e1lyi v\u00e1rosr\u00e9szen. Az adott v\u00e1rosr\u00e9szen kor\u00e1bban nem megtal\u00e1lhat\u00f3 alapell\u00e1t\u00e1s p\u00f3tl\u00e1sa a b\u00f6lcs\u0151dei ell\u00e1t\u00e1si form\u00e1k \u00e1ltal ny\u00fajtott szolg\u00e1ltat\u00e1sok min\u0151s\u00e9gi fejleszt\u00e9s\u00e9t seg\u00edti el\u0151, hozz\u00e1j\u00e1rulva a kisgyermeket nevel\u0151k munkav\u00e1llal\u00e1s\u00e1nak t\u00e1mogat\u00e1s\u00e1hoz, a csal\u00e1dok seg\u00edt\u00e9s\u00e9hez. A beruh\u00e1z\u00e1s helyi sz\u00fcks\u00e9gleteken alapult, a felh\u00edv\u00e1s c\u00e9lkit\u0171z\u00e9seivel \u00f6sszhangban \u00e1ll\u00f3 tev\u00e9kenys\u00e9geket tartalmaz, \u00faj, energiahat\u00e9kony \u00e9p\u00fclet meg\u00e9p\u00edt\u00e9s\u00e9t \u00e9s \u00faj b\u00f6lcs\u0151dei f\u00e9r\u0151helyek l\u00e9tes\u00edt\u00e9s\u00e9t eredm\u00e9nyezte, mellyel elegend\u0151 kapacit\u00e1s biztos\u00edtott az ell\u00e1t\u00e1si ter\u00fcleten.<\/p>\n<p>Az \u00faj b\u00f6lcs\u0151dei tagint\u00e9zm\u00e9ny biztos\u00edtja a csal\u00e1dok sz\u00e1m\u00e1ra a meger\u0151s\u00edtett int\u00e9zm\u00e9nyi \u00e9s szoci\u00e1lis h\u00e1l\u00f3t, az egy\u00e9ni \u00e9lethelyzetre szabott seg\u00edts\u00e9gny\u00fajt\u00e1s lehet\u0151s\u00e9g\u00e9t, tov\u00e1bb\u00e1 megteremti a munka \u00e9s a csal\u00e1di \u00e9let \u00f6sszehangol\u00e1s\u00e1nak lehet\u0151s\u00e9g\u00e9t. A korai nevel\u00e9s felt\u00e9teleinek b\u0151v\u00edt\u00e9se nemcsak a t\u00e1rsadalmi egyenl\u0151tlens\u00e9gek cs\u00f6kkent\u00e9s\u00e9t szolg\u00e1lja, hanem az \u00e9rintett sz\u00fcl\u0151k foglalkoztat\u00e1si es\u00e9lyeit n\u00f6veli, egyben t\u00e1mogatva a h\u00e1tr\u00e1nyos helyzet\u0171 sz\u00fcl\u0151k munkaer\u0151piaci reintegr\u00e1ci\u00f3j\u00e1t is.<\/p>\n<p>Az int\u00e9zked\u00e9s c\u00e9lja, hogy a b\u00f6lcs\u0151dei ell\u00e1t\u00e1st ny\u00fajt\u00f3 int\u00e9zm\u00e9ny szolg\u00e1ltat\u00f3, csal\u00e1dbar\u00e1t int\u00e9zm\u00e9nyk\u00e9nt, szolg\u00e1ltat\u00e1sk\u00e9nt hozz\u00e1j\u00e1ruljon a csal\u00e1dok \u00e9letmin\u0151s\u00e9g\u00e9nek javul\u00e1s\u00e1hoz, a sz\u00fcl\u0151k munkav\u00e1llal\u00e1si es\u00e9lyeinek n\u00f6vel\u00e9s\u00e9hez.<\/p>\n<p>Fejleszt\u00e9ssel el\u00e9rt eredm\u00e9nyek:<\/p>\n<p>&#8211; \u00faj b\u00f6lcs\u0151dei f\u00e9r\u0151helyek sz\u00e1ma: 40 db<\/p>\n<p>&#8211; b\u00f6lcs\u0151dei ell\u00e1t\u00e1st ny\u00fajt\u00f3 \u00faj int\u00e9zm\u00e9ny\/feladatell\u00e1t\u00e1si hely sz\u00e1ma: 1 db<\/p>\n<p>&#8211; b\u00f6lcs\u0151d\u00e9ben \u00fajonnan l\u00e9trehozott munkahelyek sz\u00e1ma: 11 db<\/p>\n<p>Jelen projekt keret\u00e9ben \u00faj feladatell\u00e1t\u00e1si helysz\u00ednen 3 klasszikus csoportszob\u00e1val 40 f\u00e9r\u0151helyes b\u00f6lcs\u0151de \u00e9p\u00fclt meg a Szentkir\u00e1lyi v\u00e1rosr\u00e9szen. Az \u00faj b\u00f6lcs\u0151de l\u00e9tes\u00edt\u00e9s\u00e9n\u00e9l fontos szempont volt a funkcionalit\u00e1snak megfelel\u0151 kialak\u00edt\u00e1s, prevenci\u00f3s \u00e9s fejleszt\u0151 tev\u00e9kenys\u00e9g v\u00e9gz\u00e9s\u00e9hez sz\u00fcks\u00e9ges helyis\u00e9gek l\u00e9tes\u00edt\u00e9se, a teljes \u00e9p\u00fclet akad\u00e1lymentes megk\u00f6zel\u00edt\u00e9s\u00e9nek biztos\u00edt\u00e1sa, energiatakar\u00e9kos m\u0171k\u00f6dtet\u00e9se.<\/p>\n<p><strong>Kedvezm\u00e9nyezett: Szombathely Megyei Jog\u00fa V\u00e1ros \u00d6nkorm\u00e1nyzata<br \/>\n<\/strong><strong>Meg\u00edt\u00e9lt t\u00e1mogat\u00e1s: 600&nbsp;000 000,- Ft<br \/>\n<\/strong><strong>T\u00e1mogat\u00e1s m\u00e9rt\u00e9ke: 100%<br \/>\n<\/strong><strong>Megval\u00f3s\u00edt\u00e1si id\u0151szak: 2022.08.01 &#8211; 2024.12.30.<\/strong><\/p>\nngg_shortcode_0_placeholder\n","protected":false},"excerpt":{"rendered":"<p>&nbsp; \u00daj b\u00f6lcs\u0151de \u00e9p\u00edt\u00e9se Szombathely Szentkir\u00e1lyi v\u00e1rosr\u00e9szen Projekt azonos\u00edt\u00f3sz\u00e1m: RRF-1.1.2-21-2021-00007  [&#8230;]<\/p>\n","protected":false},"author":2,"featured_media":0,"parent":0,"menu_order":0,"comment_status":"closed","ping_status":"closed","template":"","meta":{"ngg_post_thumbnail":0,"footnotes":""},"class_list":["post-1880","page","type-page","status-publish","hentry"],"_links":{"self":[{"href":"https:\/\/savaria2020.eu\/word\/wp-json\/wp\/v2\/pages\/1880","targetHints":{"allow":["GET"]}}],"collection":[{"href":"https:\/\/savaria2020.eu\/word\/wp-json\/wp\/v2\/pages"}],"about":[{"href":"https:\/\/savaria2020.eu\/word\/wp-json\/wp\/v2\/types\/page"}],"author":[{"embeddable":true,"href":"https:\/\/savaria2020.eu\/word\/wp-json\/wp\/v2\/users\/2"}],"replies":[{"embeddable":true,"href":"https:\/\/savaria2020.eu\/word\/wp-json\/wp\/v2\/comments?post=1880"}],"version-history":[{"count":2,"href":"https:\/\/savaria2020.eu\/word\/wp-json\/wp\/v2\/pages\/1880\/revisions"}],"predecessor-version":[{"id":1904,"href":"https:\/\/savaria2020.eu\/word\/wp-json\/wp\/v2\/pages\/1880\/revisions\/1904"}],"wp:attachment":[{"href":"https:\/\/savaria2020.eu\/word\/wp-json\/wp\/v2\/media?parent=1880"}],"curies":[{"name":"wp","href":"https:\/\/api.w.org\/{rel}","templated":true}]}}