{"id":1819,"date":"2025-07-22T13:16:44","date_gmt":"2025-07-22T13:16:44","guid":{"rendered":"https:\/\/savaria2020.eu\/word\/?page_id=1819"},"modified":"2025-07-22T13:29:09","modified_gmt":"2025-07-22T13:29:09","slug":"top_plusz-1-3-2-23-sh1-2025-00002-kerekparosbarat-fejlesztesek-a-deli-varosreszen","status":"publish","type":"page","link":"https:\/\/savaria2020.eu\/word\/top_plusz-1-3-2-23-sh1-2025-00002-kerekparosbarat-fejlesztesek-a-deli-varosreszen\/","title":{"rendered":"TOP_PLUSZ-1.3.2-23-SH1-2025-00002 &#8211; Ker\u00e9kp\u00e1rosbar\u00e1t fejleszt\u00e9sek a d\u00e9li v\u00e1rosr\u00e9szen"},"content":{"rendered":"<p><img decoding=\"async\" class=\"alignnone wp-image-1729\" src=\"https:\/\/savaria2020.eu\/word\/wp-content\/uploads\/2025\/06\/kedvezmenyezetti_infoblokk_fekvo_magyar_rgb_page-0001-600x171.jpg\" alt=\"\" width=\"505\" height=\"144\"><\/p>\n<p><strong>Projekt azonos\u00edt\u00f3 sz\u00e1ma: TOP_PLUSZ-1.3.2-23-SH1-2025-00002<br \/>\n<\/strong><strong>Projekt c\u00edme: Ker\u00e9kp\u00e1rosbar\u00e1t fejleszt\u00e9sek a d\u00e9li v\u00e1rosr\u00e9szen<\/strong><\/p>\n<p><strong><u>A projekt c\u00e9lja \u00e9s r\u00f6vid \u00f6sszefoglal\u00e1sa:&nbsp;<\/u><\/strong><\/p>\n<p>Szombathely Megyei Jog\u00fa V\u00e1ros \u00d6nkorm\u00e1nyzata, a Ter\u00fclet- \u00e9s Telep\u00fcl\u00e9sfejleszt\u00e9si Operat\u00edv Program Plusz (TOP PLUSZ) keret\u00e9ben a TOP PLUSZ 1.3.2 jel\u0171, \u201eFenntarthat\u00f3 v\u00e1rosfejleszt\u00e9s\u201d c. p\u00e1ly\u00e1zati felh\u00edv\u00e1sra, TOP_PLUSZ-1.3.2-23-SH1-2025-00002 azonos\u00edt\u00f3sz\u00e1mmal \u201eKer\u00e9kp\u00e1rosbar\u00e1t fejleszt\u00e9sek a d\u00e9li v\u00e1rosr\u00e9szen\u201d c\u00edmmel p\u00e1ly\u00e1zatot ny\u00fajtott be, amely alapj\u00e1n 466&nbsp;166 423<strong>, &#8211; <\/strong>forint \u00f6sszeg\u0171&nbsp;vissza nem t\u00e9r\u00edtend\u0151 eur\u00f3pai uni\u00f3s t\u00e1mogat\u00e1sban r\u00e9szes\u00fclt. A projekt a Sz\u00e9chenyi Terv Plusz program keret\u00e9ben, az Eur\u00f3pai Uni\u00f3 t\u00e1mogat\u00e1s\u00e1val, a magyar \u00e1llam t\u00e1rsfinansz\u00edroz\u00e1s\u00e1val val\u00f3sul meg.<\/p>\n<p>A \u201eKer\u00e9kp\u00e1rosbar\u00e1t fejleszt\u00e9sek a d\u00e9li v\u00e1rosr\u00e9szen\u201d c\u00edm\u0171 projekt legf\u0151bb c\u00e9lja a fenntarthat\u00f3, k\u00f6rnyezetbar\u00e1t k\u00f6zleked\u00e9si infrastrukt\u00fara fejleszt\u00e9se \u00e9s Szombathely MJV ker\u00e9kp\u00e1r\u00fat h\u00e1l\u00f3zat hi\u00e1nyz\u00f3 elemeinek meg\u00e9p\u00edt\u00e9se. A projekt a telep\u00fcl\u00e9si infrastrukt\u00fara fejleszt\u00e9s\u00e9t c\u00e9lozza, hozz\u00e1j\u00e1rul a telep\u00fcl\u00e9s \u00e9lhet\u0151bb\u00e9 v\u00e1l\u00e1s\u00e1hoz, n\u00e9pess\u00e9gmegtart\u00f3 k\u00e9pess\u00e9g\u00e9nek jav\u00edt\u00e1s\u00e1hoz \u00e9s a t\u00e9rs\u00e9gi felz\u00e1rk\u00f3z\u00e1s\u00e1hoz. Az infrastruktur\u00e1lis beruh\u00e1z\u00e1son k\u00edv\u00fcl a projektbe tervez\u00e9sre ker\u00fclt ker\u00e9kp\u00e1ros k\u00f6zleked\u00e9st n\u00e9pszer\u0171s\u00edt\u0151, k\u00f6zleked\u00e9sbiztons\u00e1gi c\u00e9l\u00fa szeml\u00e9letform\u00e1l\u00f3 akci\u00f3k, tev\u00e9kenys\u00e9gek megval\u00f3s\u00edt\u00e1sa.<\/p>\n<p><u>A projekt keret\u00e9ben k\u00e9t hi\u00e1nyz\u00f3 ker\u00e9kp\u00e1r\u00fat szakasz ker\u00fcl ki\u00e9p\u00edt\u00e9sre a d\u00e9li v\u00e1rosr\u00e9szen: <\/u><\/p>\n<ul>\n<li>Szombathely, Rumi K\u00fcls\u0151 \u00faton a Sport t\u00e9r \u00e9s Bog\u00e1t fasor k\u00f6zti ker\u00e9kp\u00e1r\u00fat kialak\u00edt\u00e1sa:<br \/>\nA Szombathely-Sz\u0151l\u0151s vas\u00fat\u00e1llom\u00e1s \u00e9s a Sport t\u00e9r k\u00f6z\u00f6tti szakaszon megl\u00e9v\u0151 gyalog- \u00e9s ker\u00e9kp\u00e1r\u00fat h\u00faz\u00f3dik, illetve a Bog\u00e1t fasort\u00f3l kifel\u00e9 a 87. sz\u00e1m\u00fa f\u0151\u00fatig ker\u00e9kp\u00e1r\u00fat tal\u00e1lhat\u00f3. A k\u00e9t szakasz k\u00f6z\u00f6tti ker\u00e9kp\u00e1ros \u00fatvonal ki\u00e9p\u00edt\u00e9se val\u00f3sul meg.<\/li>\n<\/ul>\n<ul>\n<li>Szombathely, Rumi \u00faton a Csitit\u00f3 \u00e9s Szombathely-Sz\u0151l\u0151s vas\u00fat\u00e1llom\u00e1s k\u00f6zti ker\u00e9kp\u00e1ros \u00fatvonal ki\u00e9p\u00edt\u00e9se:<br \/>\nA teljes szakaszon nem lehet ki\u00e9p\u00edteni egy \u00faj k\u00e9tir\u00e1nyban k\u00f6zleked\u0151 ker\u00e9kp\u00e1rutat, ez\u00e9rt k\u00fcl\u00f6nb\u00f6z\u0151 ker\u00e9kp\u00e1rforgalmi l\u00e9tes\u00edtm\u00e9ny t\u00edpusok ker\u00fclnek kialak\u00edt\u00e1sra.<\/li>\n<\/ul>\n<p><u>A fejleszt\u00e9ssel \u00e9rintett ker\u00e9kp\u00e1r\u00fatszakaszok hossza \u00f6sszesen<\/u>: 1,88 km<\/p>\n<p><strong>Kedvezm\u00e9nyezett (Konzorciumvezet\u0151): Szombathely Megyei Jog\u00fa V\u00e1ros \u00d6nkorm\u00e1nyzata<br \/>\n<\/strong><strong>Konzorciumi tag: Savaria V\u00e1rosfejleszt\u00e9si Nonprofit Kft.<br \/>\n<\/strong><strong>Meg\u00edt\u00e9lt t\u00e1mogat\u00e1s: 466&nbsp;166 423,- Ft<br \/>\n<\/strong><strong>T\u00e1mogat\u00e1s m\u00e9rt\u00e9ke: 100%<br \/>\n<\/strong><strong>Megval\u00f3s\u00edt\u00e1si id\u0151szak: 2025.07.01. &#8211; 2028.12.31.<\/strong><\/p>\nngg_shortcode_0_placeholder\n","protected":false},"excerpt":{"rendered":"<p>Projekt azonos\u00edt\u00f3 sz\u00e1ma: TOP_PLUSZ-1.3.2-23-SH1-2025-00002 Projekt c\u00edme: Ker\u00e9kp\u00e1rosbar\u00e1t fejleszt\u00e9sek a d\u00e9li  [&#8230;]<\/p>\n","protected":false},"author":2,"featured_media":0,"parent":0,"menu_order":0,"comment_status":"closed","ping_status":"closed","template":"","meta":{"ngg_post_thumbnail":0,"footnotes":""},"class_list":["post-1819","page","type-page","status-publish","hentry"],"_links":{"self":[{"href":"https:\/\/savaria2020.eu\/word\/wp-json\/wp\/v2\/pages\/1819","targetHints":{"allow":["GET"]}}],"collection":[{"href":"https:\/\/savaria2020.eu\/word\/wp-json\/wp\/v2\/pages"}],"about":[{"href":"https:\/\/savaria2020.eu\/word\/wp-json\/wp\/v2\/types\/page"}],"author":[{"embeddable":true,"href":"https:\/\/savaria2020.eu\/word\/wp-json\/wp\/v2\/users\/2"}],"replies":[{"embeddable":true,"href":"https:\/\/savaria2020.eu\/word\/wp-json\/wp\/v2\/comments?post=1819"}],"version-history":[{"count":4,"href":"https:\/\/savaria2020.eu\/word\/wp-json\/wp\/v2\/pages\/1819\/revisions"}],"predecessor-version":[{"id":1830,"href":"https:\/\/savaria2020.eu\/word\/wp-json\/wp\/v2\/pages\/1819\/revisions\/1830"}],"wp:attachment":[{"href":"https:\/\/savaria2020.eu\/word\/wp-json\/wp\/v2\/media?parent=1819"}],"curies":[{"name":"wp","href":"https:\/\/api.w.org\/{rel}","templated":true}]}}