{"id":1797,"date":"2025-07-22T12:32:01","date_gmt":"2025-07-22T12:32:01","guid":{"rendered":"https:\/\/savaria2020.eu\/word\/?page_id=1797"},"modified":"2025-07-24T11:18:04","modified_gmt":"2025-07-24T11:18:04","slug":"1797-2","status":"publish","type":"page","link":"https:\/\/savaria2020.eu\/word\/1797-2\/","title":{"rendered":"TOP_PLUSZ-1.3.2-23-SH1-2025-00004 &#8211; Hunyadi \u00fat fel\u00faj\u00edt\u00e1sa Szombathelyen I. \u00fctem"},"content":{"rendered":"<p><img decoding=\"async\" class=\"alignleft wp-image-1729\" src=\"https:\/\/savaria2020.eu\/word\/wp-content\/uploads\/2025\/06\/kedvezmenyezetti_infoblokk_fekvo_magyar_rgb_page-0001-600x171.jpg\" alt=\"\" width=\"505\" height=\"144\"><\/p>\n<p>&nbsp;<\/p>\n<p>&nbsp;<\/p>\n<p>&nbsp;<\/p>\n<p>&nbsp;<\/p>\n<p><strong>Projekt azonos\u00edt\u00f3 sz\u00e1ma: <\/strong>TOP_PLUSZ-1.3.2-23-SH1-2025-00004<\/p>\n<p><strong>Projekt c\u00edme: <\/strong>Hunyadi \u00fat fel\u00faj\u00edt\u00e1sa Szombathelyen I. \u00fctem<\/p>\n<p><strong><u>A projekt c\u00e9lja \u00e9s r\u00f6vid \u00f6sszefoglal\u00e1sa:&nbsp;<\/u><\/strong><\/p>\n<p>Szombathely Megyei Jog\u00fa V\u00e1ros \u00d6nkorm\u00e1nyzata, a Ter\u00fclet- \u00e9s Telep\u00fcl\u00e9sfejleszt\u00e9si Operat\u00edv Program Plusz (TOP PLUSZ) keret\u00e9ben a TOP PLUSZ 1.3.2 jel\u0171, \u201eFenntarthat\u00f3 v\u00e1rosfejleszt\u00e9s\u201d c. p\u00e1ly\u00e1zati felh\u00edv\u00e1sra, TOP_PLUSZ-1.3.2-23-SH1-2025-00004 azonos\u00edt\u00f3sz\u00e1mmal \u201eHunyadi \u00fat fel\u00faj\u00edt\u00e1sa Szombathelyen I. \u00fctem\u201d c\u00edmmel p\u00e1ly\u00e1zatot ny\u00fajtott be, amely alapj\u00e1n 437&nbsp;939 400<strong>, &#8211; <\/strong>forint \u00f6sszeg\u0171&nbsp;vissza nem t\u00e9r\u00edtend\u0151 eur\u00f3pai uni\u00f3s t\u00e1mogat\u00e1sban r\u00e9szes\u00fclt. A projekt a Sz\u00e9chenyi Terv Plusz program keret\u00e9ben, az Eur\u00f3pai Uni\u00f3 t\u00e1mogat\u00e1s\u00e1val, a magyar \u00e1llam t\u00e1rsfinansz\u00edroz\u00e1s\u00e1val val\u00f3sul meg.<\/p>\n<p>A \u201eHunyadi \u00fat fel\u00faj\u00edt\u00e1sa Szombathelyen I. \u00fctem\u201d c. projekt legf\u0151bb c\u00e9lja a k\u00f6zleked\u00e9si infrastrukt\u00fara fejleszt\u00e9s\u00e9vel egy \u00e9lhet\u0151, az itt lak\u00f3k sz\u00e1m\u00e1ra egyre magasabb megel\u00e9gedetts\u00e9get biztos\u00edt\u00f3 lak\u00f3telepi k\u00f6rnyezet kialak\u00edt\u00e1sa a Joskar-Ola v\u00e1rosr\u00e9szen a meglev\u0151 belter\u00fcleti \u00fath\u00e1l\u00f3zat min\u0151s\u00e9gi fejleszt\u00e9s\u00e9vel. Az \u00f6nkorm\u00e1nyzati tulajdon\u00fa Hunyadi \u00fat fel\u00faj\u00edt\u00e1s\u00e1val, k\u00f6zleked\u00e9sbiztons\u00e1gi c\u00e9l\u00fa fejleszt\u00e9s\u00e9vel javul a telep\u00fcl\u00e9sr\u00e9sz megk\u00f6zel\u00edthet\u0151s\u00e9ge, a gazdas\u00e1g \u00e9s j\u00f3l\u00e9t mobilit\u00e1si felt\u00e9teleinek biztos\u00edt\u00e1s\u00e1val magasabb szintre emelkedik a lak\u00f3telep \u00e1ltal\u00e1nos k\u00f6rnyezeti \u00e1llapota.<\/p>\n<p><u>Jelen projekt keret\u00e9ben az al\u00e1bbi belter\u00fcleti \u00fat fel\u00faj\u00edt\u00e1sa val\u00f3sul meg: <\/u><\/p>\n<ul>\n<li>Hunyadi utca (V\u00e1s\u00e1rcsarnok \u00e9s K\u00e1rolyi Antal utcai csom\u00f3pont el\u0151tti meglev\u0151 gyalog\u00e1tkel\u0151hely k\u00f6z\u00f6tti szakasz)<\/li>\n<\/ul>\n<p><u>Fejleszt\u00e9ssel \u00e9rintett \u00fatszakasz hossza \u00f6sszesen:<\/u> 0,796 km<\/p>\n<p><strong>Kedvezm\u00e9nyezett (Konzorciumvezet\u0151):<\/strong> Szombathely Megyei Jog\u00fa V\u00e1ros \u00d6nkorm\u00e1nyzata<br \/>\n<strong>Konzorciumi tag:<\/strong> Savaria V\u00e1rosfejleszt\u00e9si Nonprofit Kft.<br \/>\n<strong>Meg\u00edt\u00e9lt t\u00e1mogat\u00e1s:<\/strong> 437&nbsp;939 400,- Ft<br \/>\n<strong>T\u00e1mogat\u00e1s m\u00e9rt\u00e9ke:<\/strong> 100%<br \/>\n<strong>Megval\u00f3s\u00edt\u00e1si id\u0151szak:<\/strong> 2025.07.01. &#8211; 2028.12.31.<\/p>\n<p>&nbsp;<\/p>\nngg_shortcode_0_placeholder\n","protected":false},"excerpt":{"rendered":"<p>&nbsp; &nbsp; &nbsp; &nbsp; Projekt azonos\u00edt\u00f3 sz\u00e1ma: TOP_PLUSZ-1.3.2-23-SH1-2025-00004 Projekt c\u00edme:  [&#8230;]<\/p>\n","protected":false},"author":2,"featured_media":0,"parent":0,"menu_order":0,"comment_status":"closed","ping_status":"closed","template":"","meta":{"ngg_post_thumbnail":0,"footnotes":""},"class_list":["post-1797","page","type-page","status-publish","hentry"],"_links":{"self":[{"href":"https:\/\/savaria2020.eu\/word\/wp-json\/wp\/v2\/pages\/1797","targetHints":{"allow":["GET"]}}],"collection":[{"href":"https:\/\/savaria2020.eu\/word\/wp-json\/wp\/v2\/pages"}],"about":[{"href":"https:\/\/savaria2020.eu\/word\/wp-json\/wp\/v2\/types\/page"}],"author":[{"embeddable":true,"href":"https:\/\/savaria2020.eu\/word\/wp-json\/wp\/v2\/users\/2"}],"replies":[{"embeddable":true,"href":"https:\/\/savaria2020.eu\/word\/wp-json\/wp\/v2\/comments?post=1797"}],"version-history":[{"count":6,"href":"https:\/\/savaria2020.eu\/word\/wp-json\/wp\/v2\/pages\/1797\/revisions"}],"predecessor-version":[{"id":1857,"href":"https:\/\/savaria2020.eu\/word\/wp-json\/wp\/v2\/pages\/1797\/revisions\/1857"}],"wp:attachment":[{"href":"https:\/\/savaria2020.eu\/word\/wp-json\/wp\/v2\/media?parent=1797"}],"curies":[{"name":"wp","href":"https:\/\/api.w.org\/{rel}","templated":true}]}}