{"id":1774,"date":"2025-07-22T09:04:44","date_gmt":"2025-07-22T09:04:44","guid":{"rendered":"https:\/\/savaria2020.eu\/word\/?page_id=1774"},"modified":"2025-10-13T11:23:19","modified_gmt":"2025-10-13T11:23:19","slug":"top_plusz-3-4-1-23-sh1-2024-00002-egeszsegugyi-alapellatas-fejlesztese-copy","status":"publish","type":"page","link":"https:\/\/savaria2020.eu\/word\/top_plusz-3-4-1-23-sh1-2024-00002-egeszsegugyi-alapellatas-fejlesztese-copy\/","title":{"rendered":"TOP_PLUSZ-3.4.1-23-Fenntarthat\u00f3 hum\u00e1n infrastrukt\u00fara"},"content":{"rendered":"<p><strong>Ter\u00fclet- \u00e9s Telep\u00fcl\u00e9sfejleszt\u00e9si Operat\u00edv Program Plusz \u201eFenntarthat\u00f3 hum\u00e1n infrastrukt\u00fara\u201d c\u00edm\u0171 felh\u00edv\u00e1s keret\u00e9ben megval\u00f3sul\u00f3 projektek:<\/strong><\/p>\n<table>\n<tbody>\n<tr>\n<td align=\"center\" valign=\"center\" width=\"300\" height=\"100\"><img decoding=\"async\" class=\"alignnone wp-image-1729\" src=\"https:\/\/savaria2020.eu\/word\/wp-content\/uploads\/2025\/06\/kedvezmenyezetti_infoblokk_fekvo_magyar_rgb_page-0001.jpg\" alt=\"\" width=\"238\" height=\"68\"><\/td>\n<td style=\"text-align: left;\"><a href=\"https:\/\/savaria2020.eu\/word\/top_plusz_1_3_1\/top_plusz-3-4-1-23-sh1-2024-00001-szocialis-alapszolgaltatasok-fejlesztese\/\">TOP_PLUSZ-3.4.1-23-SH1-2024-00001 &#8211; \u201eSzoci\u00e1lis alapszolg\u00e1ltat\u00e1sok fejleszt\u00e9se\u201d <\/a><\/p>\n<hr>\n<\/td>\n<\/tr>\n<tr>\n<td align=\"center\" valign=\"center\" width=\"300\" height=\"100\"><img decoding=\"async\" class=\"alignnone wp-image-1729\" src=\"https:\/\/savaria2020.eu\/word\/wp-content\/uploads\/2025\/06\/kedvezmenyezetti_infoblokk_fekvo_magyar_rgb_page-0001.jpg\" alt=\"\" width=\"238\" height=\"68\"><\/td>\n<td style=\"text-align: left;\"><a href=\"https:\/\/savaria2020.eu\/word\/top_plusz-3-4-1-23-sh1-2024-00002-egeszsegugyi-alapellatas-fejlesztese\/\">TOP_PLUSZ-3.4.1-23-SH1-2024-00002 &#8211;&nbsp; \u201eEg\u00e9szs\u00e9g\u00fcgyi alapell\u00e1t\u00e1s fejleszt\u00e9se\u201d&nbsp;<\/a><\/p>\n<hr>\n<\/td>\n<\/tr>\n<tr>\n<td align=\"center\" valign=\"center\" width=\"300\" height=\"100\"><img decoding=\"async\" class=\"wp-image-1729 alignnone\" src=\"https:\/\/savaria2020.eu\/word\/wp-content\/uploads\/2025\/06\/kedvezmenyezetti_infoblokk_fekvo_magyar_rgb_page-0001.jpg\" alt=\"\" width=\"238\" height=\"68\"><\/td>\n<td style=\"text-align: left;\"><a href=\"https:\/\/savaria2020.eu\/word\/top_plusz-3-4-1-23-sh1-2024-00003-bolcsodek-fejlesztese-szombathelyen\/\">TOP_PLUSZ-3.4.1-23-SH1-2024-00003 &#8211; \u201eB\u00f6lcs\u0151de fejleszt\u00e9sek Szombathelyen&#8221; c\u00edmmel<\/a><\/p>\n<hr>\n<\/td>\n<\/tr>\n<tr>\n<td align=\"center\" valign=\"center\" width=\"300\" height=\"100\"><img decoding=\"async\" class=\"wp-image-1729 alignnone\" src=\"https:\/\/savaria2020.eu\/word\/wp-content\/uploads\/2025\/06\/kedvezmenyezetti_infoblokk_fekvo_magyar_rgb_page-0001.jpg\" alt=\"\" width=\"238\" height=\"68\"><\/td>\n<td style=\"text-align: left;\">&nbsp;<a href=\"https:\/\/savaria2020.eu\/word\/top_plusz-3-4-1-23-sh1-2024-00004-szocialis-alapszolgaltatasok-minosegi-fejlesztese\/\">TOP_PLUSZ-3.4.1-23-SH1-2024-00004 &#8211; &#8222;Szoci\u00e1lis alapszolg\u00e1ltat\u00e1sok min\u0151s\u00e9gi fejleszt\u00e9se&#8221;&nbsp;<\/a><\/p>\n<hr>\n<\/td>\n<\/tr>\n<tr>\n<td align=\"center\" valign=\"center\" width=\"300\" height=\"100\"><img decoding=\"async\" class=\"wp-image-1729 alignnone\" src=\"https:\/\/savaria2020.eu\/word\/wp-content\/uploads\/2025\/06\/kedvezmenyezetti_infoblokk_fekvo_magyar_rgb_page-0001.jpg\" alt=\"\" width=\"238\" height=\"68\"><\/td>\n<td style=\"text-align: left;\"><a href=\"https:\/\/savaria2020.eu\/word\/top_plusz-3-4-1-23-sh1-2024-00005-ovoda-fejlesztesek-szombathelyen\/\">TOP_PLUSZ-3.4.1-23-SH1-2024-00005 &#8211; \u201e\u00d3voda fejleszt\u00e9sek Szombathelyen\u201d c\u00edmmel<\/a><\/p>\n<hr>\n<\/td>\n<\/tr>\n<tr>\n<td align=\"center\" valign=\"center\" width=\"300\" height=\"100\"><img decoding=\"async\" class=\"wp-image-1729 alignnone\" src=\"https:\/\/savaria2020.eu\/word\/wp-content\/uploads\/2025\/06\/kedvezmenyezetti_infoblokk_fekvo_magyar_rgb_page-0001.jpg\" alt=\"\" width=\"238\" height=\"68\"><\/td>\n<td style=\"text-align: left;\">&nbsp;<\/p>\n<p><a href=\"https:\/\/savaria2020.eu\/word\/top_plusz-3-4-1-23-sh1-2024-00006-gyermekjoleti-es-szocialis-alapszolgaltatasok-fejlesztese\/\">TOP_PLUSZ-3.4.1-23-SH1-2024-00006 &#8211; \u201eGyermekj\u00f3l\u00e9ti \u00e9s szoci\u00e1lis alapszolg\u00e1ltat\u00e1sok fejleszt\u00e9se\u201d<\/a><\/p>\n<hr>\n<\/td>\n<\/tr>\n<tr>\n<td align=\"center\" valign=\"center\" width=\"300\" height=\"100\">&nbsp;<\/td>\n<td style=\"text-align: left;\">&nbsp;<\/td>\n<\/tr>\n<tr>\n<td align=\"center\" valign=\"center\" width=\"300\" height=\"100\">&nbsp;<\/td>\n<td style=\"text-align: left;\">&nbsp;<\/td>\n<\/tr>\n<\/tbody>\n<\/table>\n<hr>\n","protected":false},"excerpt":{"rendered":"<p>Ter\u00fclet- \u00e9s Telep\u00fcl\u00e9sfejleszt\u00e9si Operat\u00edv Program Plusz \u201eFenntarthat\u00f3 hum\u00e1n infrastrukt\u00fara\u201d c\u00edm\u0171  [&#8230;]<\/p>\n","protected":false},"author":2,"featured_media":0,"parent":0,"menu_order":0,"comment_status":"closed","ping_status":"closed","template":"","meta":{"ngg_post_thumbnail":0,"footnotes":""},"class_list":["post-1774","page","type-page","status-publish","hentry"],"_links":{"self":[{"href":"https:\/\/savaria2020.eu\/word\/wp-json\/wp\/v2\/pages\/1774","targetHints":{"allow":["GET"]}}],"collection":[{"href":"https:\/\/savaria2020.eu\/word\/wp-json\/wp\/v2\/pages"}],"about":[{"href":"https:\/\/savaria2020.eu\/word\/wp-json\/wp\/v2\/types\/page"}],"author":[{"embeddable":true,"href":"https:\/\/savaria2020.eu\/word\/wp-json\/wp\/v2\/users\/2"}],"replies":[{"embeddable":true,"href":"https:\/\/savaria2020.eu\/word\/wp-json\/wp\/v2\/comments?post=1774"}],"version-history":[{"count":17,"href":"https:\/\/savaria2020.eu\/word\/wp-json\/wp\/v2\/pages\/1774\/revisions"}],"predecessor-version":[{"id":1997,"href":"https:\/\/savaria2020.eu\/word\/wp-json\/wp\/v2\/pages\/1774\/revisions\/1997"}],"wp:attachment":[{"href":"https:\/\/savaria2020.eu\/word\/wp-json\/wp\/v2\/media?parent=1774"}],"curies":[{"name":"wp","href":"https:\/\/api.w.org\/{rel}","templated":true}]}}