{"id":1742,"date":"2025-07-03T13:34:06","date_gmt":"2025-07-03T13:34:06","guid":{"rendered":"https:\/\/savaria2020.eu\/word\/?page_id=1742"},"modified":"2025-07-03T13:34:06","modified_gmt":"2025-07-03T13:34:06","slug":"top_plusz-3-4-1-23-sh1-2024-00005-ovoda-fejlesztesek-szombathelyen","status":"publish","type":"page","link":"https:\/\/savaria2020.eu\/word\/top_plusz-3-4-1-23-sh1-2024-00005-ovoda-fejlesztesek-szombathelyen\/","title":{"rendered":"TOP_PLUSZ-3.4.1-23-SH1-2024-00005 &#8211; \u00d3voda fejleszt\u00e9sek Szombathelyen"},"content":{"rendered":"<p>&nbsp;<\/p>\n<p><img decoding=\"async\" class=\"alignnone  wp-image-1729\" src=\"https:\/\/savaria2020.eu\/word\/wp-content\/uploads\/2025\/06\/kedvezmenyezetti_infoblokk_fekvo_magyar_rgb_page-0001.jpg\" alt=\"\" width=\"501\" height=\"143\"><\/p>\n<p><strong><u><br \/>\nA projekt c\u00e9lja \u00e9s r\u00f6vid \u00f6sszefoglal\u00e1sa:&nbsp;<\/u><\/strong><\/p>\n<p>Szombathely Megyei Jog\u00fa V\u00e1ros \u00d6nkorm\u00e1nyzata, a Ter\u00fclet- \u00e9s Telep\u00fcl\u00e9sfejleszt\u00e9si Operat\u00edv Program Plusz (TOP PLUSZ) keret\u00e9ben a TOP PLUSZ 3.4.1. jel\u0171, \u201eFenntarthat\u00f3 hum\u00e1n infrastrukt\u00fara\u201d c. p\u00e1ly\u00e1zati felh\u00edv\u00e1sra, TOP_PLUSZ-3.4.1-23-SH1-2024-00005 azonos\u00edt\u00f3sz\u00e1mmal \u201e\u00d3voda fejleszt\u00e9sek Szombathelyen\u201d c\u00edmmel p\u00e1ly\u00e1zatot ny\u00fajtott be, amely alapj\u00e1n 377 milli\u00f3 forint \u00f6sszeg\u0171 vissza nem t\u00e9r\u00edtend\u0151 eur\u00f3pai uni\u00f3s t\u00e1mogat\u00e1sban r\u00e9szes\u00fclt. A projekt a Sz\u00e9chenyi Terv Plusz program keret\u00e9ben, az Eur\u00f3pai Uni\u00f3 t\u00e1mogat\u00e1s\u00e1val, a magyar \u00e1llam t\u00e1rsfinansz\u00edroz\u00e1s\u00e1val val\u00f3sul meg.<\/p>\n<p>Szombathelyen 18 \u00f3voda m\u0171k\u00f6dik v\u00e1ltozatos f\u00e9r\u0151hely \u00e9s csoportsz\u00e1mmal. A hum\u00e1n k\u00f6zszolg\u00e1ltat\u00e1sok, \u00edgy az \u00f3vod\u00e1k infrastruktur\u00e1lis h\u00e1tter\u00e9t az \u00f6nkorm\u00e1nyzat Eur\u00f3pai Uni\u00f3s forr\u00e1sok bevon\u00e1s\u00e1val folyamatosan fejlesztette az elm\u00falt \u00e9vekben, a tov\u00e1bbi beruh\u00e1z\u00e1sok el\u0151k\u00e9sz\u00edt\u00e9se \u00e9s megval\u00f3s\u00edt\u00e1sa a k\u00f6vetkez\u0151 id\u0151szak feladatai k\u00f6z\u00e9 tartozik. Az \u00f3vod\u00e1kban folyamatos a meg\u00fajul\u00e1s, nagy figyelmet ford\u00edtanak a bar\u00e1ts\u00e1gos k\u00f6rnyezet biztos\u00edt\u00e1s\u00e1ra.<\/p>\n<p>Jelen projekt keret\u00e9ben h\u00e1rom \u00f3voda korszer\u0171s\u00edt\u00e9se val\u00f3sul meg.<\/p>\n<p>A <strong>Szombathelyi K\u0151r\u00f6si Csoma S\u00e1ndor Utcai \u00d3voda (<\/strong>9700 Szombathely, K\u0151r\u00f6si Csoma S\u00e1ndor utca 7.) 1974-ban \u00e9p\u00fclt, k\u00e9tszintes lapos tet\u0151s \u00e9p\u00fclet. Az Int\u00e9zm\u00e9ny f\u0171t\u00e9s\u00e9t \u00e9s melegv\u00edz ell\u00e1t\u00e1s\u00e1t a t\u00e1vh\u0151szolg\u00e1ltat\u00f3 biztos\u00edtja szekunder rendszeren kereszt\u00fcl. Az \u00f3vod\u00e1ban eddig f\u0171t\u00e9skorszer\u0171s\u00edt\u00e9s nem t\u00f6rt\u00e9nt, a v\u00edz- \u00e9s villanyvezet\u00e9kek, eloszt\u00f3szekr\u00e9nyek, bels\u0151 ny\u00edl\u00e1sz\u00e1r\u00f3k, valamint a burkolatok az \u00e9p\u00edt\u00e9skori \u00e1llapotban vannak. Az \u00e9p\u00fcletben tal\u00e1lhat\u00f3 h\u0151k\u00f6zpont rossz \u00e1llapot\u00fa. Sz\u00e1mos vezet\u00e9ken nem tal\u00e1lhat\u00f3 h\u0151szigetel\u00e9s. A projekt keretben megt\u00f6rt\u00e9nik a t\u00e1vh\u0151 fogad\u00f3 rendszer rekonstrukci\u00f3ja, a h\u0151cser\u00e9l\u0151k cser\u00e9je, a bels\u0151 f\u0171t\u00e9sh\u00e1l\u00f3zat fel\u00faj\u00edt\u00e1sa, valamint termosztatikus szelepek beszerel\u00e9se. A bels\u0151 villamosh\u00e1l\u00f3zat \u00e9s a v\u00edzell\u00e1t\u00f3 rendszer korszer\u0171s\u00edt\u00e9se mellett sor ker\u00fcl a tornaszoba fel\u00faj\u00edt\u00e1s\u00e1ra, a ny\u00edl\u00e1sz\u00e1r\u00f3k cser\u00e9j\u00e9re \u00e9s az \u00e9p\u00fclet akad\u00e1lymentes\u00edt\u00e9s\u00e9re is.<\/p>\n<p>A <strong>Szombathelyi Bar\u00e1ts\u00e1g \u00d3voda (<\/strong>9700 Szombathely, Bar\u00e1ts\u00e1g utca 22.) k\u00f6z\u00f6s \u00e9p\u00fcletben van a Bokr\u00e9ta B\u00f6lcs\u0151d\u00e9vel, illetve a P\u00e1los K\u00e1roly Szoci\u00e1lis Szolg\u00e1ltat\u00f3 K\u00f6zpont \u00e9s Gyermekj\u00f3l\u00e9ti Szolg\u00e1lat X. Szakmai Egys\u00e9g\u00e9vel. Az \u00d3voda 1978-ban panelb\u0151l \u00e9p\u00fclt, 2 szintes. Az \u00e9p\u00fclet f\u0171t\u00e9s\u00e9t \u00e9s melegv\u00edz ell\u00e1t\u00e1s\u00e1t a t\u00e1vh\u0151szolg\u00e1ltat\u00f3 biztos\u00edtja, korszer\u0171s\u00edt\u00e9sre nem ker\u00fclt sor. Az \u00e9p\u00fcletben feln\u0151tt \u00f6lt\u00f6z\u0151 \u00e9s a gyermekek fejleszt\u00e9s\u00e9re alkalmas fejleszt\u0151szoba nem ker\u00fclt kialak\u00edt\u00e1sra. A projekt keret\u00e9ben meg\u00fajul a f\u0171t\u00e9si rendszer, radi\u00e1torcser\u00e9vel \u00e9s termosztatikus szelepek be\u00e9p\u00edt\u00e9s\u00e9vel, valamint <strong>e<\/strong>gy \u00faj fejleszt\u0151szoba, feln\u0151tt \u00f6lt\u00f6z\u0151 \u00e9s t\u00e1rol\u00f3 is kialak\u00edt\u00e1sra ker\u00fcl. Az int\u00e9zm\u00e9ny akad\u00e1lymentes\u00edt\u00e9se is megval\u00f3sul, tov\u00e1bb\u00e1 mozg\u00e1sfejleszt\u00e9st biztos\u00edt\u00f3 eszk\u00f6z\u00f6k is beszerz\u00e9sre ker\u00fclnek.<\/p>\n<p>A <strong>Szombathelyi Vadvir\u00e1g \u00d3voda (<\/strong>9700 Szombathely, Selmec utca 2.) \u00e9p\u00fclete 1942-ben \u00e9p\u00fclt, mely a \u201er\u00e9gi\u201d r\u00e9sze az int\u00e9zm\u00e9nynek, melynek keleti oldal\u00e1n egy k\u00e9s\u0151bbiekben \u00e9p\u00edtett k\u00f6nny\u0171szerkezetes \u00e9p\u00fcletr\u00e9sz tal\u00e1lhat\u00f3. A k\u00f6nny\u0171szerkezetes \u00e9p\u00fcletr\u00e9sz homlokzati szigetel\u00e9se, ny\u00edl\u00e1sz\u00e1r\u00f3inak cser\u00e9je megt\u00f6rt\u00e9nt (2014 ut\u00e1n). Az \u00e9p\u00fclet f\u0171t\u00e9se \u00e9s haszn\u00e1lati melegv\u00edz ell\u00e1t\u00e1sa f\u00f6ldg\u00e1zt\u00fczel\u00e9s\u0171 berendez\u00e9sekkel t\u00f6rt\u00e9nik, melynek m\u0171k\u00f6d\u0151k\u00e9pes \u00e1llapota folyamatos jav\u00edt\u00e1si munk\u00e1latokkal tarthat\u00f3 fenn. A projekt keret\u00e9ben hideg \u00e9s meleg burkolatok, bels\u0151 ny\u00edl\u00e1sz\u00e1r\u00f3k cser\u00e9je val\u00f3sul meg, tov\u00e1bb\u00e1 az \u00e1trium is fed\u00e9sre ker\u00fcl. Emellett sor ker\u00fcl a j\u00e1tsz\u00f3udvar fejleszt\u00e9s\u00e9re is.<\/p>\n<p><strong>Kedvezm\u00e9nyezett (Konzorciumvezet\u0151): Szombathely Megyei Jog\u00fa V\u00e1ros \u00d6nkorm\u00e1nyzata<br \/>\n<\/strong><strong>Konzorciumi tag: Savaria V\u00e1rosfejleszt\u00e9si Nonprofit Kft.<br \/>\n<\/strong><strong>Meg\u00edt\u00e9lt t\u00e1mogat\u00e1s: 377&nbsp;000 000,- Ft<br \/>\n<\/strong><strong>T\u00e1mogat\u00e1s m\u00e9rt\u00e9ke: 100%<br \/>\n<\/strong><strong>Megval\u00f3s\u00edt\u00e1si id\u0151szak: 2025.07.01. &#8211; 2027.12.31.<\/strong><\/p>\n","protected":false},"excerpt":{"rendered":"<p>&nbsp; A projekt c\u00e9lja \u00e9s r\u00f6vid \u00f6sszefoglal\u00e1sa:&nbsp; Szombathely Megyei Jog\u00fa  [&#8230;]<\/p>\n","protected":false},"author":2,"featured_media":0,"parent":0,"menu_order":0,"comment_status":"closed","ping_status":"closed","template":"","meta":{"ngg_post_thumbnail":0,"footnotes":""},"class_list":["post-1742","page","type-page","status-publish","hentry"],"_links":{"self":[{"href":"https:\/\/savaria2020.eu\/word\/wp-json\/wp\/v2\/pages\/1742","targetHints":{"allow":["GET"]}}],"collection":[{"href":"https:\/\/savaria2020.eu\/word\/wp-json\/wp\/v2\/pages"}],"about":[{"href":"https:\/\/savaria2020.eu\/word\/wp-json\/wp\/v2\/types\/page"}],"author":[{"embeddable":true,"href":"https:\/\/savaria2020.eu\/word\/wp-json\/wp\/v2\/users\/2"}],"replies":[{"embeddable":true,"href":"https:\/\/savaria2020.eu\/word\/wp-json\/wp\/v2\/comments?post=1742"}],"version-history":[{"count":1,"href":"https:\/\/savaria2020.eu\/word\/wp-json\/wp\/v2\/pages\/1742\/revisions"}],"predecessor-version":[{"id":1743,"href":"https:\/\/savaria2020.eu\/word\/wp-json\/wp\/v2\/pages\/1742\/revisions\/1743"}],"wp:attachment":[{"href":"https:\/\/savaria2020.eu\/word\/wp-json\/wp\/v2\/media?parent=1742"}],"curies":[{"name":"wp","href":"https:\/\/api.w.org\/{rel}","templated":true}]}}