{"id":1736,"date":"2025-07-03T13:20:51","date_gmt":"2025-07-03T13:20:51","guid":{"rendered":"https:\/\/savaria2020.eu\/word\/?page_id=1736"},"modified":"2025-07-22T08:54:55","modified_gmt":"2025-07-22T08:54:55","slug":"top_plusz-3-4-1-23-sh1-2024-00002-egeszsegugyi-alapellatas-fejlesztese","status":"publish","type":"page","link":"https:\/\/savaria2020.eu\/word\/top_plusz-3-4-1-23-sh1-2024-00002-egeszsegugyi-alapellatas-fejlesztese\/","title":{"rendered":"TOP_PLUSZ-3.4.1-23-SH1-2024-00002 &#8211; Eg\u00e9szs\u00e9g\u00fcgyi alapell\u00e1t\u00e1s fejleszt\u00e9se"},"content":{"rendered":"<p>&nbsp;<\/p>\n<p><img decoding=\"async\" class=\"alignnone wp-image-1729\" src=\"https:\/\/savaria2020.eu\/word\/wp-content\/uploads\/2025\/06\/kedvezmenyezetti_infoblokk_fekvo_magyar_rgb_page-0001.jpg\" alt=\"\" width=\"505\" height=\"144\"><\/p>\n<p><strong><u>A projekt c\u00e9lja \u00e9s r\u00f6vid \u00f6sszefoglal\u00e1sa:&nbsp;<\/u><\/strong><\/p>\n<p>Szombathely Megyei Jog\u00fa V\u00e1ros \u00d6nkorm\u00e1nyzata, a Ter\u00fclet- \u00e9s Telep\u00fcl\u00e9sfejleszt\u00e9si Operat\u00edv Program Plusz (TOP PLUSZ) keret\u00e9ben a TOP PLUSZ 3.4.1. jel\u0171, \u201eFenntarthat\u00f3 hum\u00e1n infrastrukt\u00fara\u201d c. p\u00e1ly\u00e1zati felh\u00edv\u00e1sra, TOP_PLUSZ-3.4.1-23-SH1-2024-00002 azonos\u00edt\u00f3sz\u00e1mmal \u201eEg\u00e9szs\u00e9g\u00fcgyi alapell\u00e1t\u00e1s fejleszt\u00e9se\u201d c\u00edmmel p\u00e1ly\u00e1zatot ny\u00fajtott be, amely alapj\u00e1n 571&nbsp;921&nbsp;932<strong>,- <\/strong>forint \u00f6sszeg\u0171 vissza nem t\u00e9r\u00edtend\u0151 eur\u00f3pai uni\u00f3s t\u00e1mogat\u00e1sban r\u00e9szes\u00fclt. A projekt a Sz\u00e9chenyi Terv Plusz program keret\u00e9ben, az Eur\u00f3pai Uni\u00f3 t\u00e1mogat\u00e1s\u00e1val, a magyar \u00e1llam t\u00e1rsfinansz\u00edroz\u00e1s\u00e1val val\u00f3sul meg.<\/p>\n<p>Szombathelyen tizenegy elt\u00e9r\u0151 helysz\u00ednen m\u0171k\u00f6dik jelenleg h\u00e1ziorvosi szolg\u00e1lat. Az \u00e9p\u00fcletek egy kiv\u00e9tel\u00e9vel az \u00f6nkorm\u00e1nyzat tulajdon\u00e1ban \u00e9s a Szombathelyi Eg\u00e9szs\u00e9g\u00fcgyi \u00e9s Kultur\u00e1lis Int\u00e9zm\u00e9nyek Gazdas\u00e1gi Ell\u00e1t\u00f3 Szervezete kezel\u00e9s\u00e9ben vannak. A p\u00e1ly\u00e1zattal \u00e9rintett \u00e9p\u00fcletekre \u00e1ltal\u00e1noss\u00e1gban jellemz\u0151, hogy b\u00e1r karbantartottak, de \u00e9p\u00edt\u00e9szet\u00e9ben a mai kor k\u00f6vetelm\u00e9nyeinek alapvet\u0151 felt\u00e9teleit nehezen teljes\u00edt\u0151 \u00e9p\u00fcletben\/\u00e9p\u00fcletr\u00e9szben m\u0171k\u00f6dnek. Az el\u00f6regedett g\u00e9p\u00e9szeti-, korszer\u0171tlen f\u0171t\u00e9si rendszerek \u00e9s szigetel\u00e9s, illetve ennek hi\u00e1nya jelenleg jelent\u0151s pluszk\u00f6lts\u00e9get terhel a fenntart\u00f3ra. Az egyes rendel\u0151egys\u00e9gekben az \u00e9p\u00fcleten bel\u00fcli helyis\u00e9gek kihaszn\u00e1l\u00e1sa, eloszt\u00e1sa nem gazdas\u00e1gos, nem felel meg az egy orvos-egy rendel\u0151 elvnek. Az alapell\u00e1t\u00e1st ny\u00fajt\u00f3 szolg\u00e1ltat\u00f3k \u00e1ltal haszn\u00e1lt ingatlanok fejleszt\u00e9se lehet\u0151s\u00e9get biztos\u00edt az \u00e1ltaluk ny\u00fajtott szolg\u00e1ltat\u00e1s min\u0151s\u00e9gi fejleszt\u00e9s\u00e9re. A beruh\u00e1z\u00e1si k\u00f6lts\u00e9gek racionaliz\u00e1l\u00e1sa \u00e9rdek\u00e9ben \u00faj \u00e9p\u00edt\u00e9sre vagy alapter\u00fclet n\u00f6vel\u00e9s\u00e9re nem ker\u00fcl sor, a megl\u00e9v\u0151 alapter\u00fcletek jobb helykihaszn\u00e1l\u00e1s\u00e1val t\u00f6reksz\u00fcnk a m\u0171k\u00f6d\u00e9si hi\u00e1nyoss\u00e1gok p\u00f3tl\u00e1s\u00e1ra, az egy orvos-egy rendel\u0151 elv\u00e9nek megteremt\u00e9s\u00e9re. Az \u00e1ltal\u00e1noss\u00e1gban jelenleg leromlott, elavult m\u0171szaki \u00e1llapot\u00fa orvosi rendel\u0151k \u00e9s v\u00e1r\u00f3helyis\u00e9gek helyett egy modern, meg\u00fajult k\u00f6rnyezet v\u00e1rja majd a betegeket, mely mind funkcion\u00e1lis elrendez\u00e9s\u00e9ben, mind t\u00e1rgyi eszk\u00f6z felszerelts\u00e9g\u00e9ben megfelel a min\u0151s\u00e9gi eg\u00e9szs\u00e9g\u00fcgyi alapell\u00e1t\u00e1s k\u00f6vetelm\u00e9nyeinek.<\/p>\n<p>Az infrastruktur\u00e1lis beruh\u00e1z\u00e1s c\u00e9lja, hogy a r\u00e9gi\u00f3 eg\u00e9szs\u00e9g\u00fcgyi ell\u00e1t\u00e1s\u00e1nak tekintet\u00e9ben bek\u00f6vetkezett v\u00e1ltoz\u00e1sokhoz igazodva egy magasabb sz\u00ednvonal\u00fa ell\u00e1t\u00e1si k\u00f6rnyezet l\u00e9tes\u00fclj\u00f6n a funkcionalit\u00e1snak megfelel\u0151en, figyelembe v\u00e9ve az \u00e9p\u00fcletek akad\u00e1lymentes megk\u00f6zel\u00edt\u00e9s\u00e9nek biztos\u00edt\u00e1s\u00e1t \u00e9s energiatakar\u00e9kos m\u0171k\u00f6dtet\u00e9s\u00e9t. A v\u00e1ros lakoss\u00e1ga sz\u00e1m\u00e1ra hozz\u00e1f\u00e9rhet\u0151 szolg\u00e1ltat\u00e1s fejleszt\u00e9s\u00e9nek c\u00e9lja \u00e1tgondolt \u00e9p\u00edtett k\u00f6rnyezet \u00e9s t\u00e1rgyi eszk\u00f6zpark megteremt\u00e9se, mely a korszer\u0171 szeml\u00e9let\u0171, rendszerelv\u0171 \u00e9s egy\u00e9nk\u00f6zpont\u00fa eg\u00e9szs\u00e9g\u00fcgyi alapell\u00e1t\u00e1s felt\u00e9teleit biztos\u00edtja<strong>.<\/strong><\/p>\n<p>Jelen projekt keret\u00e9ben fejleszt\u00e9ssel \u00e9rintett h\u00e1ziorvosi\/fogorvosi rendel\u0151egys\u00e9gek az al\u00e1bbi helysz\u00edneken m\u0171k\u00f6dnek:<\/p>\n<ul>\n<li>Rumi u. 74. sz\u00e1m alatti rendel\u0151egys\u00e9gben (4 feln\u0151tt h\u00e1ziorvos)<\/li>\n<li>Szent M\u00e1rton u. 20-24. sz\u00e1m alatti rendel\u0151egys\u00e9gben (6 feln\u0151tt h\u00e1ziorvos, 2 feln\u0151tt fog\u00e1szat)<\/li>\n<li>Sz\u0171rcsap\u00f3 u. 23. sz\u00e1m alatti rendel\u0151egys\u00e9gben (4 feln\u0151tt h\u00e1ziorvos, 2 gyermek h\u00e1ziorvos)<\/li>\n<li>V\u00e1ci Mih\u00e1ly u. 3. sz\u00e1m alatti rendel\u0151egys\u00e9gben (5 feln\u0151tt h\u00e1ziorvos, 2 feln\u0151tt fog\u00e1szat)<\/li>\n<\/ul>\n<p><strong>Kedvezm\u00e9nyezett (Konzorciumvezet\u0151): Szombathely Megyei Jog\u00fa V\u00e1ros \u00d6nkorm\u00e1nyzata<br \/>\n<\/strong><strong>Konzorciumi tag: Savaria V\u00e1rosfejleszt\u00e9si Nonprofit Kft.<br \/>\n<\/strong><strong>Meg\u00edt\u00e9lt t\u00e1mogat\u00e1s: 571&nbsp;921 932,- Ft<br \/>\n<\/strong><strong>T\u00e1mogat\u00e1s m\u00e9rt\u00e9ke: 100%<br \/>\n<\/strong><strong>Megval\u00f3s\u00edt\u00e1si id\u0151szak: 2025.07.01. &#8211; 2027.12.31.<\/strong><\/p>\n","protected":false},"excerpt":{"rendered":"<p>&nbsp; A projekt c\u00e9lja \u00e9s r\u00f6vid \u00f6sszefoglal\u00e1sa:&nbsp; Szombathely Megyei Jog\u00fa  [&#8230;]<\/p>\n","protected":false},"author":2,"featured_media":0,"parent":0,"menu_order":0,"comment_status":"closed","ping_status":"closed","template":"","meta":{"ngg_post_thumbnail":0,"footnotes":""},"class_list":["post-1736","page","type-page","status-publish","hentry"],"_links":{"self":[{"href":"https:\/\/savaria2020.eu\/word\/wp-json\/wp\/v2\/pages\/1736","targetHints":{"allow":["GET"]}}],"collection":[{"href":"https:\/\/savaria2020.eu\/word\/wp-json\/wp\/v2\/pages"}],"about":[{"href":"https:\/\/savaria2020.eu\/word\/wp-json\/wp\/v2\/types\/page"}],"author":[{"embeddable":true,"href":"https:\/\/savaria2020.eu\/word\/wp-json\/wp\/v2\/users\/2"}],"replies":[{"embeddable":true,"href":"https:\/\/savaria2020.eu\/word\/wp-json\/wp\/v2\/comments?post=1736"}],"version-history":[{"count":4,"href":"https:\/\/savaria2020.eu\/word\/wp-json\/wp\/v2\/pages\/1736\/revisions"}],"predecessor-version":[{"id":1767,"href":"https:\/\/savaria2020.eu\/word\/wp-json\/wp\/v2\/pages\/1736\/revisions\/1767"}],"wp:attachment":[{"href":"https:\/\/savaria2020.eu\/word\/wp-json\/wp\/v2\/media?parent=1736"}],"curies":[{"name":"wp","href":"https:\/\/api.w.org\/{rel}","templated":true}]}}