{"id":1635,"date":"2023-01-24T09:20:06","date_gmt":"2023-01-24T09:20:06","guid":{"rendered":"https:\/\/savaria2020.eu\/agora-kozpont-energetikai-korszerusites-copy\/"},"modified":"2025-12-16T14:46:11","modified_gmt":"2025-12-16T14:46:11","slug":"top_plusz_1_3_1","status":"publish","type":"page","link":"https:\/\/savaria2020.eu\/word\/top_plusz_1_3_1\/","title":{"rendered":"TOP_PLUSZ-1.3.1-21-VS1-2022-00001"},"content":{"rendered":"<p><div class=\"fusion-fullwidth fullwidth-box fusion-builder-row-1 fusion-flex-container nonhundred-percent-fullwidth non-hundred-percent-height-scrolling\" style=\"--awb-background-position:left top;--awb-border-sizes-top:0px;--awb-border-sizes-bottom:0px;--awb-border-sizes-left:0px;--awb-border-sizes-right:0px;--awb-border-radius-top-left:0px;--awb-border-radius-top-right:0px;--awb-border-radius-bottom-right:0px;--awb-border-radius-bottom-left:0px;--awb-padding-top:0px;--awb-padding-right:0px;--awb-padding-bottom:0px;--awb-padding-left:0px;--awb-flex-wrap:wrap;\" ><div class=\"fusion-builder-row fusion-row fusion-flex-align-items-flex-start fusion-flex-content-wrap\" style=\"max-width:1248px;margin-left: calc(-4% \/ 2 );margin-right: calc(-4% \/ 2 );\"><div class=\"fusion-layout-column fusion_builder_column fusion-builder-column-0 fusion_builder_column_1_1 1_1 fusion-flex-column\" style=\"--awb-bg-size:cover;--awb-width-large:100%;--awb-margin-top-large:0px;--awb-spacing-right-large:1.92%;--awb-margin-bottom-large:20px;--awb-spacing-left-large:1.92%;--awb-width-medium:100%;--awb-spacing-right-medium:1.92%;--awb-spacing-left-medium:1.92%;--awb-width-small:100%;--awb-spacing-right-small:1.92%;--awb-spacing-left-small:1.92%;\"><div class=\"fusion-column-wrapper fusion-flex-justify-content-flex-start fusion-content-layout-column\"><div class=\"fusion-text fusion-text-1\"><h3><strong>TOP_PLUSZ-1.3.1-21-VS1-2022-00001 &#8211; Fenntarthat\u00f3 v\u00e1rosfejleszt\u00e9s Szombathelyen<\/strong><\/h3>\n<\/div><div class=\"fusion-text fusion-text-2\"><p><img decoding=\"async\" class=\"alignnone size-full wp-image-1647 alignright\" src=\"https:\/\/savaria2020.eu\/word\/wp-content\/uploads\/2023\/01\/cropped-MFF-kedvezmenyezetti-infoblokk-1-e1675890416572.jpg\" alt=\"\" width=\"720\" height=\"186\"><\/p>\n<\/div><div class=\"fusion-separator\" style=\"align-self: center;margin-left: auto;margin-right: auto;margin-top:30px;margin-bottom:0px;width:100%;max-width:500px;\"><div class=\"fusion-separator-border sep-shadow\" style=\"--awb-height:20px;--awb-amount:20px;--awb-sep-color:#e2e3e8;background:radial-gradient(ellipse at 50% -50% , #e2e3e8 0px, rgba(255, 255, 255, 0) 80%) repeat scroll 0 0 rgba(0, 0, 0, 0);background:-webkit-radial-gradient(ellipse at 50% -50% , #e2e3e8 0px, rgba(255, 255, 255, 0) 80%) repeat scroll 0 0 rgba(0, 0, 0, 0);background:-moz-radial-gradient(ellipse at 50% -50% , #e2e3e8 0px, rgba(255, 255, 255, 0) 80%) repeat scroll 0 0 rgba(0, 0, 0, 0);background:-o-radial-gradient(ellipse at 50% -50% , #e2e3e8 0px, rgba(255, 255, 255, 0) 80%) repeat scroll 0 0 rgba(0, 0, 0, 0);\"><\/div><\/div><div class=\"fusion-text fusion-text-3\"><h3><em> A &nbsp;projekt f\u0151bb adatai: <\/em><\/h3>\n<\/div><ul style=\"--awb-size:14px;--awb-line-height:23.8px;--awb-icon-width:23.8px;--awb-icon-height:23.8px;--awb-icon-margin:9.8px;--awb-content-margin:33.6px;--awb-circlecolor:#000000;--awb-circle-yes-font-size:12.32px;\" class=\"fusion-checklist fusion-checklist-1 fusion-checklist-default type-icons\"><li class=\"fusion-li-item\" style=\"\"><span class=\"icon-wrapper circle-yes\"><i class=\"fusion-li-icon fa-check fas\" aria-hidden=\"true\"><\/i><\/span><div class=\"fusion-li-item-content\">\n<p><b>Projekt c\u00edme:<\/b> Fenntarthat\u00f3 v\u00e1rosfejleszt\u00e9s Szombathelyen<\/p>\n<\/div><\/li><li class=\"fusion-li-item\" style=\"\"><span class=\"icon-wrapper circle-yes\"><i class=\"fusion-li-icon fa-check fas\" aria-hidden=\"true\"><\/i><\/span><div class=\"fusion-li-item-content\">\n<p><b>Projekt azonos\u00edt\u00f3 sz\u00e1ma:<\/b> TOP_PLUSZ-1.3.1-21-VS1-2022-00001<\/p>\n<\/div><\/li><li class=\"fusion-li-item\" style=\"\"><span class=\"icon-wrapper circle-yes\"><i class=\"fusion-li-icon fa-check fas\" aria-hidden=\"true\"><\/i><\/span><div class=\"fusion-li-item-content\">\n<p><b>(F\u0151)Kedvezm\u00e9nyezett neve (Konzorciumvezet\u0151):<\/b>&nbsp;Szombathely Megyei Jog\u00fa V\u00e1ros \u00d6nkorm\u00e1nyzata<\/p>\n<\/div><\/li><li class=\"fusion-li-item\" style=\"\"><span class=\"icon-wrapper circle-yes\"><i class=\"fusion-li-icon fa-check fas\" aria-hidden=\"true\"><\/i><\/span><div class=\"fusion-li-item-content\">\n<p><strong>Konzorciumi tag:<\/strong> Savaria V\u00e1rosfejleszt\u00e9si Nonprofit Kft.<\/p>\n<\/div><\/li><li class=\"fusion-li-item\" style=\"\"><span class=\"icon-wrapper circle-yes\"><i class=\"fusion-li-icon fa-check fas\" aria-hidden=\"true\"><\/i><\/span><div class=\"fusion-li-item-content\">\n<p><b>T\u00e1mogat\u00f3 Program:<\/b> A projekt az Eur\u00f3pai Uni\u00f3 t\u00e1mogat\u00e1s\u00e1val, a Ter\u00fclet- \u00e9s Telep\u00fcl\u00e9sfejleszt\u00e9si Operat\u00edv Program Plusz keret\u00e9ben val\u00f3sul meg.<\/p>\n<\/div><\/li><li class=\"fusion-li-item\" style=\"\"><span class=\"icon-wrapper circle-yes\"><i class=\"fusion-li-icon fa-check fas\" aria-hidden=\"true\"><\/i><\/span><div class=\"fusion-li-item-content\">\n<p><b>Meg\u00edt\u00e9lt t\u00e1mogat\u00e1s:<\/b> 50.000.000 Ft<\/p>\n<\/div><\/li><li class=\"fusion-li-item\" style=\"\"><span class=\"icon-wrapper circle-yes\"><i class=\"fusion-li-icon fa-check fas\" aria-hidden=\"true\"><\/i><\/span><div class=\"fusion-li-item-content\"><b>T\u00e1mogat\u00e1s m\u00e9rt\u00e9ke:<\/b>&nbsp;100 %<\/div><\/li><li class=\"fusion-li-item\" style=\"\"><span class=\"icon-wrapper circle-yes\"><i class=\"fusion-li-icon fa-check fas\" aria-hidden=\"true\"><\/i><\/span><div class=\"fusion-li-item-content\">\n<p><b>Projekt helysz\u00edn:<\/b> Szombathely<\/p>\n<\/div><\/li><li class=\"fusion-li-item\" style=\"\"><span class=\"icon-wrapper circle-yes\"><i class=\"fusion-li-icon fa-check fas\" aria-hidden=\"true\"><\/i><\/span><div class=\"fusion-li-item-content\">\n<p><b>A projekt v\u00e9grehajt\u00e1s\u00e1ban k\u00f6zrem\u0171k\u00f6d\u0151 szervezet:<\/b>&nbsp;Magyar \u00c1llamkincst\u00e1r Vas Megyei Igazgat\u00f3s\u00e1g<\/p>\n<\/div><\/li><\/ul><\/div><\/div><\/div><\/div><div class=\"fusion-fullwidth fullwidth-box fusion-builder-row-2 fusion-flex-container fusion-parallax-fixed nonhundred-percent-fullwidth non-hundred-percent-height-scrolling\" style=\"--awb-border-sizes-top:0px;--awb-border-sizes-bottom:0px;--awb-border-sizes-left:0px;--awb-border-sizes-right:0px;--awb-border-radius-top-left:0px;--awb-border-radius-top-right:0px;--awb-border-radius-bottom-right:0px;--awb-border-radius-bottom-left:0px;--awb-padding-top:30px;--awb-padding-bottom:30px;--awb-background-image:url(&quot;https:\/\/savaria2020.eu\/word\/wp-content\/uploads\/2016\/08\/banner-1.png&quot;);--awb-background-size:cover;--awb-flex-wrap:wrap;background-attachment:fixed;\" ><div class=\"fusion-builder-row fusion-row fusion-flex-align-items-center fusion-flex-content-wrap\" style=\"max-width:1248px;margin-left: calc(-4% \/ 2 );margin-right: calc(-4% \/ 2 );\"><div class=\"fusion-layout-column fusion_builder_column fusion-builder-column-1 fusion_builder_column_1_2 1_2 fusion-flex-column\" style=\"--awb-bg-position:right center;--awb-bg-size:cover;--awb-border-color:#ffffff;--awb-border-right:3px;--awb-border-style:solid;--awb-width-large:50%;--awb-margin-top-large:0px;--awb-spacing-right-large:3.84%;--awb-margin-bottom-large:0px;--awb-spacing-left-large:3.84%;--awb-width-medium:50%;--awb-spacing-right-medium:3.84%;--awb-spacing-left-medium:3.84%;--awb-width-small:100%;--awb-spacing-right-small:1.92%;--awb-spacing-left-small:1.92%;\"><div class=\"fusion-column-wrapper fusion-flex-justify-content-flex-start fusion-content-layout-column\"><div class=\"fusion-text fusion-text-4\"><h3><span style=\"color: #ffffff;\"> Projekt megval\u00f3s\u00edt\u00e1s\u00e1nak <\/span><span style=\"color: #ffffff;\">\u00f6sszege:<\/span><\/h3>\n<\/div><\/div><\/div><div class=\"fusion-layout-column fusion_builder_column fusion-builder-column-2 fusion_builder_column_1_2 1_2 fusion-flex-column fusion-flex-align-self-center\" style=\"--awb-bg-size:cover;--awb-width-large:50%;--awb-margin-top-large:0px;--awb-spacing-right-large:3.84%;--awb-margin-bottom-large:0px;--awb-spacing-left-large:3.84%;--awb-width-medium:50%;--awb-order-medium:0;--awb-spacing-right-medium:3.84%;--awb-spacing-left-medium:3.84%;--awb-width-small:100%;--awb-order-small:0;--awb-spacing-right-small:1.92%;--awb-spacing-left-small:1.92%;\"><div class=\"fusion-column-wrapper fusion-column-has-shadow fusion-flex-justify-content-center fusion-content-layout-column\"><div class=\"fusion-counters-box counters-box row fusion-clearfix fusion-columns-1\" style=\"--awb-color:#ffffff;--awb-title-size:40;\"><div class=\"fusion-counter-box fusion-column col-counter-box counter-box-wrapper col-lg-12 col-md-12 col-sm-12\" data-animationOffset=\"top-into-view\"><div class=\"counter-box-container\"><div class=\"content-box-percentage content-box-counter\"><span class=\"display-counter\" data-value=\"50000000\" data-delimiter=\".\" data-direction=\"up\" data-decimals=\"0\">0<\/span><span class=\"unit\">Ft<\/span><\/div><div class=\"counter-box-content\"><\/div><\/div><\/div><\/div><\/div><\/div><\/div><\/div><div class=\"fusion-fullwidth fullwidth-box fusion-builder-row-3 fusion-flex-container nonhundred-percent-fullwidth non-hundred-percent-height-scrolling\" style=\"--awb-background-position:left top;--awb-border-sizes-top:0px;--awb-border-sizes-bottom:0px;--awb-border-sizes-left:0px;--awb-border-sizes-right:0px;--awb-border-radius-top-left:0px;--awb-border-radius-top-right:0px;--awb-border-radius-bottom-right:0px;--awb-border-radius-bottom-left:0px;--awb-padding-top:0px;--awb-padding-right:0px;--awb-padding-bottom:0px;--awb-padding-left:0px;--awb-flex-wrap:wrap;\" ><div class=\"fusion-builder-row fusion-row fusion-flex-align-items-flex-start fusion-flex-content-wrap\" style=\"max-width:1248px;margin-left: calc(-4% \/ 2 );margin-right: calc(-4% \/ 2 );\"><div class=\"fusion-layout-column fusion_builder_column fusion-builder-column-3 fusion_builder_column_1_1 1_1 fusion-flex-column fusion-flex-align-self-flex-start fusion-column-no-min-height\" style=\"--awb-bg-size:cover;--awb-width-large:100%;--awb-margin-top-large:0px;--awb-spacing-right-large:1.92%;--awb-margin-bottom-large:0px;--awb-spacing-left-large:1.92%;--awb-width-medium:100%;--awb-spacing-right-medium:1.92%;--awb-spacing-left-medium:1.92%;--awb-width-small:100%;--awb-spacing-right-small:1.92%;--awb-spacing-left-small:1.92%;\"><div class=\"fusion-column-wrapper fusion-flex-justify-content-flex-start fusion-content-layout-column\"><div class=\"fusion-text fusion-text-5\"><h3>A projekt r\u00f6vid \u00f6sszefoglal\u00e1sa<\/h3>\n<\/div><div class=\"fusion-separator\" style=\"align-self: center;margin-left: auto;margin-right: auto;margin-top:0px;margin-bottom:35px;width:100%;max-width:500px;\"><div class=\"fusion-separator-border sep-shadow\" style=\"--awb-height:20px;--awb-amount:20px;--awb-sep-color:#e2e3e8;background:radial-gradient(ellipse at 50% -50% , #e2e3e8 0px, rgba(255, 255, 255, 0) 80%) repeat scroll 0 0 rgba(0, 0, 0, 0);background:-webkit-radial-gradient(ellipse at 50% -50% , #e2e3e8 0px, rgba(255, 255, 255, 0) 80%) repeat scroll 0 0 rgba(0, 0, 0, 0);background:-moz-radial-gradient(ellipse at 50% -50% , #e2e3e8 0px, rgba(255, 255, 255, 0) 80%) repeat scroll 0 0 rgba(0, 0, 0, 0);background:-o-radial-gradient(ellipse at 50% -50% , #e2e3e8 0px, rgba(255, 255, 255, 0) 80%) repeat scroll 0 0 rgba(0, 0, 0, 0);\"><\/div><\/div><\/div><\/div><div class=\"fusion-layout-column fusion_builder_column fusion-builder-column-4 fusion_builder_column_1_1 1_1 fusion-flex-column\" style=\"--awb-bg-size:cover;--awb-width-large:100%;--awb-margin-top-large:0px;--awb-spacing-right-large:1.92%;--awb-margin-bottom-large:20px;--awb-spacing-left-large:1.92%;--awb-width-medium:100%;--awb-spacing-right-medium:1.92%;--awb-spacing-left-medium:1.92%;--awb-width-small:100%;--awb-spacing-right-small:1.92%;--awb-spacing-left-small:1.92%;\"><div class=\"fusion-column-wrapper fusion-flex-justify-content-flex-start fusion-content-layout-column\"><div class=\"fusion-text fusion-text-6\"><p>A 2021-2027 Eur\u00f3pai Uni\u00f3s ciklus programdokumentumainak tervezetei \u00e9rtelm\u00e9ben a Ter\u00fclet- \u00e9s Telep\u00fcl\u00e9sfejleszt\u00e9si Operat\u00edv Program Plusz forr\u00e1sai finansz\u00edrozz\u00e1k a megyei jog\u00fa v\u00e1rosok fejleszt\u00e9seit is.<\/p>\n<p>A Ter\u00fclet- \u00e9s Telep\u00fcl\u00e9sfejleszt\u00e9si Operat\u00edv Program Plusz keret\u00e9ben c\u00e9l a megyei ter\u00fcletfejleszt\u00e9si koncepci\u00f3k \u00e9s ter\u00fcletfejleszt\u00e9si programok alapj\u00e1n kiv\u00e1lasztott v\u00e1rosi jog\u00e1ll\u00e1s\u00fa telep\u00fcl\u00e9seken, v\u00e1rost\u00e9rs\u00e9gekben a fenntarthat\u00f3 v\u00e1rosfejleszt\u00e9si int\u00e9zked\u00e9sek t\u00e1mogat\u00e1sa. Az int\u00e9zked\u00e9s a megyei integr\u00e1lt ter\u00fcleti program keret\u00e9ben, azokhoz kapcsol\u00f3dva val\u00f3sul meg, a t\u00e1mogatott v\u00e1rosfejleszt\u00e9si strat\u00e9gi\u00e1k kiv\u00e1laszt\u00e1sa az ITP-t elk\u00e9sz\u00edt\u0151 Vas megyei \u00f6nkorm\u00e1nyzat bevon\u00e1s\u00e1val t\u00f6rt\u00e9nt.<\/p>\n<p>A TOP Pluszhoz illeszked\u0151 tartalommal elk\u00e9sz\u00edtett Fenntarthat\u00f3 V\u00e1rosfejleszt\u00e9si Strat\u00e9gi\u00e1val p\u00e1ly\u00e1zott v\u00e1rosunk a TOP Plusz 1-3. priorit\u00e1sain el\u00e9rhet\u0151 forr\u00e1skeretre. A strat\u00e9gia Szombathely Megyei Jog\u00fa V\u00e1ros K\u00f6zgy\u0171l\u00e9se r\u00e9sz\u00e9r\u0151l elfogad\u00e1sra ker\u00fclt, \u00edgy a v\u00e1ros jogosultt\u00e1 v\u00e1lt a strat\u00e9gi\u00e1ban tervezett \u00e9s a TOP Pluszhoz illeszked\u0151 fejleszt\u00e9sei \u00e9s projektjei megval\u00f3s\u00edt\u00e1s\u00e1ra a Vas Megyei \u00d6nkorm\u00e1nyzat ITP-ben neves\u00edtett forr\u00e1skeret \u00f6sszeg\u00e9ig.<\/p>\n<p>A projekt keret\u00e9ben sor ker\u00fcl t\u00f6bbek k\u00f6z\u00f6tt a Fenntarthat\u00f3 V\u00e1rosfejleszt\u00e9si Strat\u00e9gia \u00e9s a V\u00e1rosfejleszt\u00e9si programterv elk\u00e9sz\u00edt\u00e9s\u00e9re \u00e9s v\u00e9gleges\u00edt\u00e9s\u00e9re, a v\u00e1rosi z\u00f6ld menetrend alapj\u00e1n kidolgozand\u00f3 v\u00e1rosi z\u00f6ld finansz\u00edroz\u00e1si keretrendszer kialak\u00edt\u00e1s\u00e1ra, a v\u00e1ros energiafelhaszn\u00e1l\u00e1s\u00e1nak \u00e1tfog\u00f3 energetikai felm\u00e9r\u00e9sre, a v\u00e1ros\u00fczemeltet\u00e9si szolg\u00e1ltat\u00e1sok \u00e9s \u00f6nkorm\u00e1nyzati fenntart\u00e1s\u00fa k\u00f6zint\u00e9zm\u00e9nyek digitaliz\u00e1ci\u00f3j\u00e1ra ir\u00e1nyul\u00f3 elemz\u00e9sekre, felm\u00e9r\u00e9sekre, digit\u00e1lis akci\u00f3terv kidolgoz\u00e1s\u00e1ra, a Ker\u00e9kp\u00e1rforgalmi H\u00e1l\u00f3zati Terv fel\u00fclvizsg\u00e1lat\u00e1ra.<\/p>\n<p>A projekt el\u0151k\u00e9sz\u00edt\u0151 feladatai megval\u00f3sultak, \u00edgy a K\u00f6zigazgat\u00e1si \u00e9s Ter\u00fcletfejleszt\u00e9si Miniszt\u00e9rium, mint T\u00e1mogat\u00f3 \u00e9s a nev\u00e9ben elj\u00e1r\u00f3 Magyar \u00c1llamkincst\u00e1r Vas V\u00e1rmegyei Igazgat\u00f3s\u00e1ga a Fenntarthat\u00f3 V\u00e1rosfejleszt\u00e9si Strat\u00e9gi\u00e1t \u00e9s a V\u00e1rosfejleszt\u00e9si Programtervet j\u00f3v\u00e1hagyta \u00e9s hozz\u00e1j\u00e1rult a projektfejleszt\u00e9s lez\u00e1r\u00e1s\u00e1hoz.&nbsp;<\/p>\n<p><a href=\"https:\/\/savaria2020.eu\/word\/wp-content\/uploads\/2025\/12\/Szombathely_KHT_mod.pdf\">Ker\u00e9kp\u00e1rforgalmi H\u00e1l\u00f3zati terv<\/a><\/p>\n<p><a href=\"https:\/\/savaria2020.eu\/word\/wp-content\/uploads\/2025\/12\/szombathely-zold-infrastruktura-fejlesztesi-es-fenntartasi-akcioterv_.pdf\">Z\u00f6ldinfrastrukt\u00fara Fejleszt\u00e9si \u00e9s Fenntart\u00e1si Akci\u00f3terv<\/a><\/p>\n<\/div><\/div><\/div><\/div><\/div><\/p>\n","protected":false},"excerpt":{"rendered":"","protected":false},"author":2,"featured_media":0,"parent":0,"menu_order":0,"comment_status":"closed","ping_status":"closed","template":"100-width.php","meta":{"ngg_post_thumbnail":0,"footnotes":""},"class_list":["post-1635","page","type-page","status-publish","hentry"],"_links":{"self":[{"href":"https:\/\/savaria2020.eu\/word\/wp-json\/wp\/v2\/pages\/1635","targetHints":{"allow":["GET"]}}],"collection":[{"href":"https:\/\/savaria2020.eu\/word\/wp-json\/wp\/v2\/pages"}],"about":[{"href":"https:\/\/savaria2020.eu\/word\/wp-json\/wp\/v2\/types\/page"}],"author":[{"embeddable":true,"href":"https:\/\/savaria2020.eu\/word\/wp-json\/wp\/v2\/users\/2"}],"replies":[{"embeddable":true,"href":"https:\/\/savaria2020.eu\/word\/wp-json\/wp\/v2\/comments?post=1635"}],"version-history":[{"count":30,"href":"https:\/\/savaria2020.eu\/word\/wp-json\/wp\/v2\/pages\/1635\/revisions"}],"predecessor-version":[{"id":2019,"href":"https:\/\/savaria2020.eu\/word\/wp-json\/wp\/v2\/pages\/1635\/revisions\/2019"}],"wp:attachment":[{"href":"https:\/\/savaria2020.eu\/word\/wp-json\/wp\/v2\/media?parent=1635"}],"curies":[{"name":"wp","href":"https:\/\/api.w.org\/{rel}","templated":true}]}}