{"id":1473,"date":"2018-05-28T07:26:57","date_gmt":"2018-05-28T07:26:57","guid":{"rendered":"http:\/\/savaria2020.eu\/muszaki-ellenorzes-copy\/"},"modified":"2025-01-21T11:51:04","modified_gmt":"2025-01-21T11:51:04","slug":"adatvedelem","status":"publish","type":"page","link":"https:\/\/savaria2020.eu\/word\/adatvedelem\/","title":{"rendered":"Adatv\u00e9delem"},"content":{"rendered":"<div class=\"fusion-fullwidth fullwidth-box fusion-builder-row-1 fusion-flex-container nonhundred-percent-fullwidth non-hundred-percent-height-scrolling\" style=\"--awb-background-position:left top;--awb-border-sizes-top:0px;--awb-border-sizes-bottom:0px;--awb-border-sizes-left:0px;--awb-border-sizes-right:0px;--awb-border-radius-top-left:0px;--awb-border-radius-top-right:0px;--awb-border-radius-bottom-right:0px;--awb-border-radius-bottom-left:0px;--awb-padding-top:130px;--awb-padding-right:30px;--awb-padding-bottom:130px;--awb-padding-left:30px;--awb-flex-wrap:wrap;\" ><div class=\"fusion-builder-row fusion-row fusion-flex-align-items-flex-start fusion-flex-content-wrap\" style=\"max-width:1248px;margin-left: calc(-4% \/ 2 );margin-right: calc(-4% \/ 2 );\"><div class=\"fusion-layout-column fusion_builder_column fusion-builder-column-0 fusion_builder_column_1_1 1_1 fusion-flex-column\" style=\"--awb-bg-size:cover;--awb-width-large:100%;--awb-margin-top-large:0px;--awb-spacing-right-large:1.92%;--awb-margin-bottom-large:20px;--awb-spacing-left-large:1.92%;--awb-width-medium:100%;--awb-spacing-right-medium:1.92%;--awb-spacing-left-medium:1.92%;--awb-width-small:100%;--awb-spacing-right-small:1.92%;--awb-spacing-left-small:1.92%;\"><div class=\"fusion-column-wrapper fusion-flex-justify-content-flex-start fusion-content-layout-column\"><div class=\"fusion-text fusion-text-1\"><h2>Az EU \u00e1ltal\u00e1nos adatv\u00e9delmi rendelet\u00e9vel \u00f6sszef\u00fcgg\u0151 t\u00e1j\u00e9koztat\u00e1s<\/h2>\n<\/div><div class=\"fusion-separator\" style=\"align-self: flex-start;margin-right:auto;margin-top:0px;margin-bottom:35px;width:100%;max-width:170px;\"><div class=\"fusion-separator-border sep-single sep-solid\" style=\"--awb-height:20px;--awb-amount:20px;--awb-sep-color:#e2e3e8;border-color:#e2e3e8;border-top-width:3px;\"><\/div><\/div><div class=\"fusion-text fusion-text-2\"><p>Tisztelt jelenlegi \u00e9s j\u00f6v\u0151beli \u00dcgyfel\u00fcnk\/Partner\u00fcnk!<\/p>\n<p>2018. m\u00e1jus 25.-ei hat\u00e1llyal <em>AZ EUR\u00d3PAI PARLAMENT \u00c9S A TAN\u00c1CS (EU) 2016\/679&nbsp;<\/em><em>RENDELETE &#8211; (2016. \u00e1prilis 27.) a term\u00e9szetes szem\u00e9lyeknek a szem\u00e9lyes adatok kezel\u00e9se&nbsp;<\/em><em>tekintet\u00e9ben t\u00f6rt\u00e9n\u0151 v\u00e9delm\u00e9r\u0151l \u00e9s az ilyen adatok szabad \u00e1raml\u00e1s\u00e1r\u00f3l, valamint a 95\/46\/EK&nbsp;<\/em><em>rendelet hat\u00e1lyon k\u00edv\u00fcl helyez\u00e9s\u00e9r\u0151l, azaz <\/em>az \u00c1ltal\u00e1nos Adatv\u00e9delmi Rendelet (General Data Protection Regulation (GDPR) kapcs\u00e1n ez\u00faton szeretn\u00e9nk t\u00e1j\u00e9koztat\u00e1st adni az al\u00e1bbiakr\u00f3l:<\/p>\n<p>T\u00e1rsas\u00e1gunk adatv\u00e9delmi szab\u00e1lyzat\u00e1t, t\u00e1j\u00e9koztat\u00f3j\u00e1t online a k\u00f6vetkez\u0151 linkre &#8222;<a href=\"https:\/\/savaria2020.eu\/word\/wp-content\/uploads\/2018\/05\/ADATV\u00c9DELMI-SZAB\u00c1LYZAT.pdf\">adatv\u00e9delmi t\u00e1j\u00e9koztat\u00f3<\/a>&#8221; kattintva tal\u00e1lja meg.<\/p>\n<p>A GDPR alapj\u00e1n a T\u00e1rsas\u00e1gunk r\u00e9sz\u00e9re a k\u00f6t\u00f6tt szerz\u0151d\u00e9sek teljes\u00edt\u00e9se c\u00e9lj\u00e1b\u00f3l \u00e1tadott szem\u00e9lyes adatok kezel\u00e9s\u00e9\u00e9rt T\u00e1rsas\u00e1gunk mint adatkezel\u0151 felel.<\/p>\n<p>Tov\u00e1bb\u00e1, a vonatkoz\u00f3 jogszab\u00e1lyoknak megfelel\u0151en, ha a j\u00f6v\u0151ben szem\u00e9lyes adatokat bocs\u00e1t a T\u00e1rsas\u00e1gunk rendelkez\u00e9s\u00e9re, az a T\u00e1rsas\u00e1gunk adatv\u00e9delmi szab\u00e1lyzat\u00e1nak, illet\u0151leg t\u00e1j\u00e9koztat\u00f3j\u00e1nak az \u00d6n \u00e1ltali elfogad\u00e1s\u00e1t is jelenti. Az \u00edr\u00e1sbeli kifog\u00e1sokat t\u00e9rtivev\u00e9nyes lev\u00e9lben T\u00e1rsas\u00e1gunk 9700 Szombathely, F\u0151 t\u00e9r 23\/B I\/1. sz. alatti &nbsp;sz\u00e9khely\u00fcnkre k\u00e9rj\u00fck elk\u00fcldeni.<\/p>\n<p>T\u00e1rsas\u00e1gunk adatv\u00e9delmi szab\u00e1lyzata, illet\u0151leg t\u00e1j\u00e9koztat\u00f3ja 2018. m\u00e1jus 25-\u00e9n l\u00e9pett \u00e9letbe.<\/p>\n<p>Amennyiben tov\u00e1bbi t\u00e1j\u00e9koztat\u00e1st szeretne, vegye fel vel\u00fcnk a kapcsolatot az info@savaria2020.eu e-mail c\u00edmen.<\/p>\n<\/div><\/div><\/div><\/div><\/div>\n","protected":false},"excerpt":{"rendered":"","protected":false},"author":1,"featured_media":0,"parent":0,"menu_order":0,"comment_status":"closed","ping_status":"closed","template":"100-width.php","meta":{"ngg_post_thumbnail":0,"footnotes":""},"class_list":["post-1473","page","type-page","status-publish","hentry"],"_links":{"self":[{"href":"https:\/\/savaria2020.eu\/word\/wp-json\/wp\/v2\/pages\/1473","targetHints":{"allow":["GET"]}}],"collection":[{"href":"https:\/\/savaria2020.eu\/word\/wp-json\/wp\/v2\/pages"}],"about":[{"href":"https:\/\/savaria2020.eu\/word\/wp-json\/wp\/v2\/types\/page"}],"author":[{"embeddable":true,"href":"https:\/\/savaria2020.eu\/word\/wp-json\/wp\/v2\/users\/1"}],"replies":[{"embeddable":true,"href":"https:\/\/savaria2020.eu\/word\/wp-json\/wp\/v2\/comments?post=1473"}],"version-history":[{"count":8,"href":"https:\/\/savaria2020.eu\/word\/wp-json\/wp\/v2\/pages\/1473\/revisions"}],"predecessor-version":[{"id":1692,"href":"https:\/\/savaria2020.eu\/word\/wp-json\/wp\/v2\/pages\/1473\/revisions\/1692"}],"wp:attachment":[{"href":"https:\/\/savaria2020.eu\/word\/wp-json\/wp\/v2\/media?parent=1473"}],"curies":[{"name":"wp","href":"https:\/\/api.w.org\/{rel}","templated":true}]}}