{"id":1442,"date":"2018-05-14T10:00:55","date_gmt":"2018-05-14T10:00:55","guid":{"rendered":"http:\/\/savaria2020.eu\/kapcsolat-copy\/"},"modified":"2021-07-02T10:38:53","modified_gmt":"2021-07-02T10:38:53","slug":"kapcsolat-clld","status":"publish","type":"page","link":"https:\/\/savaria2020.eu\/word\/kapcsolat-clld\/","title":{"rendered":"Kapcsolat  CLLD"},"content":{"rendered":"<p><div class=\"fusion-fullwidth fullwidth-box fusion-builder-row-1 fusion-flex-container fusion-parallax-none nonhundred-percent-fullwidth non-hundred-percent-height-scrolling\" style=\"--awb-background-position:center bottom;--awb-border-radius-top-left:0px;--awb-border-radius-top-right:0px;--awb-border-radius-bottom-right:0px;--awb-border-radius-bottom-left:0px;--awb-padding-top:130px;--awb-padding-bottom:110px;--awb-background-image:url(&quot;https:\/\/savaria2020.eu\/word\/wp-content\/uploads\/2015\/02\/belvaros.jpg&quot;);--awb-background-size:cover;--awb-border-sizes-top:0px;--awb-border-sizes-bottom:0px;--awb-flex-wrap:wrap;\" ><div class=\"fusion-builder-row fusion-row fusion-flex-align-items-flex-start fusion-flex-content-wrap\" style=\"max-width:calc( 1200px + 0px );margin-left: calc(-0px \/ 2 );margin-right: calc(-0px \/ 2 );\"><div class=\"fusion-layout-column fusion_builder_column fusion-builder-column-0 fusion_builder_column_1_1 1_1 fusion-flex-column fusion-flex-align-self-flex-start fusion-column-no-min-height\" style=\"--awb-bg-size:cover;--awb-width-large:100%;--awb-margin-top-large:0px;--awb-spacing-right-large:0px;--awb-margin-bottom-large:0px;--awb-spacing-left-large:0px;--awb-width-medium:100%;--awb-spacing-right-medium:0px;--awb-spacing-left-medium:0px;--awb-width-small:100%;--awb-spacing-right-small:0px;--awb-spacing-left-small:0px;\"><div class=\"fusion-column-wrapper fusion-flex-justify-content-flex-start fusion-content-layout-column\"><div class=\"fusion-text fusion-text-1\"><h2><span style=\"color: #ffffff;\">L\u00c9PJEN VEL\u00dcNK KAPCSOLATBA<\/span><\/h2>\n<p><span style=\"color: #ffffff;\">K\u00e9rd\u00e9s eset\u00e9n \u00edrjon nek\u00fcnk \u00e9s hamarosan felvessz\u00fck \u00f6nnel a kapcsolatot.<\/span><\/p>\n<\/div><div class=\"fusion-separator fusion-full-width-sep\" style=\"align-self: center;margin-left: auto;margin-right: auto;margin-top:100px;width:100%;\"><\/div><\/div><\/div><div class=\"fusion-layout-column fusion_builder_column fusion-builder-column-1 fusion_builder_column_1_1 1_1 fusion-flex-column\" style=\"--awb-bg-size:cover;--awb-width-large:100%;--awb-margin-top-large:0px;--awb-spacing-right-large:0px;--awb-margin-bottom-large:20px;--awb-spacing-left-large:0px;--awb-width-medium:100%;--awb-spacing-right-medium:0px;--awb-spacing-left-medium:0px;--awb-width-small:100%;--awb-spacing-right-small:0px;--awb-spacing-left-small:0px;\"><div class=\"fusion-column-wrapper fusion-flex-justify-content-flex-start fusion-content-layout-column\">\t\t\t\t\t<script type=\"text\/javascript\">\n\t\t\t\t\t\tvar map_fusion_map_69d484adb4a14;\n\t\t\t\t\t\tvar markers = [];\n\t\t\t\t\t\tvar counter = 0;\n\t\t\t\t\t\t\t\t\t\t\t\t\t\t\t\t\t\t\t\tvar fusionMapNonce = 'd045bcbd6f';\n\t\t\t\t\t\t\t\t\t\t\t\tfunction fusion_run_map_fusion_map_69d484adb4a14() {\n\t\t\t\t\t\t\tjQuery('#fusion_map_69d484adb4a14').fusion_maps({\n\t\t\t\t\t\t\t\taddresses: [{\"address\":\"9700 Szombathely, F\\u0151 t\\u00e9r 23\\\/B. I\\\/1.<br \\\/>\\n\",\"infobox_content\":\"\",\"marker\":\"https:\\\/\\\/savaria2020.eu\\\/word\\\/wp-content\\\/uploads\\\/2015\\\/02\\\/map-marker.png\",\"coordinates\":false,\"cache\":true,\"latitude\":\"47.230079\",\"longitude\":\"16.62113499999998\"}],\n\t\t\t\t\t\t\t\tanimations: true,\n\t\t\t\t\t\t\t\tinfobox_background_color: '',\n\t\t\t\t\t\t\t\tinfobox_styling: 'default',\n\t\t\t\t\t\t\t\tinfobox_text_color: '',\n\t\t\t\t\t\t\t\tmap_style: 'custom',\n\t\t\t\t\t\t\t\tmap_type: 'terrain',\n\t\t\t\t\t\t\t\tmarker_icon: 'https:\/\/savaria2020.eu\/word\/wp-content\/uploads\/2015\/02\/map-marker.png',\n\t\t\t\t\t\t\t\toverlay_color: '',\n\t\t\t\t\t\t\t\toverlay_color_hsl: {\"hue\":0,\"sat\":0,\"lum\":100},\n\t\t\t\t\t\t\t\tshow_address: false,\n\t\t\t\t\t\t\t\tscale_control: false,\n\t\t\t\t\t\t\t\tscrollwheel: false,\n\t\t\t\t\t\t\t\tzoom: 12,\n\t\t\t\t\t\t\t\tzoom_control: false,\n\t\t\t\t\t\t\t});\n\t\t\t\t\t\t}\n\n\t\t\t\t\t\tgoogle.maps.event.addDomListener(window, 'load', fusion_run_map_fusion_map_69d484adb4a14);\n\t\t\t\t\t<\/script>\n\t\t\t\t\t<div class=\"shortcode-map fusion-google-map fusion-maps-js-type\" style=\"--awb-height:240px;\" id=\"fusion_map_69d484adb4a14\"><\/div><div class=\"fusion-separator fusion-full-width-sep\" style=\"align-self: center;margin-left: auto;margin-right: auto;margin-top:40px;width:100%;\"><\/div><div class=\"fusion-text fusion-text-2\"><p><span style=\"color: #ffffff;\">SAVARIA V\u00e1rosfejleszt\u00e9si Nonprofit Kft.<\/span><br \/>\n<span style=\"color: #ffffff;\"> 9700 Szombathely, F\u0151 t\u00e9r 23\/B. I\/1.<\/span><br \/>\n<span style=\"color: #ffffff;\"> Email: <a style=\"color: #ffffff;\" href=\"mailto:clld@savaria2020.eu\">clld@savaria2020.eu<\/a><\/span><br \/>\n<span style=\"color: #ffffff;\"> Web: <a style=\"color: #ffffff;\" href=\"https:\/\/savaria2020.eu\/word\/clld\/\">savaria2020.eu\/clld<\/a><\/span><\/p>\n<\/div><div class=\"fusion-text fusion-text-3\"><p><span style=\"color: #ffffff;\">\u00dcgyf\u00e9lszolg\u00e1lat:<\/span><br \/>\n<span style=\"color: #ffffff;\">Szem\u00e9lyes \u00fcgyf\u00e9lszolg\u00e1lat: H\u00e9tf\u0151, kedd, cs\u00fct\u00f6rt\u00f6k: 8:00-12:00<\/span><br \/>\n<span style=\"color: #ffffff;\">Telefonos \u00fcgyf\u00e9lszolg\u00e1lat: H-P: 8:00-14:00<\/span><br \/>\n<span style=\"color: #ffffff;\">\u00dcgyf\u00e9lszolg\u00e1lati telefonsz\u00e1m: 06 20<\/span><\/p>\n<\/div><\/div><\/div><\/div><\/div><div class=\"fusion-fullwidth fullwidth-box fusion-builder-row-2 fusion-flex-container nonhundred-percent-fullwidth non-hundred-percent-height-scrolling\" style=\"--awb-background-position:left top;--awb-border-radius-top-left:0px;--awb-border-radius-top-right:0px;--awb-border-radius-bottom-right:0px;--awb-border-radius-bottom-left:0px;--awb-padding-top:20px;--awb-padding-bottom:20px;--awb-border-sizes-top:0px;--awb-border-sizes-bottom:0px;--awb-flex-wrap:wrap;\" ><div class=\"fusion-builder-row fusion-row fusion-flex-align-items-flex-start fusion-flex-content-wrap\" style=\"max-width:calc( 1200px + 0px );margin-left: calc(-0px \/ 2 );margin-right: calc(-0px \/ 2 );\"><div class=\"fusion-layout-column fusion_builder_column fusion-builder-column-2 fusion_builder_column_1_1 1_1 fusion-flex-column fusion-flex-align-self-flex-start fusion-column-no-min-height\" style=\"--awb-bg-size:cover;--awb-width-large:100%;--awb-margin-top-large:0px;--awb-spacing-right-large:0px;--awb-margin-bottom-large:0px;--awb-spacing-left-large:0px;--awb-width-medium:100%;--awb-spacing-right-medium:0px;--awb-spacing-left-medium:0px;--awb-width-small:100%;--awb-spacing-right-small:0px;--awb-spacing-left-small:0px;\"><div class=\"fusion-column-wrapper fusion-flex-justify-content-flex-start fusion-content-layout-column\"><div class=\"fusion-text fusion-text-4\"><p style=\"text-align: center;\"><a href=\"https:\/\/savaria2020.eu\/word\/clld-copy-copy\/\">H\u00cdREK<\/a> | <a href=\"https:\/\/savaria2020.eu\/word\/clld-hacs\/\">HACS<\/a> | <a href=\"https:\/\/savaria2020.eu\/word\/clld-projekt\/\">PROJEKTISMERTET\u0150 <\/a>| <a href=\"https:\/\/savaria2020.eu\/word\/clld-palyazat\/\">P\u00c1LY\u00c1ZATOK<\/a> | <a href=\"https:\/\/savaria2020.eu\/word\/clld-dokumentum\/\">DOKUMENTUMOK<\/a> | <a href=\"https:\/\/savaria2020.eu\/word\/kapcsolat-copy\/\">KAPCSOLAT<\/a><\/p>\n<\/div><\/div><\/div><\/div><\/div><\/p>\n","protected":false},"excerpt":{"rendered":"","protected":false},"author":1,"featured_media":0,"parent":0,"menu_order":0,"comment_status":"closed","ping_status":"closed","template":"100-width.php","meta":{"ngg_post_thumbnail":0,"footnotes":""},"class_list":["post-1442","page","type-page","status-publish","hentry"],"_links":{"self":[{"href":"https:\/\/savaria2020.eu\/word\/wp-json\/wp\/v2\/pages\/1442","targetHints":{"allow":["GET"]}}],"collection":[{"href":"https:\/\/savaria2020.eu\/word\/wp-json\/wp\/v2\/pages"}],"about":[{"href":"https:\/\/savaria2020.eu\/word\/wp-json\/wp\/v2\/types\/page"}],"author":[{"embeddable":true,"href":"https:\/\/savaria2020.eu\/word\/wp-json\/wp\/v2\/users\/1"}],"replies":[{"embeddable":true,"href":"https:\/\/savaria2020.eu\/word\/wp-json\/wp\/v2\/comments?post=1442"}],"version-history":[{"count":6,"href":"https:\/\/savaria2020.eu\/word\/wp-json\/wp\/v2\/pages\/1442\/revisions"}],"predecessor-version":[{"id":1582,"href":"https:\/\/savaria2020.eu\/word\/wp-json\/wp\/v2\/pages\/1442\/revisions\/1582"}],"wp:attachment":[{"href":"https:\/\/savaria2020.eu\/word\/wp-json\/wp\/v2\/media?parent=1442"}],"curies":[{"name":"wp","href":"https:\/\/api.w.org\/{rel}","templated":true}]}}