{"id":1429,"date":"2018-05-14T09:45:01","date_gmt":"2018-05-14T09:45:01","guid":{"rendered":"http:\/\/savaria2020.eu\/clld-projekt-copy-copy-copy\/"},"modified":"2021-07-02T10:38:53","modified_gmt":"2021-07-02T10:38:53","slug":"clld-hacs","status":"publish","type":"page","link":"https:\/\/savaria2020.eu\/word\/clld-hacs\/","title":{"rendered":"HACS"},"content":{"rendered":"<p><div class=\"fusion-fullwidth fullwidth-box fusion-builder-row-1 fusion-flex-container nonhundred-percent-fullwidth non-hundred-percent-height-scrolling\" style=\"--awb-background-position:left top;--awb-border-radius-top-left:0px;--awb-border-radius-top-right:0px;--awb-border-radius-bottom-right:0px;--awb-border-radius-bottom-left:0px;--awb-padding-top:80px;--awb-padding-right:30px;--awb-padding-bottom:20px;--awb-padding-left:30px;--awb-background-color:#ffffff;--awb-border-sizes-top:0px;--awb-border-sizes-bottom:0px;--awb-flex-wrap:wrap;\" ><div class=\"fusion-builder-row fusion-row fusion-flex-align-items-flex-start fusion-flex-content-wrap\" style=\"max-width:calc( 1200px + 0px );margin-left: calc(-0px \/ 2 );margin-right: calc(-0px \/ 2 );\"><div class=\"fusion-layout-column fusion_builder_column fusion-builder-column-0 fusion_builder_column_1_1 1_1 fusion-flex-column\" style=\"--awb-bg-size:cover;--awb-width-large:100%;--awb-margin-top-large:0px;--awb-spacing-right-large:0px;--awb-margin-bottom-large:20px;--awb-spacing-left-large:0px;--awb-width-medium:100%;--awb-spacing-right-medium:0px;--awb-spacing-left-medium:0px;--awb-width-small:100%;--awb-spacing-right-small:0px;--awb-spacing-left-small:0px;\"><div class=\"fusion-column-wrapper fusion-flex-justify-content-flex-start fusion-content-layout-column\"><div class=\"fusion-text fusion-text-1\"><h3><strong>Savaria J\u00f6v\u0151j\u00e9\u00e9rt Helyi K\u00f6z\u00f6ss\u00e9g<\/strong><\/h3>\n<p>&nbsp;<\/p>\n<h5>A szombathelyi helyi k\u00f6z\u00f6ss\u00e9g 2016. m\u00e1jus 25-\u00e9n alakult konzorciumi form\u00e1ban.<\/h5>\n<p>Konzorciumvezet\u0151: Szombathely Megyei Jog\u00fa V\u00e1ros \u00d6nkorm\u00e1nyzata<\/p>\n<p>Munkaszervezet: Savaria V\u00e1rosfejleszt\u00e9si Nonprofit Kft.<\/p>\n<p>A Savaria J\u00f6v\u0151j\u00e9\u00e9rt Helyi K\u00f6z\u00f6ss\u00e9g tagjai:<\/p>\n<ul>\n<li>AGORA Szombathelyi Kultur\u00e1lis K\u00f6zpont<\/li>\n<li>BFH Eur\u00f3pa Kft.<\/li>\n<li>Her\u00e9nyi Kultur\u00e1lis \u00e9s Sportegyes\u00fclet<\/li>\n<li>Innopartner Tan\u00e1csad\u00f3, Fejleszt\u0151 \u00e9s Kutat\u00f3 Kft.<\/li>\n<li>N\u0151i v\u00e1llalkoz\u00f3i Klub Egyes\u00fclet<\/li>\n<li>Nyugat-Pannon Ter\u00fclet- \u00e9s Gazdas\u00e1gfejleszt\u00e9si Szolg\u00e1ltat\u00f3 K\u00f6zhaszn\u00fa Nonprofit Kft.<\/li>\n<li>Pannon Projektum T\u00e9rs\u00e9g \u00e9s Hum\u00e1nfejleszt\u0151 Bt.<\/li>\n<li>Pacific Genius Kft.<\/li>\n<li>R\u00e9gi\u00f3f\u00f3kusz K\u00f6zhaszn\u00fa Nonprofit Kft.<\/li>\n<li>Savaria Megyei Hat\u00f3k\u00f6r\u0171 V\u00e1rosi M\u00fazeum<\/li>\n<li>Savaria Tendency Art Group M\u0171v\u00e9szeti \u00e9s Kultur\u00e1lis Egyes\u00fclet<\/li>\n<li>Savaria V\u00e1rosfejleszt\u00e9si Nonprofit Kft.<\/li>\n<li>Szombathely MJV \u00d6nkorm\u00e1nyzata<\/li>\n<li>Szombathelyi Civil Kerekasztal<\/li>\n<li>Szombathelyi Evang\u00e9likus Egyh\u00e1zk\u00f6zs\u00e9g<\/li>\n<li>Szombathelyi K\u00e9pz\u0151 K\u00f6zpont K\u00f6zhaszn\u00fa Nonprofit Kft.<\/li>\n<li>Szombathelyi Turisztikai \u00e9s Testv\u00e9rv\u00e1rosi Egyes\u00fclet<\/li>\n<li>Sz\u00fcl\u0151f\u00f6ld Kultur\u00e1lis, Sport \u00e9s \u00d6r\u00f6ks\u00e9gv\u00e9delmi Egyes\u00fclet<\/li>\n<li>Vas Megye \u00e9s Szombathely V\u00e1ros Region\u00e1lis V\u00e1llalkoz\u00e1sfejleszt\u00e9si Alap\u00edtv\u00e1ny<\/li>\n<li>V\u00e1ltoz\u00f3 Vil\u00e1g\u00e9rt Alap\u00edtv\u00e1ny<\/li>\n<\/ul>\n<\/div><\/div><\/div><\/div><\/div><div class=\"fusion-fullwidth fullwidth-box fusion-builder-row-2 fusion-flex-container nonhundred-percent-fullwidth non-hundred-percent-height-scrolling\" style=\"--awb-background-position:left top;--awb-border-radius-top-left:0px;--awb-border-radius-top-right:0px;--awb-border-radius-bottom-right:0px;--awb-border-radius-bottom-left:0px;--awb-padding-top:20px;--awb-padding-bottom:20px;--awb-border-sizes-top:0px;--awb-border-sizes-bottom:0px;--awb-flex-wrap:wrap;\" ><div class=\"fusion-builder-row fusion-row fusion-flex-align-items-flex-start fusion-flex-content-wrap\" style=\"max-width:1248px;margin-left: calc(-4% \/ 2 );margin-right: calc(-4% \/ 2 );\"><div class=\"fusion-layout-column fusion_builder_column fusion-builder-column-1 fusion_builder_column_1_2 1_2 fusion-flex-column\" style=\"--awb-bg-size:cover;--awb-width-large:50%;--awb-margin-top-large:0px;--awb-spacing-right-large:3.84%;--awb-margin-bottom-large:20px;--awb-spacing-left-large:3.84%;--awb-width-medium:50%;--awb-spacing-right-medium:3.84%;--awb-spacing-left-medium:3.84%;--awb-width-small:100%;--awb-spacing-right-small:1.92%;--awb-spacing-left-small:1.92%;\"><div class=\"fusion-column-wrapper fusion-flex-justify-content-flex-start fusion-content-layout-column\"><div class=\"fusion-text fusion-text-2\"><p><img decoding=\"async\" class=\"alignnone size-full wp-image-1355\" src=\"https:\/\/savaria2020.eu\/word\/wp-content\/uploads\/2018\/04\/CLLD-logo2.jpg\" alt=\"\" width=\"411\" height=\"196\" srcset=\"https:\/\/savaria2020.eu\/word\/wp-content\/uploads\/2018\/04\/CLLD-logo2-200x95.jpg 200w, https:\/\/savaria2020.eu\/word\/wp-content\/uploads\/2018\/04\/CLLD-logo2-300x143.jpg 300w, https:\/\/savaria2020.eu\/word\/wp-content\/uploads\/2018\/04\/CLLD-logo2-400x191.jpg 400w, https:\/\/savaria2020.eu\/word\/wp-content\/uploads\/2018\/04\/CLLD-logo2.jpg 411w\" sizes=\"(max-width: 411px) 100vw, 411px\" \/><\/p>\n<\/div><\/div><\/div><div class=\"fusion-layout-column fusion_builder_column fusion-builder-column-2 fusion_builder_column_1_2 1_2 fusion-flex-column\" style=\"--awb-bg-size:cover;--awb-width-large:50%;--awb-margin-top-large:0px;--awb-spacing-right-large:3.84%;--awb-margin-bottom-large:20px;--awb-spacing-left-large:3.84%;--awb-width-medium:50%;--awb-spacing-right-medium:3.84%;--awb-spacing-left-medium:3.84%;--awb-width-small:100%;--awb-spacing-right-small:1.92%;--awb-spacing-left-small:1.92%;\"><div class=\"fusion-column-wrapper fusion-flex-justify-content-flex-start fusion-content-layout-column\"><div class=\"fusion-text fusion-text-3\"><p><img decoding=\"async\" class=\"alignright\" src=\"https:\/\/savaria2020.eu\/word\/wp-content\/uploads\/2018\/02\/infoblokk_kedv_final_CMYK_ESBA.jpg\" alt=\"\" width=\"290\" height=\"200\"><\/p>\n<\/div><\/div><\/div><\/div><\/div><div class=\"fusion-fullwidth fullwidth-box fusion-builder-row-3 fusion-flex-container nonhundred-percent-fullwidth non-hundred-percent-height-scrolling\" style=\"--awb-background-position:left top;--awb-border-radius-top-left:0px;--awb-border-radius-top-right:0px;--awb-border-radius-bottom-right:0px;--awb-border-radius-bottom-left:0px;--awb-padding-top:20px;--awb-padding-bottom:20px;--awb-background-color:#ffffff;--awb-border-sizes-top:0px;--awb-border-sizes-bottom:0px;--awb-flex-wrap:wrap;\" ><div class=\"fusion-builder-row fusion-row fusion-flex-align-items-flex-start fusion-flex-content-wrap\" style=\"max-width:calc( 1200px + 0px );margin-left: calc(-0px \/ 2 );margin-right: calc(-0px \/ 2 );\"><div class=\"fusion-layout-column fusion_builder_column fusion-builder-column-3 fusion_builder_column_1_1 1_1 fusion-flex-column fusion-flex-align-self-flex-start fusion-column-no-min-height\" style=\"--awb-bg-size:cover;--awb-width-large:100%;--awb-margin-top-large:0px;--awb-spacing-right-large:0px;--awb-margin-bottom-large:0px;--awb-spacing-left-large:0px;--awb-width-medium:100%;--awb-spacing-right-medium:0px;--awb-spacing-left-medium:0px;--awb-width-small:100%;--awb-spacing-right-small:0px;--awb-spacing-left-small:0px;\"><div class=\"fusion-column-wrapper fusion-flex-justify-content-flex-start fusion-content-layout-column\"><div class=\"fusion-separator fusion-full-width-sep\" style=\"align-self: center;margin-left: auto;margin-right: auto;margin-top:0px;margin-bottom:35px;width:100%;max-width:100%;\"><div class=\"fusion-separator-border sep-single sep-solid\" style=\"--awb-height:20px;--awb-amount:20px;--awb-sep-color:#e2e3e8;border-color:#e2e3e8;border-top-width:3px;\"><\/div><\/div><div class=\"fusion-text fusion-text-4\"><p style=\"text-align: center;\"><a href=\"https:\/\/savaria2020.eu\/word\/clld-copy-copy\/\">H\u00cdREK<\/a> | <a href=\"https:\/\/savaria2020.eu\/word\/clld-hacs\/\">HACS<\/a> | <a href=\"https:\/\/savaria2020.eu\/word\/clld-projekt\/\">PROJEKTISMERTET\u0150 <\/a>| <a href=\"https:\/\/savaria2020.eu\/word\/clld-palyazat\/\">P\u00c1LY\u00c1ZATOK<\/a> | <a href=\"https:\/\/savaria2020.eu\/word\/clld-dokumentum\/\">DOKUMENTUMOK<\/a> | <a href=\"https:\/\/savaria2020.eu\/word\/kapcsolat-copy\/\">KAPCSOLAT<\/a><\/p>\n<\/div><\/div><\/div><\/div><\/div><\/p>\n","protected":false},"excerpt":{"rendered":"","protected":false},"author":2,"featured_media":0,"parent":0,"menu_order":0,"comment_status":"closed","ping_status":"closed","template":"100-width.php","meta":{"ngg_post_thumbnail":0,"footnotes":""},"class_list":["post-1429","page","type-page","status-publish","hentry"],"_links":{"self":[{"href":"https:\/\/savaria2020.eu\/word\/wp-json\/wp\/v2\/pages\/1429","targetHints":{"allow":["GET"]}}],"collection":[{"href":"https:\/\/savaria2020.eu\/word\/wp-json\/wp\/v2\/pages"}],"about":[{"href":"https:\/\/savaria2020.eu\/word\/wp-json\/wp\/v2\/types\/page"}],"author":[{"embeddable":true,"href":"https:\/\/savaria2020.eu\/word\/wp-json\/wp\/v2\/users\/2"}],"replies":[{"embeddable":true,"href":"https:\/\/savaria2020.eu\/word\/wp-json\/wp\/v2\/comments?post=1429"}],"version-history":[{"count":22,"href":"https:\/\/savaria2020.eu\/word\/wp-json\/wp\/v2\/pages\/1429\/revisions"}],"predecessor-version":[{"id":1584,"href":"https:\/\/savaria2020.eu\/word\/wp-json\/wp\/v2\/pages\/1429\/revisions\/1584"}],"wp:attachment":[{"href":"https:\/\/savaria2020.eu\/word\/wp-json\/wp\/v2\/media?parent=1429"}],"curies":[{"name":"wp","href":"https:\/\/api.w.org\/{rel}","templated":true}]}}