{"id":1339,"date":"2018-02-02T13:13:48","date_gmt":"2018-02-02T13:13:48","guid":{"rendered":"http:\/\/savaria2020.eu\/nemzetkozi-projektek-copy\/"},"modified":"2021-07-02T10:38:54","modified_gmt":"2021-07-02T10:38:54","slug":"nemzetkozi-projektek-copy","status":"publish","type":"page","link":"https:\/\/savaria2020.eu\/word\/nemzetkozi-projektek-copy\/","title":{"rendered":"NewPilgrimAge"},"content":{"rendered":"<p><div class=\"fusion-fullwidth fullwidth-box fusion-builder-row-1 fusion-flex-container fusion-parallax-none nonhundred-percent-fullwidth non-hundred-percent-height-scrolling\" style=\"--awb-background-position:left center;--awb-border-radius-top-left:0px;--awb-border-radius-top-right:0px;--awb-border-radius-bottom-right:0px;--awb-border-radius-bottom-left:0px;--awb-padding-top:130px;--awb-padding-bottom:120px;--awb-background-color:#202878;--awb-background-image:url(&quot;https:\/\/savaria2020.eu\/word\/wp-content\/uploads\/2018\/02\/newpilgrimage.jpg&quot;);--awb-background-size:cover;--awb-border-sizes-top:0px;--awb-border-sizes-bottom:0px;--awb-flex-wrap:wrap;\" ><div class=\"fusion-builder-row fusion-row fusion-flex-align-items-flex-start fusion-flex-content-wrap\" style=\"max-width:calc( 1200px + 0px );margin-left: calc(-0px \/ 2 );margin-right: calc(-0px \/ 2 );\"><div class=\"fusion-layout-column fusion_builder_column fusion-builder-column-0 fusion_builder_column_1_1 1_1 fusion-flex-column\" style=\"--awb-bg-size:cover;--awb-width-large:100%;--awb-margin-top-large:0px;--awb-spacing-right-large:0px;--awb-margin-bottom-large:20px;--awb-spacing-left-large:0px;--awb-width-medium:100%;--awb-spacing-right-medium:0px;--awb-spacing-left-medium:0px;--awb-width-small:100%;--awb-spacing-right-small:0px;--awb-spacing-left-small:0px;\"><div class=\"fusion-column-wrapper fusion-flex-justify-content-flex-start fusion-content-layout-column\"><div class=\"fusion-text fusion-text-1\"><h2>A Szent M\u00e1rtonhoz kapcsol\u00f3d\u00f3 k\u00f6z\u00f6s \u00e9rt\u00e9kek \u00e9s kultur\u00e1lis \u00f6r\u00f6ks\u00e9g 21. sz\u00e1zadi meg\u00faj\u00edt\u00e1sa, mint a k\u00f6z\u00f6ss\u00e9gi alap\u00fa vend\u00e9gfogad\u00e1s \u00faj motorja<\/h2>\n<\/div><\/div><\/div><\/div><\/div><div class=\"fusion-fullwidth fullwidth-box fusion-builder-row-2 fusion-flex-container nonhundred-percent-fullwidth non-hundred-percent-height-scrolling\" style=\"--awb-background-position:left top;--awb-border-radius-top-left:0px;--awb-border-radius-top-right:0px;--awb-border-radius-bottom-right:0px;--awb-border-radius-bottom-left:0px;--awb-padding-top:70px;--awb-padding-bottom:30px;--awb-border-sizes-top:0px;--awb-border-sizes-bottom:0px;--awb-flex-wrap:wrap;\" ><div class=\"fusion-builder-row fusion-row fusion-flex-align-items-stretch fusion-flex-content-wrap\" style=\"max-width:calc( 1200px + 0px );margin-left: calc(-0px \/ 2 );margin-right: calc(-0px \/ 2 );\"><div class=\"fusion-layout-column fusion_builder_column fusion-builder-column-1 fusion_builder_column_1_1 1_1 fusion-flex-column\" style=\"--awb-bg-size:cover;--awb-width-large:100%;--awb-margin-top-large:0px;--awb-spacing-right-large:0px;--awb-margin-bottom-large:20px;--awb-spacing-left-large:0px;--awb-width-medium:100%;--awb-spacing-right-medium:0px;--awb-spacing-left-medium:0px;--awb-width-small:100%;--awb-spacing-right-small:0px;--awb-spacing-left-small:0px;\"><div class=\"fusion-column-wrapper fusion-flex-justify-content-flex-start fusion-content-layout-column\"><div class=\"fusion-text fusion-text-2\"><h2>Konzorciumi partnerek:<\/h2>\n<\/div><ul style=\"--awb-size:13px;--awb-line-height:22.1px;--awb-icon-width:22.1px;--awb-icon-height:22.1px;--awb-icon-margin:9.1px;--awb-content-margin:31.2px;--awb-circlecolor:#65bc7b;--awb-circle-yes-font-size:11.44px;\" class=\"fusion-checklist fusion-checklist-1 fusion-checklist-default type-icons\"><li class=\"fusion-li-item\" style=\"\"><span class=\"icon-wrapper circle-yes\"><i class=\"fusion-li-icon fa fa-th-list\" aria-hidden=\"true\"><\/i><\/span><div class=\"fusion-li-item-content\">Szombathely Megyei Jog\u00fa V\u00e1ros \u00d6nkorm\u00e1nyzata<\/div><\/li><li class=\"fusion-li-item\" style=\"\"><span class=\"icon-wrapper circle-yes\"><i class=\"fusion-li-icon fa fa-th-list\" aria-hidden=\"true\"><\/i><\/span><div class=\"fusion-li-item-content\">Mindspace Nonprofit Kft.<\/div><\/li><li class=\"fusion-li-item\" style=\"\"><span class=\"icon-wrapper circle-yes\"><i class=\"fusion-li-icon fa fa-th-list\" aria-hidden=\"true\"><\/i><\/span><div class=\"fusion-li-item-content\">Znanstvenoraziskovalni center Slovenske akademije znanosti in umetnosti<\/div><\/li><li class=\"fusion-li-item\" style=\"\"><span class=\"icon-wrapper circle-yes\"><i class=\"fusion-li-icon fa fa-th-list\" aria-hidden=\"true\"><\/i><\/span><div class=\"fusion-li-item-content\">Mestna ob\u010dina Maribor<\/div><\/li><li class=\"fusion-li-item\" style=\"\"><span class=\"icon-wrapper circle-yes\"><i class=\"fusion-li-icon fa fa-th-list\" aria-hidden=\"true\"><\/i><\/span><div class=\"fusion-li-item-content\">Zdru\u017eenie FEMAN<\/div><\/li><li class=\"fusion-li-item\" style=\"\"><span class=\"icon-wrapper circle-yes\"><i class=\"fusion-li-icon fa fa-th-list\" aria-hidden=\"true\"><\/i><\/span><div class=\"fusion-li-item-content\">Karpatsk\u00fd Euroregi\u00f3n Slovensko<\/div><\/li><li class=\"fusion-li-item\" style=\"\"><span class=\"icon-wrapper circle-yes\"><i class=\"fusion-li-icon fa fa-th-list\" aria-hidden=\"true\"><\/i><\/span><div class=\"fusion-li-item-content\">Comitato Regionale Unpli Veneto<\/div><\/li><li class=\"fusion-li-item\" style=\"\"><span class=\"icon-wrapper circle-yes\"><i class=\"fusion-li-icon fa fa-th-list\" aria-hidden=\"true\"><\/i><\/span><div class=\"fusion-li-item-content\">Comune di Albenga<\/div><\/li><li class=\"fusion-li-item\" style=\"\"><span class=\"icon-wrapper circle-yes\"><i class=\"fusion-li-icon fa fa-th-list\" aria-hidden=\"true\"><\/i><\/span><div class=\"fusion-li-item-content\">Grad Dugo Selo<\/div><\/li><\/ul><\/div><\/div><\/div><\/div><div class=\"fusion-fullwidth fullwidth-box fusion-builder-row-3 fusion-flex-container nonhundred-percent-fullwidth non-hundred-percent-height-scrolling\" style=\"--awb-border-radius-top-left:0px;--awb-border-radius-top-right:0px;--awb-border-radius-bottom-right:0px;--awb-border-radius-bottom-left:0px;--awb-padding-top:110px;--awb-padding-bottom:50px;--awb-background-color:#79bcd5;--awb-border-sizes-top:0px;--awb-border-sizes-bottom:0px;--awb-flex-wrap:wrap;\" ><div class=\"fusion-builder-row fusion-row fusion-flex-align-items-flex-start fusion-flex-content-wrap\" style=\"max-width:1248px;margin-left: calc(-4% \/ 2 );margin-right: calc(-4% \/ 2 );\"><div class=\"fusion-layout-column fusion_builder_column fusion-builder-column-2 fusion_builder_column_1_2 1_2 fusion-flex-column\" style=\"--awb-bg-position:right center;--awb-bg-size:cover;--awb-border-color:#ffffff;--awb-border-right:3px;--awb-border-style:solid;--awb-width-large:50%;--awb-margin-top-large:0px;--awb-spacing-right-large:3.84%;--awb-margin-bottom-large:0px;--awb-spacing-left-large:3.84%;--awb-width-medium:50%;--awb-spacing-right-medium:3.84%;--awb-spacing-left-medium:3.84%;--awb-width-small:100%;--awb-spacing-right-small:1.92%;--awb-spacing-left-small:1.92%;\"><div class=\"fusion-column-wrapper fusion-flex-justify-content-flex-start fusion-content-layout-column\"><div class=\"fusion-text fusion-text-3\"><h2><span style=\"color: #ffffff;\"> Projekt megval\u00f3s\u00edt\u00e1s\u00e1nak <\/span><br \/>\n<span style=\"color: #ffffff;\">\u00f6sszege:<\/span><\/h2>\n<\/div><\/div><\/div><div class=\"fusion-layout-column fusion_builder_column fusion-builder-column-3 fusion_builder_column_1_2 1_2 fusion-flex-column\" style=\"--awb-bg-size:cover;--awb-width-large:50%;--awb-margin-top-large:0px;--awb-spacing-right-large:3.84%;--awb-margin-bottom-large:100px;--awb-spacing-left-large:3.84%;--awb-width-medium:50%;--awb-spacing-right-medium:3.84%;--awb-spacing-left-medium:3.84%;--awb-width-small:100%;--awb-spacing-right-small:1.92%;--awb-spacing-left-small:1.92%;\"><div class=\"fusion-column-wrapper fusion-flex-justify-content-flex-start fusion-content-layout-column\"><div class=\"fusion-counters-box counters-box row fusion-clearfix fusion-columns-1\" style=\"--awb-color:#ffffff;--awb-title-size:40;\"><div class=\"fusion-counter-box fusion-column col-counter-box counter-box-wrapper col-lg-12 col-md-12 col-sm-12\" data-animationOffset=\"top-into-view\"><div class=\"counter-box-container\"><div class=\"content-box-percentage content-box-counter\"><span class=\"display-counter\" data-value=\"1710455\" data-delimiter=\".\" data-direction=\"up\" data-decimals=\"0\">0<\/span><span class=\"unit\">EUR<\/span><\/div><div class=\"counter-box-content\"><\/div><\/div><\/div><\/div><\/div><\/div><\/div><\/div><div class=\"fusion-fullwidth fullwidth-box fusion-builder-row-4 fusion-flex-container nonhundred-percent-fullwidth non-hundred-percent-height-scrolling\" style=\"--awb-background-position:left top;--awb-border-radius-top-left:0px;--awb-border-radius-top-right:0px;--awb-border-radius-bottom-right:0px;--awb-border-radius-bottom-left:0px;--awb-padding-top:20px;--awb-padding-bottom:20px;--awb-border-sizes-top:0px;--awb-border-sizes-bottom:0px;--awb-flex-wrap:wrap;\" ><div class=\"fusion-builder-row fusion-row fusion-flex-align-items-flex-start fusion-flex-content-wrap\" style=\"max-width:calc( 1200px + 0px );margin-left: calc(-0px \/ 2 );margin-right: calc(-0px \/ 2 );\"><div class=\"fusion-layout-column fusion_builder_column fusion-builder-column-4 fusion_builder_column_1_1 1_1 fusion-flex-column fusion-flex-align-self-flex-start fusion-column-no-min-height\" style=\"--awb-bg-size:cover;--awb-width-large:100%;--awb-margin-top-large:0px;--awb-spacing-right-large:0px;--awb-margin-bottom-large:0px;--awb-spacing-left-large:0px;--awb-width-medium:100%;--awb-spacing-right-medium:0px;--awb-spacing-left-medium:0px;--awb-width-small:100%;--awb-spacing-right-small:0px;--awb-spacing-left-small:0px;\"><div class=\"fusion-column-wrapper fusion-flex-justify-content-flex-start fusion-content-layout-column\"><div class=\"fusion-text fusion-text-4\"><h2>A projekt r\u00f6vid \u00f6sszefoglal\u00e1sa<\/h2>\n<\/div><div class=\"fusion-separator\" style=\"align-self: center;margin-left: auto;margin-right: auto;margin-top:0px;margin-bottom:35px;width:100%;max-width:500px;\"><div class=\"fusion-separator-border sep-shadow\" style=\"--awb-height:20px;--awb-amount:20px;--awb-sep-color:#e2e3e8;background:radial-gradient(ellipse at 50% -50% , #e2e3e8 0px, rgba(255, 255, 255, 0) 80%) repeat scroll 0 0 rgba(0, 0, 0, 0);background:-webkit-radial-gradient(ellipse at 50% -50% , #e2e3e8 0px, rgba(255, 255, 255, 0) 80%) repeat scroll 0 0 rgba(0, 0, 0, 0);background:-moz-radial-gradient(ellipse at 50% -50% , #e2e3e8 0px, rgba(255, 255, 255, 0) 80%) repeat scroll 0 0 rgba(0, 0, 0, 0);background:-o-radial-gradient(ellipse at 50% -50% , #e2e3e8 0px, rgba(255, 255, 255, 0) 80%) repeat scroll 0 0 rgba(0, 0, 0, 0);\"><\/div><\/div><\/div><\/div><div class=\"fusion-layout-column fusion_builder_column fusion-builder-column-5 fusion_builder_column_1_1 1_1 fusion-flex-column\" style=\"--awb-bg-size:cover;--awb-width-large:100%;--awb-margin-top-large:0px;--awb-spacing-right-large:0px;--awb-margin-bottom-large:20px;--awb-spacing-left-large:0px;--awb-width-medium:100%;--awb-spacing-right-medium:0px;--awb-spacing-left-medium:0px;--awb-width-small:100%;--awb-spacing-right-small:0px;--awb-spacing-left-small:0px;\"><div class=\"fusion-column-wrapper fusion-flex-justify-content-flex-start fusion-content-layout-column\"><div class=\"fusion-text fusion-text-5\"><p>Szombathely MJV \u00d6nkorm\u00e1nyzata 2016. j\u00fanius\u00e1ban a fenti c\u00edmmel ny\u00fajtott be p\u00e1ly\u00e1zatot az Interreg Central Europe Transznacion\u00e1lis Program felh\u00edv\u00e1s\u00e1ra. A 7 tag\u00fa nemzetk\u00f6zi partnerk\u00f6r 4 orsz\u00e1gb\u00f3l (Magyarorsz\u00e1g, Szlov\u00e9nia, Olaszorsz\u00e1g, Horv\u00e1torsz\u00e1g) tev\u0151dik \u00f6ssze. A partnerszervezetek a Szent M\u00e1rton kultur\u00e1lis \u00fatvonal ment\u00e9n elhelyezked\u0151 telep\u00fcl\u00e9sek, valamint a tudom\u00e1nyos, civil, kultur\u00e1lis \u00e9s k\u00f6zigazgat\u00e1si szf\u00e9r\u00e1j\u00e1nak k\u00e9pvisel\u0151i.<br \/>\nA nyertes p\u00e1ly\u00e1zat keret\u00e9ben t\u00f6rt\u00e9n\u0151, 36 h\u00f3napig tart\u00f3 egy\u00fcttm\u0171k\u00f6d\u00e9s \u00e1tfog\u00f3 c\u00e9lja az integr\u00e1lt kultur\u00e1lis \u00f6r\u00f6ks\u00e9gmeg\u0151rz\u00e9s \u00e9s -kezel\u00e9s felt\u00e9teleinek jav\u00edt\u00e1sa a Szent M\u00e1rton \u00e9let\u00e9hez kapcsol\u00f3d\u00f3 t\u00e1rgyi \u00e9s szellemi \u00f6r\u00f6ks\u00e9g k\u00f6vetkez\u0151 gener\u00e1ci\u00f3k sz\u00e1m\u00e1ra t\u00f6rt\u00e9n\u0151 meg\u0151rz\u00e9s\u00e9\u00e9rt.<br \/>\nA projekt keret\u00e9ben minden projektpartnern\u00e9l alulr\u00f3l szervez\u0151d\u0151 k\u00f6z\u00f6ss\u00e9gk\u00e9nt l\u00e9trej\u00f6n egy, a fejleszt\u00e9si elk\u00e9pzel\u00e9s kidolgoz\u00e1s\u00e1\u00e9rt \u00e9s megval\u00f3s\u00edt\u00e1s\u00e1\u00e9rt felel\u0151s munkacsoport, amely feladatai k\u00f6z\u00e9 a t\u00e9m\u00e1ban t\u00f6rt\u00e9n\u0151 egy\u00fcttgondolkod\u00e1s, a projekttartalom konkretiz\u00e1l\u00e1sa, strat\u00e9gia alkot\u00e1s, tov\u00e1bb\u00e1 egy helyi v\u00edzi\u00f3 fel\u00e1ll\u00edt\u00e1sa is tartozik.<br \/>\nFontos ir\u00e1ny a k\u00f6z\u00f6s gondolkod\u00e1sban annak eltervez\u00e9se \u00e9s kidolgoz\u00e1sa, hogyan tehet\u0151 az itt \u00e9l\u0151k, \u00e9s az ide \u00e9rkez\u0151k sz\u00e1m\u00e1ra egyar\u00e1nt l\u00e1that\u00f3v\u00e1, \u00e9rz\u00e9kelhet\u0151v\u00e9, meg\u00e9lhet\u0151v\u00e9 a Szent M\u00e1rton-i \u00f6r\u00f6ks\u00e9g.<br \/>\nA projekt t\u00e1g kereteket, rugalmas mozg\u00e1steret biztos\u00edt a XXI. sz\u00e1zadi m\u00f3don \u00fajrafogalmazott \u00f6r\u00f6ks\u00e9gmeg\u0151rz\u00e9s \u00e9s -\u00e1tad\u00e1s tartalma \u00e9s m\u00f3dozatai ter\u00e9n: sz\u00e1mtalan alulr\u00f3l j\u00f6v\u0151 kezdem\u00e9nyez\u00e9s \u00e9s \u00f6tlet val\u00f3sulhat meg a k\u00f6z\u00f6ss\u00e9gi munka, k\u00f6z\u00f6s elk\u00e9pzel\u00e9sek, a k\u00f6z\u00f6sen kidolgozott strat\u00e9gia seg\u00edts\u00e9g\u00e9vel.<br \/>\nA valamikor itt \u00e9l\u0151k \u00e9letk\u00f6z\u00f6ss\u00e9g\u00e9nek m\u00e1ig hat\u00f3 koh\u00e9zi\u00f3s ereje a tenni akar\u00e1sban, a k\u00f6z\u00f6ss\u00e9gi felel\u0151ss\u00e9gv\u00e1llal\u00e1sban, \u00e9s a hagyom\u00e1nyok \u00e1pol\u00e1s\u00e1ban gy\u00f6kerezett. Szombathelyinek lenni saj\u00e1tos l\u00e9lek\u00e1llapot, b\u00fcszkes\u00e9ggel teli attit\u0171d, amely a XXI. sz\u00e1zadban gazdag t\u00f6rt\u00e9nelmi m\u00faltunk felv\u00e1llal\u00e1sa, h\u00edres sz\u00fcl\u00f6tteink eml\u00e9k\u00e9nek \u00e1pol\u00e1sa, a Szombathelyen \u00e9l\u0151k \u00f6sszetartoz\u00e1s\u00e1nak er\u0151s\u00edt\u00e9se \u00fatj\u00e1n val\u00f3sul meg.<br \/>\nA szombathelyiek sz\u00e1m\u00e1ra a lak\u00f3hely\u00fckkel kapcsolatos identit\u00e1s er\u0151s\u00edt\u00e9se elv\u00e1laszthatatlan azzal a t\u00f6rekv\u00e9ssel, hogy az \u0151ket ide f\u0171z\u0151-k\u00f6t\u0151 sz\u00e1lakat b\u00fcszkes\u00e9ggel mutass\u00e1k meg az ide l\u00e1togat\u00f3 vend\u00e9gek is. A \u201eszombathelyis\u00e9g\u201d megmutat\u00e1s\u00e1ban fontos szerepet j\u00e1tszhat a v\u00e1ros h\u00edres sz\u00fcl\u00f6tteinek \u00e9let\u00fatj\u00e1t, tev\u00e9kenys\u00e9g\u00fck napjainkra gyakorolt hat\u00e1sait, munk\u00e1ss\u00e1guk \u00f6r\u00f6ks\u00e9g\u00e9t feldolgoz\u00f3 ismeretanyag \u00f6ssze\u00e1ll\u00edt\u00e1sa, mely ak\u00e1r a szombathelyi di\u00e1kok, ak\u00e1r az ide \u00e9rkez\u0151 vend\u00e9gek sz\u00e1m\u00e1ra ablak lehet a k\u00e9tezer \u00e9ves v\u00e1ros kultur\u00e1lis \u00e9s szellemi \u00f6r\u00f6ks\u00e9g\u00e9re.<br \/>\nAz \u00f6r\u00f6ks\u00e9g\u00e1tad\u00e1s tartalm\u00e1nak \u00e9s m\u00f3dszertan\u00e1nak kidolgoz\u00e1s\u00e1ban r\u00e9sztvev\u0151k egyik f\u0151 c\u00e9lja lehet, hogy a vonz\u00f3, szerethet\u0151, \u00e9vezredes \u00e9s egy\u00fattal XXI. sz\u00e1zadi \u00e9rt\u00e9keket is felmutat\u00f3 v\u00e1ros k\u00e9pe marasztalja az itt \u00e9l\u0151ket, egy\u00fattal cs\u00e1b\u00edtsa ide a messzi f\u00f6ldr\u0151l \u00e9rkez\u0151ket.<\/p>\n<p><strong>Tov\u00e1bbi inform\u00e1ci\u00f3: www.interreg-central.eu\/newpilgrimage<\/strong><\/p>\n<\/div><\/div><\/div><\/div><\/div><div class=\"fusion-fullwidth fullwidth-box fusion-builder-row-5 fusion-flex-container hundred-percent-fullwidth non-hundred-percent-height-scrolling\" style=\"--awb-border-radius-top-left:0px;--awb-border-radius-top-right:0px;--awb-border-radius-bottom-right:0px;--awb-border-radius-bottom-left:0px;--awb-overflow:visible;--awb-padding-right:30px;--awb-padding-left:30px;--awb-flex-wrap:wrap;\" ><div class=\"fusion-builder-row fusion-row fusion-flex-align-items-flex-start fusion-flex-content-wrap\" style=\"width:calc( 100% + 0px ) !important;max-width:calc( 100% + 0px ) !important;margin-left: calc(-0px \/ 2 );margin-right: calc(-0px \/ 2 );\"><div class=\"fusion-layout-column fusion_builder_column fusion-builder-column-6 fusion_builder_column_1_1 1_1 fusion-flex-column fusion-flex-align-self-flex-start fusion-column-no-min-height\" style=\"--awb-bg-size:cover;--awb-width-large:100%;--awb-margin-top-large:0px;--awb-spacing-right-large:0px;--awb-margin-bottom-large:0px;--awb-spacing-left-large:0px;--awb-width-medium:100%;--awb-spacing-right-medium:0px;--awb-spacing-left-medium:0px;--awb-width-small:100%;--awb-spacing-right-small:0px;--awb-spacing-left-small:0px;\"><div class=\"fusion-column-wrapper fusion-flex-justify-content-flex-start fusion-content-layout-column\"><div class=\"fusion-text fusion-text-6\"><p><img decoding=\"async\" class=\"size-full wp-image-1344 alignright\" src=\"https:\/\/savaria2020.eu\/word\/wp-content\/uploads\/2018\/02\/NewPilgrimAge_CMYK.jpg\" alt=\"\" width=\"710\" height=\"299\" srcset=\"https:\/\/savaria2020.eu\/word\/wp-content\/uploads\/2018\/02\/NewPilgrimAge_CMYK-200x84.jpg 200w, https:\/\/savaria2020.eu\/word\/wp-content\/uploads\/2018\/02\/NewPilgrimAge_CMYK-300x126.jpg 300w, https:\/\/savaria2020.eu\/word\/wp-content\/uploads\/2018\/02\/NewPilgrimAge_CMYK-400x168.jpg 400w, https:\/\/savaria2020.eu\/word\/wp-content\/uploads\/2018\/02\/NewPilgrimAge_CMYK-600x253.jpg 600w, https:\/\/savaria2020.eu\/word\/wp-content\/uploads\/2018\/02\/NewPilgrimAge_CMYK.jpg 710w\" sizes=\"(max-width: 710px) 100vw, 710px\" \/><\/p>\n<\/div><\/div><\/div><\/div><\/div><\/p>\n","protected":false},"excerpt":{"rendered":"","protected":false},"author":1,"featured_media":0,"parent":0,"menu_order":0,"comment_status":"closed","ping_status":"closed","template":"100-width.php","meta":{"ngg_post_thumbnail":0,"footnotes":""},"class_list":["post-1339","page","type-page","status-publish","hentry"],"_links":{"self":[{"href":"https:\/\/savaria2020.eu\/word\/wp-json\/wp\/v2\/pages\/1339","targetHints":{"allow":["GET"]}}],"collection":[{"href":"https:\/\/savaria2020.eu\/word\/wp-json\/wp\/v2\/pages"}],"about":[{"href":"https:\/\/savaria2020.eu\/word\/wp-json\/wp\/v2\/types\/page"}],"author":[{"embeddable":true,"href":"https:\/\/savaria2020.eu\/word\/wp-json\/wp\/v2\/users\/1"}],"replies":[{"embeddable":true,"href":"https:\/\/savaria2020.eu\/word\/wp-json\/wp\/v2\/comments?post=1339"}],"version-history":[{"count":5,"href":"https:\/\/savaria2020.eu\/word\/wp-json\/wp\/v2\/pages\/1339\/revisions"}],"predecessor-version":[{"id":1588,"href":"https:\/\/savaria2020.eu\/word\/wp-json\/wp\/v2\/pages\/1339\/revisions\/1588"}],"wp:attachment":[{"href":"https:\/\/savaria2020.eu\/word\/wp-json\/wp\/v2\/media?parent=1339"}],"curies":[{"name":"wp","href":"https:\/\/api.w.org\/{rel}","templated":true}]}}