{"id":1336,"date":"2018-02-02T13:07:45","date_gmt":"2018-02-02T13:07:45","guid":{"rendered":"http:\/\/savaria2020.eu\/tarsadalmi-egyuttmukodest-elosegito-komplex-programok-az-operint-varosreszen-copy\/"},"modified":"2021-07-02T10:38:54","modified_gmt":"2021-07-02T10:38:54","slug":"tarsadalmi-egyuttmukodest-elosegito-komplex-programok-az-operint-varosreszen-copy","status":"publish","type":"page","link":"https:\/\/savaria2020.eu\/word\/tarsadalmi-egyuttmukodest-elosegito-komplex-programok-az-operint-varosreszen-copy\/","title":{"rendered":"V\u00e1rosrehab II."},"content":{"rendered":"<p><div class=\"fusion-fullwidth fullwidth-box fusion-builder-row-1 fusion-flex-container fusion-parallax-none nonhundred-percent-fullwidth non-hundred-percent-height-scrolling\" style=\"--awb-background-position:left center;--awb-border-radius-top-left:0px;--awb-border-radius-top-right:0px;--awb-border-radius-bottom-right:0px;--awb-border-radius-bottom-left:0px;--awb-padding-top:130px;--awb-padding-bottom:120px;--awb-background-image:url(&quot;https:\/\/savaria2020.eu\/word\/wp-content\/uploads\/2015\/07\/counterback-300x117.jpg&quot;);--awb-background-size:cover;--awb-border-sizes-top:0px;--awb-border-sizes-bottom:0px;--awb-flex-wrap:wrap;\" ><div class=\"fusion-builder-row fusion-row fusion-flex-align-items-flex-start fusion-flex-content-wrap\" style=\"max-width:calc( 1200px + 0px );margin-left: calc(-0px \/ 2 );margin-right: calc(-0px \/ 2 );\"><div class=\"fusion-layout-column fusion_builder_column fusion-builder-column-0 fusion_builder_column_1_1 1_1 fusion-flex-column\" style=\"--awb-bg-size:cover;--awb-width-large:100%;--awb-margin-top-large:0px;--awb-spacing-right-large:0px;--awb-margin-bottom-large:20px;--awb-spacing-left-large:0px;--awb-width-medium:100%;--awb-spacing-right-medium:0px;--awb-spacing-left-medium:0px;--awb-width-small:100%;--awb-spacing-right-small:0px;--awb-spacing-left-small:0px;\"><div class=\"fusion-column-wrapper fusion-flex-justify-content-flex-start fusion-content-layout-column\"><div class=\"fusion-text fusion-text-1\"><h2><span style=\"color: #ffffff;\">Szoci\u00e1lis v\u00e1rosrehabilit\u00e1ci\u00f3 II. \u00fctem<\/span><\/h2>\n<\/div><div class=\"fusion-separator fusion-full-width-sep\" style=\"align-self: center;margin-left: auto;margin-right: auto;margin-top:20px;width:100%;\"><\/div><\/div><\/div><\/div><\/div><div class=\"fusion-fullwidth fullwidth-box fusion-builder-row-2 fusion-flex-container nonhundred-percent-fullwidth non-hundred-percent-height-scrolling\" style=\"--awb-background-position:left top;--awb-border-radius-top-left:0px;--awb-border-radius-top-right:0px;--awb-border-radius-bottom-right:0px;--awb-border-radius-bottom-left:0px;--awb-padding-top:130px;--awb-padding-right:30px;--awb-padding-bottom:130px;--awb-padding-left:30px;--awb-border-sizes-top:0px;--awb-border-sizes-bottom:0px;--awb-flex-wrap:wrap;\" ><div class=\"fusion-builder-row fusion-row fusion-flex-align-items-flex-start fusion-flex-content-wrap\" style=\"max-width:1248px;margin-left: calc(-4% \/ 2 );margin-right: calc(-4% \/ 2 );\"><div class=\"fusion-layout-column fusion_builder_column fusion-builder-column-1 fusion_builder_column_2_3 2_3 fusion-flex-column\" style=\"--awb-bg-size:cover;--awb-width-large:66.666666666667%;--awb-margin-top-large:0px;--awb-spacing-right-large:3.84%;--awb-margin-bottom-large:20px;--awb-spacing-left-large:2.88%;--awb-width-medium:66.666666666667%;--awb-spacing-right-medium:3.84%;--awb-spacing-left-medium:2.88%;--awb-width-small:100%;--awb-spacing-right-small:1.92%;--awb-spacing-left-small:1.92%;\"><div class=\"fusion-column-wrapper fusion-flex-justify-content-flex-start fusion-content-layout-column\"><div class=\"fusion-text fusion-text-2\"><h2>TOP-6.7.1-15-SH1-2016-00001<\/h2>\n<\/div><div class=\"fusion-separator\" style=\"align-self: flex-start;margin-right:auto;margin-top:0px;margin-bottom:35px;width:100%;max-width:170px;\"><div class=\"fusion-separator-border sep-single sep-solid\" style=\"--awb-height:20px;--awb-amount:20px;--awb-sep-color:#e2e3e8;border-color:#e2e3e8;border-top-width:3px;\"><\/div><\/div><div class=\"fusion-text fusion-text-3\"><h3><em> A &nbsp;Ter\u00fclet- \u00e9s Telep\u00fcl\u00e9sfejleszt\u00e9si Operat\u00edv Programban t\u00e1mogat\u00e1st nyert projekt f\u0151bb adatai: <\/em><\/h3>\n<\/div><ul style=\"--awb-size:13px;--awb-line-height:22.1px;--awb-icon-width:22.1px;--awb-icon-height:22.1px;--awb-icon-margin:9.1px;--awb-content-margin:31.2px;--awb-circlecolor:#000000;--awb-circle-yes-font-size:11.44px;\" class=\"fusion-checklist fusion-checklist-1 fusion-checklist-default type-icons\"><li class=\"fusion-li-item\" style=\"\"><span class=\"icon-wrapper circle-yes\"><i class=\"fusion-li-icon fa fa-check\" aria-hidden=\"true\"><\/i><\/span><div class=\"fusion-li-item-content\"><b>Projekt c\u00edme:&nbsp;<\/b>Szoci\u00e1lis v\u00e1rosrehabilit\u00e1ci\u00f3 II. \u00fctem<\/div><\/li><li class=\"fusion-li-item\" style=\"\"><span class=\"icon-wrapper circle-yes\"><i class=\"fusion-li-icon fa fa-check\" aria-hidden=\"true\"><\/i><\/span><div class=\"fusion-li-item-content\"><b>Projekt azonos\u00edt\u00f3 sz\u00e1ma:<\/b>&nbsp;TOP-6.7.1-15-SH1-2016-00001<\/div><\/li><li class=\"fusion-li-item\" style=\"\"><span class=\"icon-wrapper circle-yes\"><i class=\"fusion-li-icon fa fa-check\" aria-hidden=\"true\"><\/i><\/span><div class=\"fusion-li-item-content\"><b>(F\u0151)Kedvezm\u00e9nyezett neve:<\/b>&nbsp;Szombathely Megyei Jog\u00fa V\u00e1ros \u00d6nkorm\u00e1nyzata<\/div><\/li><li class=\"fusion-li-item\" style=\"\"><span class=\"icon-wrapper circle-yes\"><i class=\"fusion-li-icon fa fa-check\" aria-hidden=\"true\"><\/i><\/span><div class=\"fusion-li-item-content\"><b>Meg\u00edt\u00e9lt t\u00e1mogat\u00e1s:<\/b> 455 000 000 Ft<\/div><\/li><li class=\"fusion-li-item\" style=\"\"><span class=\"icon-wrapper circle-yes\"><i class=\"fusion-li-icon fa fa-check\" aria-hidden=\"true\"><\/i><\/span><div class=\"fusion-li-item-content\"><b>T\u00e1mogat\u00e1s m\u00e9rt\u00e9ke:<\/b>&nbsp;100 %<\/div><\/li><li class=\"fusion-li-item\" style=\"\"><span class=\"icon-wrapper circle-yes\"><i class=\"fusion-li-icon fa fa-check\" aria-hidden=\"true\"><\/i><\/span><div class=\"fusion-li-item-content\"><b>Projekt helysz\u00edn:<\/b>&nbsp;Szombathely MJV belv\u00e1rosa, \u00d3perint v\u00e1rosr\u00e9sz<\/div><\/li><li class=\"fusion-li-item\" style=\"\"><span class=\"icon-wrapper circle-yes\"><i class=\"fusion-li-icon fa fa-check\" aria-hidden=\"true\"><\/i><\/span><div class=\"fusion-li-item-content\"><b>A projekt v\u00e9grehajt\u00e1s\u00e1ban k\u00f6zrem\u0171k\u00f6d\u0151 szervezet:<\/b>&nbsp;Magyar \u00c1llamkincst\u00e1r Vas Megyei Igazgat\u00f3s\u00e1g<\/div><\/li><\/ul><\/div><\/div><div class=\"fusion-layout-column fusion_builder_column fusion-builder-column-2 fusion_builder_column_1_3 1_3 fusion-flex-column\" style=\"--awb-bg-size:cover;--awb-width-large:33.333333333333%;--awb-margin-top-large:0px;--awb-spacing-right-large:5.76%;--awb-margin-bottom-large:20px;--awb-spacing-left-large:3.8399999999999%;--awb-width-medium:33.333333333333%;--awb-spacing-right-medium:5.76%;--awb-spacing-left-medium:3.8399999999999%;--awb-width-small:100%;--awb-spacing-right-small:1.92%;--awb-spacing-left-small:1.92%;\"><div class=\"fusion-column-wrapper fusion-flex-justify-content-flex-start fusion-content-layout-column\"><div class=\"fusion-text fusion-text-4\"><h3>&nbsp;<img decoding=\"async\" class=\"alignnone size-medium wp-image-895\" src=\"https:\/\/savaria2020.eu\/word\/wp-content\/uploads\/2016\/04\/small2-1-217x300.jpg\" alt=\"small2\" width=\"217\" height=\"300\" srcset=\"https:\/\/savaria2020.eu\/word\/wp-content\/uploads\/2016\/04\/small2-1-217x300.jpg 217w, https:\/\/savaria2020.eu\/word\/wp-content\/uploads\/2016\/04\/small2-1-741x1024.jpg 741w, https:\/\/savaria2020.eu\/word\/wp-content\/uploads\/2016\/04\/small2-1-768x1061.jpg 768w\" sizes=\"(max-width: 217px) 100vw, 217px\" \/><\/h3>\n<\/div><\/div><\/div><\/div><\/div><div class=\"fusion-fullwidth fullwidth-box fusion-builder-row-3 fusion-flex-container fusion-parallax-fixed nonhundred-percent-fullwidth non-hundred-percent-height-scrolling\" style=\"--awb-border-radius-top-left:0px;--awb-border-radius-top-right:0px;--awb-border-radius-bottom-right:0px;--awb-border-radius-bottom-left:0px;--awb-padding-top:110px;--awb-padding-bottom:50px;--awb-background-image:url(&quot;https:\/\/savaria2020.eu\/word\/wp-content\/uploads\/2016\/04\/header-300x200.jpg&quot;);--awb-background-size:cover;--awb-border-sizes-top:0px;--awb-border-sizes-bottom:0px;--awb-flex-wrap:wrap;background-attachment:fixed;\" ><div class=\"fusion-builder-row fusion-row fusion-flex-align-items-flex-start fusion-flex-content-wrap\" style=\"max-width:1248px;margin-left: calc(-4% \/ 2 );margin-right: calc(-4% \/ 2 );\"><div class=\"fusion-layout-column fusion_builder_column fusion-builder-column-3 fusion_builder_column_1_2 1_2 fusion-flex-column\" style=\"--awb-bg-position:right center;--awb-bg-size:cover;--awb-border-color:#ffffff;--awb-border-right:3px;--awb-border-style:solid;--awb-width-large:50%;--awb-margin-top-large:0px;--awb-spacing-right-large:3.84%;--awb-margin-bottom-large:0px;--awb-spacing-left-large:3.84%;--awb-width-medium:50%;--awb-spacing-right-medium:3.84%;--awb-spacing-left-medium:3.84%;--awb-width-small:100%;--awb-spacing-right-small:1.92%;--awb-spacing-left-small:1.92%;\"><div class=\"fusion-column-wrapper fusion-flex-justify-content-flex-start fusion-content-layout-column\"><div class=\"fusion-text fusion-text-5\"><h2><span style=\"color: #ffffff;\"> Projekt megval\u00f3s\u00edt\u00e1s\u00e1nak <\/span><br \/>\n<span style=\"color: #ffffff;\">\u00f6sszege:<\/span><\/h2>\n<\/div><\/div><\/div><div class=\"fusion-layout-column fusion_builder_column fusion-builder-column-4 fusion_builder_column_1_2 1_2 fusion-flex-column\" style=\"--awb-bg-size:cover;--awb-width-large:50%;--awb-margin-top-large:0px;--awb-spacing-right-large:3.84%;--awb-margin-bottom-large:100px;--awb-spacing-left-large:3.84%;--awb-width-medium:50%;--awb-spacing-right-medium:3.84%;--awb-spacing-left-medium:3.84%;--awb-width-small:100%;--awb-spacing-right-small:1.92%;--awb-spacing-left-small:1.92%;\"><div class=\"fusion-column-wrapper fusion-flex-justify-content-flex-start fusion-content-layout-column\"><div class=\"fusion-counters-box counters-box row fusion-clearfix fusion-columns-1\" style=\"--awb-color:#ffffff;--awb-title-size:40;\"><div class=\"fusion-counter-box fusion-column col-counter-box counter-box-wrapper col-lg-12 col-md-12 col-sm-12\" data-animationOffset=\"top-into-view\"><div class=\"counter-box-container\"><div class=\"content-box-percentage content-box-counter\"><span class=\"display-counter\" data-value=\"455000000\" data-delimiter=\".\" data-direction=\"up\" data-decimals=\"0\">0<\/span><span class=\"unit\">Ft<\/span><\/div><div class=\"counter-box-content\"><\/div><\/div><\/div><\/div><\/div><\/div><\/div><\/div><div class=\"fusion-fullwidth fullwidth-box fusion-builder-row-4 fusion-flex-container nonhundred-percent-fullwidth non-hundred-percent-height-scrolling\" style=\"--awb-background-position:left top;--awb-border-radius-top-left:0px;--awb-border-radius-top-right:0px;--awb-border-radius-bottom-right:0px;--awb-border-radius-bottom-left:0px;--awb-padding-top:70px;--awb-padding-bottom:30px;--awb-border-sizes-top:0px;--awb-border-sizes-bottom:0px;--awb-flex-wrap:wrap;\" ><div class=\"fusion-builder-row fusion-row fusion-flex-align-items-stretch fusion-flex-content-wrap\" style=\"max-width:1248px;margin-left: calc(-4% \/ 2 );margin-right: calc(-4% \/ 2 );\"><div class=\"fusion-layout-column fusion_builder_column fusion-builder-column-5 fusion_builder_column_2_5 2_5 fusion-flex-column\" style=\"--awb-bg-color:#f8f8f8;--awb-bg-color-hover:#f8f8f8;--awb-bg-size:cover;--awb-width-large:40%;--awb-margin-top-large:0px;--awb-spacing-right-large:3.84%;--awb-margin-bottom-large:20px;--awb-spacing-left-large:4.8%;--awb-width-medium:40%;--awb-spacing-right-medium:3.84%;--awb-spacing-left-medium:4.8%;--awb-width-small:100%;--awb-spacing-right-small:1.92%;--awb-spacing-left-small:1.92%;\"><div class=\"fusion-column-wrapper fusion-flex-justify-content-flex-start fusion-content-layout-column\"><\/div><\/div><div class=\"fusion-layout-column fusion_builder_column fusion-builder-column-6 fusion_builder_column_3_5 3_5 fusion-flex-column\" style=\"--awb-bg-color:#f8f8f8;--awb-bg-color-hover:#f8f8f8;--awb-bg-size:cover;--awb-width-large:60%;--awb-margin-top-large:0px;--awb-spacing-right-large:3.2%;--awb-margin-bottom-large:40px;--awb-spacing-left-large:3.84%;--awb-width-medium:60%;--awb-spacing-right-medium:3.2%;--awb-spacing-left-medium:3.84%;--awb-width-small:100%;--awb-spacing-right-small:1.92%;--awb-spacing-left-small:1.92%;\"><div class=\"fusion-column-wrapper fusion-flex-justify-content-flex-start fusion-content-layout-column\"><\/div><\/div><\/div><\/div><div class=\"fusion-fullwidth fullwidth-box fusion-builder-row-5 fusion-flex-container nonhundred-percent-fullwidth non-hundred-percent-height-scrolling\" style=\"--awb-background-position:left top;--awb-border-radius-top-left:0px;--awb-border-radius-top-right:0px;--awb-border-radius-bottom-right:0px;--awb-border-radius-bottom-left:0px;--awb-padding-top:20px;--awb-padding-bottom:20px;--awb-border-sizes-top:0px;--awb-border-sizes-bottom:0px;--awb-flex-wrap:wrap;\" ><div class=\"fusion-builder-row fusion-row fusion-flex-align-items-flex-start fusion-flex-content-wrap\" style=\"max-width:calc( 1200px + 0px );margin-left: calc(-0px \/ 2 );margin-right: calc(-0px \/ 2 );\"><div class=\"fusion-layout-column fusion_builder_column fusion-builder-column-7 fusion_builder_column_1_1 1_1 fusion-flex-column fusion-flex-align-self-flex-start fusion-column-no-min-height\" style=\"--awb-bg-size:cover;--awb-width-large:100%;--awb-margin-top-large:0px;--awb-spacing-right-large:0px;--awb-margin-bottom-large:0px;--awb-spacing-left-large:0px;--awb-width-medium:100%;--awb-spacing-right-medium:0px;--awb-spacing-left-medium:0px;--awb-width-small:100%;--awb-spacing-right-small:0px;--awb-spacing-left-small:0px;\"><div class=\"fusion-column-wrapper fusion-flex-justify-content-flex-start fusion-content-layout-column\"><div class=\"fusion-text fusion-text-6\"><h2>A projekt r\u00f6vid \u00f6sszefoglal\u00e1sa<\/h2>\n<\/div><div class=\"fusion-separator\" style=\"align-self: center;margin-left: auto;margin-right: auto;margin-top:0px;margin-bottom:35px;width:100%;max-width:500px;\"><div class=\"fusion-separator-border sep-shadow\" style=\"--awb-height:20px;--awb-amount:20px;--awb-sep-color:#e2e3e8;background:radial-gradient(ellipse at 50% -50% , #e2e3e8 0px, rgba(255, 255, 255, 0) 80%) repeat scroll 0 0 rgba(0, 0, 0, 0);background:-webkit-radial-gradient(ellipse at 50% -50% , #e2e3e8 0px, rgba(255, 255, 255, 0) 80%) repeat scroll 0 0 rgba(0, 0, 0, 0);background:-moz-radial-gradient(ellipse at 50% -50% , #e2e3e8 0px, rgba(255, 255, 255, 0) 80%) repeat scroll 0 0 rgba(0, 0, 0, 0);background:-o-radial-gradient(ellipse at 50% -50% , #e2e3e8 0px, rgba(255, 255, 255, 0) 80%) repeat scroll 0 0 rgba(0, 0, 0, 0);\"><\/div><\/div><\/div><\/div><div class=\"fusion-layout-column fusion_builder_column fusion-builder-column-8 fusion_builder_column_1_1 1_1 fusion-flex-column\" style=\"--awb-bg-size:cover;--awb-width-large:100%;--awb-margin-top-large:0px;--awb-spacing-right-large:0px;--awb-margin-bottom-large:20px;--awb-spacing-left-large:0px;--awb-width-medium:100%;--awb-spacing-right-medium:0px;--awb-spacing-left-medium:0px;--awb-width-small:100%;--awb-spacing-right-small:0px;--awb-spacing-left-small:0px;\"><div class=\"fusion-column-wrapper fusion-flex-justify-content-flex-start fusion-content-layout-column\"><div class=\"fusion-text fusion-text-7\"><p>Az \u00d3perint v\u00e1rosr\u00e9szen \u00e9s k\u00f6rny\u00e9k\u00e9n kijel\u00f6lt akci\u00f3ter\u00fclet Szombathely t\u00e1rsadalmi-fizikai-gazdas\u00e1gi szempontb\u00f3l leszakad\u00e1ssal fenyegetett telep\u00fcl\u00e9sr\u00e9sze, melynek fizikai-, infrastruktur\u00e1lis \u00e1llapota a v\u00e1ros t\u00f6bbi ter\u00fclet\u00e9hez viszony\u00edtva leromlott \u00e9s tov\u00e1bb fejlesztend\u0151. A ter\u00fcleti szinten \u00f6sszehangolt, tudatos \u00e9s integr\u00e1lt szeml\u00e9let\u0171 fejleszt\u00e9s sz\u00fcks\u00e9gess\u00e9ge az akci\u00f3ter\u00fcletre, valamint a telep\u00fcl\u00e9s eg\u00e9sz\u00e9re egyar\u00e1nt vonatkozik. Ezen szempontrendszer figyelembe v\u00e9tele mellett az akci\u00f3ter\u00fclet vonatkoz\u00e1s\u00e1ban \u00e1ltal\u00e1nos c\u00e9lkit\u0171z\u00e9sk\u00e9nt fogalmazhat\u00f3 meg a ter\u00fclet integr\u00e1lt infrastruktur\u00e1lis-, fizikai \u00e9s t\u00e1rsadalmi \u00e9s szoci\u00e1lis meg\u00faj\u00edt\u00e1sa.<br \/>\nSzombathely MJV \u00d6nkorm\u00e1nyzata, mint konzorciumvezet\u0151 a Szombathelyi Evang\u00e9likus Egyh\u00e1zk\u00f6zs\u00e9ggel, \u00e9s a Szent Quirin Szal\u00e9zi Pl\u00e9b\u00e1ni\u00e1val konzorciumot alkotva a TOP-6.7.1-15 sz\u00e1m\u00fa, \u201eSzoci\u00e1lis v\u00e1rosrehabilit\u00e1ci\u00f3 II. \u00fctem\u201d c\u00edm\u0171 projekt keret\u00e9ben az al\u00e1bbi tev\u00e9kenys\u00e9geket k\u00edv\u00e1nja megval\u00f3s\u00edtani:<\/p>\n<p><strong>Szombathely Megyei Jog\u00fa V\u00e1ros \u00d6nkorm\u00e1nyzata<\/strong><\/p>\n<ul>\n<li>Lak\u00f3funkci\u00f3t er\u0151s\u00edt\u0151 tev\u00e9kenys\u00e9g: szoci\u00e1lis b\u00e9rlak\u00e1sok fel\u00faj\u00edt\u00e1sa, komfortos\u00edt\u00e1sa, energiahat\u00e9konys\u00e1g jav\u00edt\u00e1ssal egybek\u00f6tve. Fejleszt\u00e9si helysz\u00ednek: Szabads\u00e1gharcos u 4., \u00d3perint u 15., 17., K\u00f6rmendi \u00fat 5.<\/li>\n<\/ul>\n<ul>\n<li>Als\u00f3hegyi \u00fat &#8211; Nagyv\u00e1rad u. &#8211; Brenner T. krt.(T\u00f3th Istv\u00e1n park) k\u00f6zpark, j\u00e1tsz\u00f3t\u00e9r b\u0151v\u00edt\u00e9se, fejleszt\u00e9se: A megl\u00e9v\u0151 k\u00f6zpark ter\u00fclet\u00e9n j\u00e1tsz\u00f3t\u00e9r kialak\u00edt\u00e1sa a mai kor ig\u00e9nyeinek megfelel\u0151en.<\/li>\n<\/ul>\n<ul>\n<li>Szal\u00e9zi t\u00e9r s\u00e9t\u00e1ny\u00e1nak fel\u00faj\u00edt\u00e1sa, a J\u00e1ki \u00fat \u2013 J\u00e1szi Oszk\u00e1r utca \u00e1ltal hat\u00e1rolt k\u00f6zt\u00e9r z\u00f6ldfel\u00fclet\u00e9nek meg\u00faj\u00edt\u00e1sa: Z\u00f6ldfel\u00fclet fejleszt\u00e9s\u00e9nek c\u00e9lja egy kultur\u00e1lt pihen\u0151park kialak\u00edt\u00e1sa, benne gyepes\u00edt\u00e9s, n\u00f6v\u00e9nycsoportok kialak\u00edt\u00e1sa \u00e9s n\u00f6v\u00e9nyek telep\u00edt\u00e9se, s\u00e9t\u00e1nyok fel\u00faj\u00edt\u00e1sa.<\/li>\n<\/ul>\n<ul>\n<li>Busz\u00f6b\u00f6l\/le\u00e1ll\u00f3s\u00e1v kialak\u00edt\u00e1sa &#8211; Brenner T\u00f3bi\u00e1s k\u00f6r\u00fat, Brenner J\u00e1nos \u00c1ltal\u00e1nos Iskola \u00e9s Gimn\u00e1zium el\u0151tt: c\u00e9lja az iskolakezd\u00e9s el\u0151tt \u00e9s ut\u00e1n a Brenner iskol\u00e1b\u00f3l vid\u00e9ki gyerekeket a buszp\u00e1lyaudvarra sz\u00e1ll\u00edt\u00f3 iskolabusz valamint gyermekeket sz\u00e1ll\u00edt\u00f3 szem\u00e9lyaut\u00f3k r\u00e9sz\u00e9re biztons\u00e1gos meg\u00e1ll\u00f3hely kialak\u00edt\u00e1sa. Jelenleg a k\u00f6r\u00faton \u00e1thalad\u00f3 nagy forgalom miatt balesetvesz\u00e9lyes helyzetek ad\u00f3dnak.<\/li>\n<\/ul>\n<ul>\n<li>Szigligeti Ede utca, T\u00e1ncsics M. u. \u2013 Brenner T\u00f3bi\u00e1s krt. k\u00f6z\u00f6tti szakasz\u00e1nak teljes fel\u00faj\u00edt\u00e1sa: A Szigligeti Ede utca burkolata el\u00f6regedett, a csapad\u00e9kv\u00edz elvezet\u00e9s nem megfelel\u0151. A fel\u00faj\u00edtand\u00f3 r\u00e9sz a Brenner krt. \u00e9s a T\u00e1ncsics M. u. k\u00f6z\u00f6tti mintegy 300 fm-es szakasz.<\/li>\n<\/ul>\n<ul>\n<li>N\u00e1rai u. 1. sz. alatti ingatlan fel\u00faj\u00edt\u00e1sa: A H\u00e1tr\u00e1nyos Helyzet\u0171 Roma Fiatalokat T\u00e1mogat\u00f3 K\u00f6zhaszn\u00fa Egyes\u00fclet \u00e9s SZMJV Roma Nemzetis\u00e9gi \u00d6nkorm\u00e1nyzata \u00e1ltal k\u00f6z\u00f6sen haszn\u00e1lt \u00f6nkorm\u00e1nyzati tulajdon\u00fa t\u00e1rsash\u00e1zban k\u00f6z\u00f6ss\u00e9gi t\u00e9r kialak\u00edt\u00e1sa.. A H\u00c1ROFIT Egyes\u00fclet sz\u00e9lesk\u00f6r\u0171 t\u00e1rsadalmi tev\u00e9kenys\u00e9ge folyamatosan b\u0151v\u00fcl, melyhez azonban jelenleg sz\u0171k\u00f6sen \u00e1ll rendelkez\u00e9sre ter\u00fclet.<\/li>\n<\/ul>\n<p><strong>Szombathelyi Evang\u00e9likus Egyh\u00e1zk\u00f6zs\u00e9g<\/strong><\/p>\n<p>A K\u00f6rmendi u. 2. sz. alatt tal\u00e1lhat\u00f3 K\u00e1polna \u00e9p\u00fclet\u00e9nek k\u00f6z\u00f6ss\u00e9gi c\u00e9l\u00fa fel\u00faj\u00edt\u00e1sa: A k\u00e1polna \u00e9p\u00fclete kor\u00e1bban is k\u00f6z\u00f6ss\u00e9gi t\u00e9rk\u00e9nt m\u0171k\u00f6d\u00f6tt, de jelenleg fel\u00faj\u00edt\u00e1sra szorul. A projekt keret\u00e9ben t\u00f6rt\u00e9n\u0151 fejleszt\u00e9s eredm\u00e9nyek\u00e9nt meg\u00fajul\u00f3 k\u00f6z\u00f6ss\u00e9gi t\u00e9r, hossz\u00fa t\u00e1von szolg\u00e1lja a projekt c\u00e9ljait \u00e9s eredm\u00e9nyeit, teret biztos\u00edtva a szegreg\u00e1ci\u00f3 cs\u00f6kkent\u00e9s\u00e9t szolg\u00e1l\u00f3 programok megrendez\u00e9s\u00e9nek, el\u0151seg\u00edtve a v\u00e1rosr\u00e9sz fejl\u0151d\u00e9s\u00e9t, integr\u00e1ci\u00f3j\u00e1t.<\/p>\n<p><strong>Szent Quirin Szal\u00e9zi Pl\u00e9b\u00e1nia<\/strong><\/p>\n<p>C\u00e9l a Szal\u00e9zi templom l\u00e9pcs\u0151j\u00e9nek fel\u00faj\u00edt\u00e1sa, akad\u00e1lymentes\u00edt\u00e9se. Jelent\u0151s \u00e9s id\u0151szer\u0171 probl\u00e9m\u00e1v\u00e1 v\u00e1lt, hogy a sz\u0171kebb \u00e9s t\u00e1gabb k\u00f6rnyezetben \u00e9l\u0151 lakoss\u00e1g k\u00f6r\u00e9ben kedvelt templom a mozg\u00e1sukban korl\u00e1tozottak, tol\u00f3kocsival k\u00f6zleked\u0151k, illetve id\u0151sebb emberek sz\u00e1m\u00e1ra nehezen vagy egy\u00e1ltal\u00e1n nem megk\u00f6zel\u00edthet\u0151.<br \/>\nA fel\u00faj\u00edt\u00e1s lehet\u0151s\u00e9get biztos\u00edt arra, hogy a templom \u00e9p\u00fcletegy\u00fcttes\u00e9ben l\u00e9v\u0151 k\u00f6z\u00f6ss\u00e9gi terek minden l\u00e1togat\u00f3 sz\u00e1m\u00e1ra biztons\u00e1gosan el\u00e9rhet\u0151v\u00e9 v\u00e1ljanak. Ezen t\u00falmen\u0151en temploml\u00e9pcs\u0151 maga is, mint k\u00f6z\u00f6ss\u00e9gi t\u00e9r alkalmasint dekorat\u00edv, a szoci\u00e1lis m\u00e9dia \u00e1ltal is r\u00f6gz\u00edtett elemk\u00e9nt jelenik meg.<\/p>\n<\/div><\/div><\/div><\/div><\/div><div class=\"fusion-fullwidth fullwidth-box fusion-builder-row-6 fusion-flex-container hundred-percent-fullwidth non-hundred-percent-height-scrolling\" style=\"--awb-border-radius-top-left:0px;--awb-border-radius-top-right:0px;--awb-border-radius-bottom-right:0px;--awb-border-radius-bottom-left:0px;--awb-overflow:visible;--awb-padding-right:30px;--awb-padding-left:30px;--awb-flex-wrap:wrap;\" ><div class=\"fusion-builder-row fusion-row fusion-flex-align-items-flex-start fusion-flex-content-wrap\" style=\"width:calc( 100% + 0px ) !important;max-width:calc( 100% + 0px ) !important;margin-left: calc(-0px \/ 2 );margin-right: calc(-0px \/ 2 );\"><div class=\"fusion-layout-column fusion_builder_column fusion-builder-column-9 fusion_builder_column_1_1 1_1 fusion-flex-column fusion-flex-align-self-flex-start fusion-column-no-min-height\" style=\"--awb-bg-size:cover;--awb-width-large:100%;--awb-margin-top-large:0px;--awb-spacing-right-large:0px;--awb-margin-bottom-large:0px;--awb-spacing-left-large:0px;--awb-width-medium:100%;--awb-spacing-right-medium:0px;--awb-spacing-left-medium:0px;--awb-width-small:100%;--awb-spacing-right-small:0px;--awb-spacing-left-small:0px;\"><div class=\"fusion-column-wrapper fusion-flex-justify-content-flex-start fusion-content-layout-column\"><div class=\"fusion-text fusion-text-8\"><p><img decoding=\"async\" class=\"size-full wp-image-1298 alignright\" src=\"https:\/\/savaria2020.eu\/word\/wp-content\/uploads\/2018\/02\/infoblokk_kedv_final_CMYK_-ESZA.jpg\" alt=\"\" width=\"435\" height=\"300\" srcset=\"https:\/\/savaria2020.eu\/word\/wp-content\/uploads\/2018\/02\/infoblokk_kedv_final_CMYK_-ESZA-200x138.jpg 200w, https:\/\/savaria2020.eu\/word\/wp-content\/uploads\/2018\/02\/infoblokk_kedv_final_CMYK_-ESZA-300x207.jpg 300w, https:\/\/savaria2020.eu\/word\/wp-content\/uploads\/2018\/02\/infoblokk_kedv_final_CMYK_-ESZA-400x276.jpg 400w, https:\/\/savaria2020.eu\/word\/wp-content\/uploads\/2018\/02\/infoblokk_kedv_final_CMYK_-ESZA-600x415.jpg 600w, https:\/\/savaria2020.eu\/word\/wp-content\/uploads\/2018\/02\/infoblokk_kedv_final_CMYK_-ESZA-768x531.jpg 768w, https:\/\/savaria2020.eu\/word\/wp-content\/uploads\/2018\/02\/infoblokk_kedv_final_CMYK_-ESZA-800x553.jpg 800w, https:\/\/savaria2020.eu\/word\/wp-content\/uploads\/2018\/02\/infoblokk_kedv_final_CMYK_-ESZA-1024x708.jpg 1024w, https:\/\/savaria2020.eu\/word\/wp-content\/uploads\/2018\/02\/infoblokk_kedv_final_CMYK_-ESZA-1200x829.jpg 1200w, https:\/\/savaria2020.eu\/word\/wp-content\/uploads\/2018\/02\/infoblokk_kedv_final_CMYK_-ESZA.jpg 1453w\" sizes=\"(max-width: 435px) 100vw, 435px\" \/><\/p>\n<\/div><\/div><\/div><\/div><\/div><div class=\"fusion-fullwidth fullwidth-box fusion-builder-row-7 fusion-flex-container nonhundred-percent-fullwidth non-hundred-percent-height-scrolling\" style=\"--awb-background-position:left top;--awb-border-radius-top-left:0px;--awb-border-radius-top-right:0px;--awb-border-radius-bottom-right:0px;--awb-border-radius-bottom-left:0px;--awb-padding-top:20px;--awb-padding-bottom:20px;--awb-border-sizes-top:0px;--awb-border-sizes-bottom:0px;--awb-flex-wrap:wrap;\" ><div class=\"fusion-builder-row fusion-row fusion-flex-align-items-flex-start fusion-flex-content-wrap\" style=\"max-width:calc( 1200px + 0px );margin-left: calc(-0px \/ 2 );margin-right: calc(-0px \/ 2 );\"><\/div><\/div><\/p>\n","protected":false},"excerpt":{"rendered":"","protected":false},"author":2,"featured_media":0,"parent":0,"menu_order":0,"comment_status":"closed","ping_status":"closed","template":"100-width.php","meta":{"ngg_post_thumbnail":0,"footnotes":""},"class_list":["post-1336","page","type-page","status-publish","hentry"],"_links":{"self":[{"href":"https:\/\/savaria2020.eu\/word\/wp-json\/wp\/v2\/pages\/1336","targetHints":{"allow":["GET"]}}],"collection":[{"href":"https:\/\/savaria2020.eu\/word\/wp-json\/wp\/v2\/pages"}],"about":[{"href":"https:\/\/savaria2020.eu\/word\/wp-json\/wp\/v2\/types\/page"}],"author":[{"embeddable":true,"href":"https:\/\/savaria2020.eu\/word\/wp-json\/wp\/v2\/users\/2"}],"replies":[{"embeddable":true,"href":"https:\/\/savaria2020.eu\/word\/wp-json\/wp\/v2\/comments?post=1336"}],"version-history":[{"count":2,"href":"https:\/\/savaria2020.eu\/word\/wp-json\/wp\/v2\/pages\/1336\/revisions"}],"predecessor-version":[{"id":1589,"href":"https:\/\/savaria2020.eu\/word\/wp-json\/wp\/v2\/pages\/1336\/revisions\/1589"}],"wp:attachment":[{"href":"https:\/\/savaria2020.eu\/word\/wp-json\/wp\/v2\/media?parent=1336"}],"curies":[{"name":"wp","href":"https:\/\/api.w.org\/{rel}","templated":true}]}}