{"id":1320,"date":"2018-02-02T12:47:45","date_gmt":"2018-02-02T12:47:45","guid":{"rendered":"http:\/\/savaria2020.eu\/eu-kozpont-kialakitasa-copy\/"},"modified":"2021-07-02T10:38:54","modified_gmt":"2021-07-02T10:38:54","slug":"eu-kozpont-kialakitasa-copy","status":"publish","type":"page","link":"https:\/\/savaria2020.eu\/word\/eu-kozpont-kialakitasa-copy\/","title":{"rendered":"V\u00edztorony"},"content":{"rendered":"<p><div class=\"fusion-fullwidth fullwidth-box fusion-builder-row-1 fusion-flex-container fusion-parallax-none nonhundred-percent-fullwidth non-hundred-percent-height-scrolling\" style=\"--awb-background-position:left center;--awb-border-radius-top-left:0px;--awb-border-radius-top-right:0px;--awb-border-radius-bottom-right:0px;--awb-border-radius-bottom-left:0px;--awb-padding-top:130px;--awb-padding-bottom:120px;--awb-background-image:url(&quot;https:\/\/savaria2020.eu\/word\/wp-content\/uploads\/2018\/02\/v\u00edztorony.jpg&quot;);--awb-background-size:cover;--awb-border-sizes-top:0px;--awb-border-sizes-bottom:0px;--awb-flex-wrap:wrap;\" ><div class=\"fusion-builder-row fusion-row fusion-flex-align-items-flex-start fusion-flex-content-wrap\" style=\"max-width:calc( 1200px + 0px );margin-left: calc(-0px \/ 2 );margin-right: calc(-0px \/ 2 );\"><div class=\"fusion-layout-column fusion_builder_column fusion-builder-column-0 fusion_builder_column_1_1 1_1 fusion-flex-column\" style=\"--awb-bg-size:cover;--awb-width-large:100%;--awb-margin-top-large:0px;--awb-spacing-right-large:0px;--awb-margin-bottom-large:20px;--awb-spacing-left-large:0px;--awb-width-medium:100%;--awb-spacing-right-medium:0px;--awb-spacing-left-medium:0px;--awb-width-small:100%;--awb-spacing-right-small:0px;--awb-spacing-left-small:0px;\"><div class=\"fusion-column-wrapper fusion-flex-justify-content-flex-start fusion-content-layout-column\"><div class=\"fusion-text fusion-text-1\"><h2><span style=\"color: #ffffff;\">V\u00edztorony \u00e9s k\u00f6rnyezet\u00e9nek turisztikai c\u00e9l\u00fa fejleszt\u00e9se<\/span><\/h2>\n<\/div><div class=\"fusion-separator fusion-full-width-sep\" style=\"align-self: center;margin-left: auto;margin-right: auto;margin-top:20px;width:100%;\"><\/div><\/div><\/div><\/div><\/div><div class=\"fusion-fullwidth fullwidth-box fusion-builder-row-2 fusion-flex-container nonhundred-percent-fullwidth non-hundred-percent-height-scrolling\" style=\"--awb-background-position:left top;--awb-border-radius-top-left:0px;--awb-border-radius-top-right:0px;--awb-border-radius-bottom-right:0px;--awb-border-radius-bottom-left:0px;--awb-padding-top:130px;--awb-padding-right:30px;--awb-padding-bottom:130px;--awb-padding-left:30px;--awb-border-sizes-top:0px;--awb-border-sizes-bottom:0px;--awb-flex-wrap:wrap;\" ><div class=\"fusion-builder-row fusion-row fusion-flex-align-items-flex-start fusion-flex-content-wrap\" style=\"max-width:calc( 1200px + 0px );margin-left: calc(-0px \/ 2 );margin-right: calc(-0px \/ 2 );\"><div class=\"fusion-layout-column fusion_builder_column fusion-builder-column-1 fusion_builder_column_1_1 1_1 fusion-flex-column\" style=\"--awb-bg-size:cover;--awb-width-large:100%;--awb-margin-top-large:0px;--awb-spacing-right-large:0px;--awb-margin-bottom-large:20px;--awb-spacing-left-large:0px;--awb-width-medium:100%;--awb-spacing-right-medium:0px;--awb-spacing-left-medium:0px;--awb-width-small:100%;--awb-spacing-right-small:0px;--awb-spacing-left-small:0px;\"><div class=\"fusion-column-wrapper fusion-flex-justify-content-flex-start fusion-content-layout-column\"><div class=\"fusion-text fusion-text-2\"><h2><strong>TOP-6.1.4-16-SH1-2017-00003<\/strong><\/h2>\n<\/div><div class=\"fusion-separator\" style=\"align-self: flex-start;margin-right:auto;margin-top:0px;margin-bottom:35px;width:100%;max-width:170px;\"><div class=\"fusion-separator-border sep-single sep-solid\" style=\"--awb-height:20px;--awb-amount:20px;--awb-sep-color:#e2e3e8;border-color:#e2e3e8;border-top-width:3px;\"><\/div><\/div><div class=\"fusion-text fusion-text-3\"><h3><em> A \u00a0projekt f\u0151bb adatai: <\/em><\/h3>\n<\/div><ul style=\"--awb-size:13px;--awb-line-height:22.1px;--awb-icon-width:22.1px;--awb-icon-height:22.1px;--awb-icon-margin:9.1px;--awb-content-margin:31.2px;--awb-circlecolor:#000000;--awb-circle-yes-font-size:11.44px;\" class=\"fusion-checklist fusion-checklist-1 fusion-checklist-default type-icons\"><li class=\"fusion-li-item\" style=\"\"><span class=\"icon-wrapper circle-yes\"><i class=\"fusion-li-icon fa fa-check\" aria-hidden=\"true\"><\/i><\/span><div class=\"fusion-li-item-content\"><b>Projekt c\u00edme:<\/b> V\u00edztorony \u00e9s k\u00f6rnyezet\u00e9nek turisztikai c\u00e9l\u00fa fejleszt\u00e9se<\/div><\/li><li class=\"fusion-li-item\" style=\"\"><span class=\"icon-wrapper circle-yes\"><i class=\"fusion-li-icon fa fa-check\" aria-hidden=\"true\"><\/i><\/span><div class=\"fusion-li-item-content\"><b>Projekt azonos\u00edt\u00f3 sz\u00e1ma:<\/b> TOP-6.1.4-16-SH1-2017-00003<\/div><\/li><li class=\"fusion-li-item\" style=\"\"><span class=\"icon-wrapper circle-yes\"><i class=\"fusion-li-icon fa fa-check\" aria-hidden=\"true\"><\/i><\/span><div class=\"fusion-li-item-content\"><b>(F\u0151)Kedvezm\u00e9nyezett neve:<\/b>&nbsp;Szombathely Megyei Jog\u00fa V\u00e1ros \u00d6nkorm\u00e1nyzata<\/div><\/li><li class=\"fusion-li-item\" style=\"\"><span class=\"icon-wrapper circle-yes\"><i class=\"fusion-li-icon fa fa-check\" aria-hidden=\"true\"><\/i><\/span><div class=\"fusion-li-item-content\"><b>Meg\u00edt\u00e9lt t\u00e1mogat\u00e1s:<\/b> 500 000 000 Ft<\/div><\/li><li class=\"fusion-li-item\" style=\"\"><span class=\"icon-wrapper circle-yes\"><i class=\"fusion-li-icon fa fa-check\" aria-hidden=\"true\"><\/i><\/span><div class=\"fusion-li-item-content\"><b>T\u00e1mogat\u00e1s m\u00e9rt\u00e9ke:<\/b>&nbsp;100 %<\/div><\/li><li class=\"fusion-li-item\" style=\"\"><span class=\"icon-wrapper circle-yes\"><i class=\"fusion-li-icon fa fa-check\" aria-hidden=\"true\"><\/i><\/span><div class=\"fusion-li-item-content\"><b>A projekt v\u00e9grehajt\u00e1s\u00e1ban k\u00f6zrem\u0171k\u00f6d\u0151 szervezet:<\/b>&nbsp;Magyar \u00c1llamkincst\u00e1r Vas Megyei Igazgat\u00f3s\u00e1g<\/div><\/li><\/ul><\/div><\/div><\/div><\/div><div class=\"fusion-fullwidth fullwidth-box fusion-builder-row-3 fusion-flex-container fusion-parallax-fixed nonhundred-percent-fullwidth non-hundred-percent-height-scrolling\" style=\"--awb-border-radius-top-left:0px;--awb-border-radius-top-right:0px;--awb-border-radius-bottom-right:0px;--awb-border-radius-bottom-left:0px;--awb-padding-top:110px;--awb-padding-bottom:50px;--awb-background-image:url(&quot;https:\/\/savaria2020.eu\/word\/wp-content\/uploads\/2016\/08\/banner-1.png&quot;);--awb-background-size:cover;--awb-border-sizes-top:0px;--awb-border-sizes-bottom:0px;--awb-flex-wrap:wrap;background-attachment:fixed;\" ><div class=\"fusion-builder-row fusion-row fusion-flex-align-items-flex-start fusion-flex-content-wrap\" style=\"max-width:1248px;margin-left: calc(-4% \/ 2 );margin-right: calc(-4% \/ 2 );\"><div class=\"fusion-layout-column fusion_builder_column fusion-builder-column-2 fusion_builder_column_1_2 1_2 fusion-flex-column\" style=\"--awb-bg-position:right center;--awb-bg-size:cover;--awb-border-color:#ffffff;--awb-border-right:3px;--awb-border-style:solid;--awb-width-large:50%;--awb-margin-top-large:0px;--awb-spacing-right-large:3.84%;--awb-margin-bottom-large:0px;--awb-spacing-left-large:3.84%;--awb-width-medium:50%;--awb-spacing-right-medium:3.84%;--awb-spacing-left-medium:3.84%;--awb-width-small:100%;--awb-spacing-right-small:1.92%;--awb-spacing-left-small:1.92%;\"><div class=\"fusion-column-wrapper fusion-flex-justify-content-flex-start fusion-content-layout-column\"><div class=\"fusion-text fusion-text-4\"><h2><span style=\"color: #ffffff;\"> Projekt megval\u00f3s\u00edt\u00e1s\u00e1nak <\/span><br \/>\n<span style=\"color: #ffffff;\">\u00f6sszege:<\/span><\/h2>\n<\/div><\/div><\/div><div class=\"fusion-layout-column fusion_builder_column fusion-builder-column-3 fusion_builder_column_1_2 1_2 fusion-flex-column\" style=\"--awb-bg-size:cover;--awb-width-large:50%;--awb-margin-top-large:0px;--awb-spacing-right-large:3.84%;--awb-margin-bottom-large:100px;--awb-spacing-left-large:3.84%;--awb-width-medium:50%;--awb-spacing-right-medium:3.84%;--awb-spacing-left-medium:3.84%;--awb-width-small:100%;--awb-spacing-right-small:1.92%;--awb-spacing-left-small:1.92%;\"><div class=\"fusion-column-wrapper fusion-flex-justify-content-flex-start fusion-content-layout-column\"><div class=\"fusion-counters-box counters-box row fusion-clearfix fusion-columns-1\" style=\"--awb-color:#ffffff;--awb-title-size:40;\"><div class=\"fusion-counter-box fusion-column col-counter-box counter-box-wrapper col-lg-12 col-md-12 col-sm-12\" data-animationOffset=\"top-into-view\"><div class=\"counter-box-container\"><div class=\"content-box-percentage content-box-counter\"><span class=\"display-counter\" data-value=\"500000000\" data-delimiter=\".\" data-direction=\"up\" data-decimals=\"0\">0<\/span><span class=\"unit\">Ft<\/span><\/div><div class=\"counter-box-content\"><\/div><\/div><\/div><\/div><\/div><\/div><\/div><\/div><div class=\"fusion-fullwidth fullwidth-box fusion-builder-row-4 fusion-flex-container nonhundred-percent-fullwidth non-hundred-percent-height-scrolling\" style=\"--awb-background-position:left top;--awb-border-radius-top-left:0px;--awb-border-radius-top-right:0px;--awb-border-radius-bottom-right:0px;--awb-border-radius-bottom-left:0px;--awb-padding-top:70px;--awb-padding-bottom:30px;--awb-border-sizes-top:0px;--awb-border-sizes-bottom:0px;--awb-flex-wrap:wrap;\" ><div class=\"fusion-builder-row fusion-row fusion-flex-align-items-stretch fusion-flex-content-wrap\" style=\"max-width:1248px;margin-left: calc(-4% \/ 2 );margin-right: calc(-4% \/ 2 );\"><div class=\"fusion-layout-column fusion_builder_column fusion-builder-column-4 fusion_builder_column_2_5 2_5 fusion-flex-column\" style=\"--awb-bg-color:#f8f8f8;--awb-bg-color-hover:#f8f8f8;--awb-bg-size:cover;--awb-width-large:40%;--awb-margin-top-large:0px;--awb-spacing-right-large:3.84%;--awb-margin-bottom-large:20px;--awb-spacing-left-large:4.8%;--awb-width-medium:40%;--awb-spacing-right-medium:3.84%;--awb-spacing-left-medium:4.8%;--awb-width-small:100%;--awb-spacing-right-small:1.92%;--awb-spacing-left-small:1.92%;\"><div class=\"fusion-column-wrapper fusion-flex-justify-content-flex-start fusion-content-layout-column\"><\/div><\/div><div class=\"fusion-layout-column fusion_builder_column fusion-builder-column-5 fusion_builder_column_3_5 3_5 fusion-flex-column\" style=\"--awb-bg-color:#f8f8f8;--awb-bg-color-hover:#f8f8f8;--awb-bg-size:cover;--awb-width-large:60%;--awb-margin-top-large:0px;--awb-spacing-right-large:3.2%;--awb-margin-bottom-large:40px;--awb-spacing-left-large:3.84%;--awb-width-medium:60%;--awb-spacing-right-medium:3.2%;--awb-spacing-left-medium:3.84%;--awb-width-small:100%;--awb-spacing-right-small:1.92%;--awb-spacing-left-small:1.92%;\"><div class=\"fusion-column-wrapper fusion-flex-justify-content-flex-start fusion-content-layout-column\"><\/div><\/div><\/div><\/div><div class=\"fusion-fullwidth fullwidth-box fusion-builder-row-5 fusion-flex-container nonhundred-percent-fullwidth non-hundred-percent-height-scrolling\" style=\"--awb-background-position:left top;--awb-border-radius-top-left:0px;--awb-border-radius-top-right:0px;--awb-border-radius-bottom-right:0px;--awb-border-radius-bottom-left:0px;--awb-padding-top:20px;--awb-padding-bottom:20px;--awb-border-sizes-top:0px;--awb-border-sizes-bottom:0px;--awb-flex-wrap:wrap;\" ><div class=\"fusion-builder-row fusion-row fusion-flex-align-items-flex-start fusion-flex-content-wrap\" style=\"max-width:calc( 1200px + 0px );margin-left: calc(-0px \/ 2 );margin-right: calc(-0px \/ 2 );\"><div class=\"fusion-layout-column fusion_builder_column fusion-builder-column-6 fusion_builder_column_1_1 1_1 fusion-flex-column fusion-flex-align-self-flex-start fusion-column-no-min-height\" style=\"--awb-bg-size:cover;--awb-width-large:100%;--awb-margin-top-large:0px;--awb-spacing-right-large:0px;--awb-margin-bottom-large:0px;--awb-spacing-left-large:0px;--awb-width-medium:100%;--awb-spacing-right-medium:0px;--awb-spacing-left-medium:0px;--awb-width-small:100%;--awb-spacing-right-small:0px;--awb-spacing-left-small:0px;\"><div class=\"fusion-column-wrapper fusion-flex-justify-content-flex-start fusion-content-layout-column\"><div class=\"fusion-text fusion-text-5\"><h2>A projekt r\u00f6vid \u00f6sszefoglal\u00e1sa<\/h2>\n<\/div><div class=\"fusion-separator\" style=\"align-self: center;margin-left: auto;margin-right: auto;margin-top:0px;margin-bottom:35px;width:100%;max-width:500px;\"><div class=\"fusion-separator-border sep-shadow\" style=\"--awb-height:20px;--awb-amount:20px;--awb-sep-color:#e2e3e8;background:radial-gradient(ellipse at 50% -50% , #e2e3e8 0px, rgba(255, 255, 255, 0) 80%) repeat scroll 0 0 rgba(0, 0, 0, 0);background:-webkit-radial-gradient(ellipse at 50% -50% , #e2e3e8 0px, rgba(255, 255, 255, 0) 80%) repeat scroll 0 0 rgba(0, 0, 0, 0);background:-moz-radial-gradient(ellipse at 50% -50% , #e2e3e8 0px, rgba(255, 255, 255, 0) 80%) repeat scroll 0 0 rgba(0, 0, 0, 0);background:-o-radial-gradient(ellipse at 50% -50% , #e2e3e8 0px, rgba(255, 255, 255, 0) 80%) repeat scroll 0 0 rgba(0, 0, 0, 0);\"><\/div><\/div><\/div><\/div><div class=\"fusion-layout-column fusion_builder_column fusion-builder-column-7 fusion_builder_column_1_1 1_1 fusion-flex-column\" style=\"--awb-bg-size:cover;--awb-width-large:100%;--awb-margin-top-large:0px;--awb-spacing-right-large:0px;--awb-margin-bottom-large:20px;--awb-spacing-left-large:0px;--awb-width-medium:100%;--awb-spacing-right-medium:0px;--awb-spacing-left-medium:0px;--awb-width-small:100%;--awb-spacing-right-small:0px;--awb-spacing-left-small:0px;\"><div class=\"fusion-column-wrapper fusion-flex-justify-content-flex-start fusion-content-layout-column\"><div class=\"fusion-text fusion-text-6\"><p>A Brenner parkban \u00e1ll\u00f3 v\u00edztorony fel\u00faj\u00edt\u00e1sa elengedhetetlen, mivel a k\u00f6rnyezeti t\u00e9nyez\u0151k hat\u00e1s\u00e1ra, a karbantart\u00e1s \u00e9s fel\u00faj\u00edt\u00e1s hi\u00e1nya, szakszer\u0171tlen jav\u00edt\u00e1si munk\u00e1k k\u00f6vetkezt\u00e9ben a V\u00edztorony \u00e9p\u00fclet\u00e9nek \u00e1llaga folyamatosan romlik. A helyi v\u00e9delem alatt \u00e1ll\u00f3 \u00e9rt\u00e9kes \u00e9p\u00edt\u00e9szeti \u00f6r\u00f6ks\u00e9g meg\u0151rz\u00e9s\u00e9vel, fel\u00faj\u00edt\u00e1s\u00e1val a belv\u00e1ros v\u00e1rosk\u00e9pe \u00e9s t\u00e9rszerkezete javul, hozz\u00e1j\u00e1rulva a v\u00e1ros turisztikai potenci\u00e1lj\u00e1nak fejl\u0151d\u00e9s\u00e9hez. Az \u00e9p\u00fclet \u00e9s k\u00f6zvetlen k\u00f6rnyezet\u00e9ben elhelyezked\u0151 park fel\u00faj\u00edt\u00e1sa egy\u00fcttesen seg\u00edti el\u0151 az \u00e9p\u00edt\u00e9szeti \u00e9s kultur\u00e1lis \u00f6r\u00f6ks\u00e9g meg\u0151rz\u00e9s\u00e9t. A rehabilit\u00e1ci\u00f3 sor\u00e1n a V\u00edztorony fel\u00faj\u00edt\u00e1sa a d\u00edszpark \u00e9s a hagyom\u00e1nyos Kresz-park funkci\u00f3 megtart\u00e1s\u00e1val ker\u00fcl megval\u00f3s\u00edt\u00e1sra.<br \/>\nA V\u00edztorony 1926-ben k\u00e9sz\u00fclt vasbeton tart\u00f3szerkezettel \u00e9s vasbeton v\u00edzt\u00e1roz\u00f3 medenc\u00e9vel. Haszn\u00e1lata 1978-ban megsz\u0171nt. A fel\u00faj\u00edt\u00e1s sor\u00e1n az \u00e1llagmeg\u0151rz\u00e9sen t\u00falmen\u0151en a V\u00edztorony teljes fel\u00faj\u00edt\u00e1sa megt\u00f6rt\u00e9nik, egybek\u00f6tve turisztikai c\u00e9l\u00fa hasznos\u00edt\u00e1s\u00e1val: a f\u00f6ldszinti gal\u00e9ria v\u00edztorony t\u00f6rt\u00e9net\u00e9t bemutat\u00f3 helysz\u00edn lesz, kupolat\u00e9rben ki\u00e1ll\u00edt\u00e1s ker\u00fcl elhelyez\u00e9sre, melynek meghat\u00e1roz\u00f3 t\u00e9m\u00e1ja Szombathely bemutat\u00e1sa, majd a ki\u00e1ll\u00edt\u00f3 t\u00e9rb\u0151l jutunk a v\u00edztorony legfels\u0151 szintj\u00e9n tal\u00e1lhat\u00f3 kil\u00e1t\u00f3ba, ahol el\u00e9nk t\u00e1rul Szombathely l\u00e1tk\u00e9pe.<br \/>\nBrenner park: a V\u00edztorony a Brenner parkban, a t\u00e1gabb \u00e9rtelemben vett belv\u00e1roson bel\u00fcl, annak sz\u00e9l\u00e9n helyezkedik el. A Brenner park a mellette tal\u00e1lhat\u00f3 Gayer parkkal egy\u00fctt az egyik legnagyobb egybef\u00fcgg\u0151 z\u00f6ldter\u00fclete a v\u00e1rosnak, amely egy belv\u00e1ros tekintet\u00e9ben mindig kiemelt szempont. Egyszerre szolg\u00e1lja a k\u00f6rny\u00e9k rekre\u00e1ci\u00f3s ig\u00e9nyeit, m\u00e1sr\u00e9szt a k\u00f6rnyez\u0151 iskol\u00e1k, \u00f3vod\u00e1k sz\u00e1m\u00e1ra is haszn\u00e1lhat\u00f3 k\u00f6zpark. A Brenner park jelenleg, mint Kresz-park \u00fczemel. Itt van lehet\u0151s\u00e9g a gyermekek sz\u00e1m\u00e1ra k\u00f6zleked\u00e9sbiztons\u00e1gi oktat\u00e1sra, valamint a kialak\u00edtott p\u00e1ly\u00e1n az egyes forgalmi szitu\u00e1ci\u00f3k begyakorl\u00e1s\u00e1ra. A park jelenlegi \u00e1llapot\u00e1ban nem ny\u00fajt megfelel\u0151 k\u00f6rnyezetet a V\u00edztorony fel\u00faj\u00edt\u00e1s\u00e1hoz, ez\u00e9rt kapcsolt beruh\u00e1z\u00e1sk\u00e9nt annak meg\u00faj\u00edt\u00e1sa, szolg\u00e1ltat\u00e1si sz\u00ednvonal\u00e1nak emel\u00e9se, b\u0151v\u00edt\u00e9se sz\u00fcks\u00e9ges.<\/p>\n<\/div><\/div><\/div><\/div><\/div><div class=\"fusion-fullwidth fullwidth-box fusion-builder-row-6 fusion-flex-container hundred-percent-fullwidth non-hundred-percent-height-scrolling\" style=\"--awb-border-radius-top-left:0px;--awb-border-radius-top-right:0px;--awb-border-radius-bottom-right:0px;--awb-border-radius-bottom-left:0px;--awb-overflow:visible;--awb-padding-right:30px;--awb-padding-left:30px;--awb-flex-wrap:wrap;\" ><div class=\"fusion-builder-row fusion-row fusion-flex-align-items-flex-start fusion-flex-content-wrap\" style=\"width:calc( 100% + 0px ) !important;max-width:calc( 100% + 0px ) !important;margin-left: calc(-0px \/ 2 );margin-right: calc(-0px \/ 2 );\"><div class=\"fusion-layout-column fusion_builder_column fusion-builder-column-8 fusion_builder_column_1_1 1_1 fusion-flex-column fusion-flex-align-self-flex-start fusion-column-no-min-height\" style=\"--awb-bg-size:cover;--awb-width-large:100%;--awb-margin-top-large:0px;--awb-spacing-right-large:0px;--awb-margin-bottom-large:0px;--awb-spacing-left-large:0px;--awb-width-medium:100%;--awb-spacing-right-medium:0px;--awb-spacing-left-medium:0px;--awb-width-small:100%;--awb-spacing-right-small:0px;--awb-spacing-left-small:0px;\"><div class=\"fusion-column-wrapper fusion-flex-justify-content-flex-start fusion-content-layout-column\"><div class=\"fusion-text fusion-text-7\"><p><img decoding=\"async\" class=\"alignnone size-full wp-image-1297 alignright\" src=\"https:\/\/savaria2020.eu\/word\/wp-content\/uploads\/2018\/02\/infoblokk_kedv_final_CMYK_ERFA.jpg\" alt=\"\" width=\"435\" height=\"300\" srcset=\"https:\/\/savaria2020.eu\/word\/wp-content\/uploads\/2018\/02\/infoblokk_kedv_final_CMYK_ERFA-200x138.jpg 200w, https:\/\/savaria2020.eu\/word\/wp-content\/uploads\/2018\/02\/infoblokk_kedv_final_CMYK_ERFA-300x207.jpg 300w, https:\/\/savaria2020.eu\/word\/wp-content\/uploads\/2018\/02\/infoblokk_kedv_final_CMYK_ERFA-400x276.jpg 400w, https:\/\/savaria2020.eu\/word\/wp-content\/uploads\/2018\/02\/infoblokk_kedv_final_CMYK_ERFA-600x415.jpg 600w, https:\/\/savaria2020.eu\/word\/wp-content\/uploads\/2018\/02\/infoblokk_kedv_final_CMYK_ERFA-768x531.jpg 768w, https:\/\/savaria2020.eu\/word\/wp-content\/uploads\/2018\/02\/infoblokk_kedv_final_CMYK_ERFA-800x553.jpg 800w, https:\/\/savaria2020.eu\/word\/wp-content\/uploads\/2018\/02\/infoblokk_kedv_final_CMYK_ERFA-1024x708.jpg 1024w, https:\/\/savaria2020.eu\/word\/wp-content\/uploads\/2018\/02\/infoblokk_kedv_final_CMYK_ERFA-1200x829.jpg 1200w, https:\/\/savaria2020.eu\/word\/wp-content\/uploads\/2018\/02\/infoblokk_kedv_final_CMYK_ERFA.jpg 1453w\" sizes=\"(max-width: 435px) 100vw, 435px\" \/><\/p>\n<\/div><\/div><\/div><\/div><\/div><div class=\"fusion-fullwidth fullwidth-box fusion-builder-row-7 fusion-flex-container nonhundred-percent-fullwidth non-hundred-percent-height-scrolling\" style=\"--awb-background-position:left top;--awb-border-radius-top-left:0px;--awb-border-radius-top-right:0px;--awb-border-radius-bottom-right:0px;--awb-border-radius-bottom-left:0px;--awb-padding-top:20px;--awb-padding-bottom:20px;--awb-border-sizes-top:0px;--awb-border-sizes-bottom:0px;--awb-flex-wrap:wrap;\" ><div class=\"fusion-builder-row fusion-row fusion-flex-align-items-flex-start fusion-flex-content-wrap\" style=\"max-width:calc( 1200px + 0px );margin-left: calc(-0px \/ 2 );margin-right: calc(-0px \/ 2 );\"><\/div><\/div><\/p>\n","protected":false},"excerpt":{"rendered":"","protected":false},"author":2,"featured_media":0,"parent":0,"menu_order":0,"comment_status":"closed","ping_status":"closed","template":"100-width.php","meta":{"ngg_post_thumbnail":0,"footnotes":""},"class_list":["post-1320","page","type-page","status-publish","hentry"],"_links":{"self":[{"href":"https:\/\/savaria2020.eu\/word\/wp-json\/wp\/v2\/pages\/1320","targetHints":{"allow":["GET"]}}],"collection":[{"href":"https:\/\/savaria2020.eu\/word\/wp-json\/wp\/v2\/pages"}],"about":[{"href":"https:\/\/savaria2020.eu\/word\/wp-json\/wp\/v2\/types\/page"}],"author":[{"embeddable":true,"href":"https:\/\/savaria2020.eu\/word\/wp-json\/wp\/v2\/users\/2"}],"replies":[{"embeddable":true,"href":"https:\/\/savaria2020.eu\/word\/wp-json\/wp\/v2\/comments?post=1320"}],"version-history":[{"count":3,"href":"https:\/\/savaria2020.eu\/word\/wp-json\/wp\/v2\/pages\/1320\/revisions"}],"predecessor-version":[{"id":1592,"href":"https:\/\/savaria2020.eu\/word\/wp-json\/wp\/v2\/pages\/1320\/revisions\/1592"}],"wp:attachment":[{"href":"https:\/\/savaria2020.eu\/word\/wp-json\/wp\/v2\/media?parent=1320"}],"curies":[{"name":"wp","href":"https:\/\/api.w.org\/{rel}","templated":true}]}}