{"id":1118,"date":"2016-08-05T11:49:47","date_gmt":"2016-08-05T11:49:47","guid":{"rendered":"http:\/\/savaria2020.eu\/?page_id=1118"},"modified":"2023-02-08T17:41:48","modified_gmt":"2023-02-08T17:41:48","slug":"clld","status":"publish","type":"page","link":"https:\/\/savaria2020.eu\/word\/clld\/","title":{"rendered":"CLLD"},"content":{"rendered":"<div class=\"fusion-fullwidth fullwidth-box fusion-builder-row-1 fusion-flex-container hundred-percent-fullwidth non-hundred-percent-height-scrolling\" style=\"--awb-border-radius-top-left:0px;--awb-border-radius-top-right:0px;--awb-border-radius-bottom-right:0px;--awb-border-radius-bottom-left:0px;--awb-overflow:visible;--awb-flex-wrap:wrap;\" ><div class=\"fusion-builder-row fusion-row fusion-flex-align-items-flex-start fusion-flex-content-wrap\" style=\"width:104% !important;max-width:104% !important;margin-left: calc(-4% \/ 2 );margin-right: calc(-4% \/ 2 );\"><div class=\"fusion-layout-column fusion_builder_column fusion-builder-column-0 fusion_builder_column_3_5 3_5 fusion-flex-column\" style=\"--awb-bg-size:cover;--awb-width-large:60%;--awb-margin-top-large:0px;--awb-spacing-right-large:3.84%;--awb-margin-bottom-large:20px;--awb-spacing-left-large:3.2%;--awb-width-medium:60%;--awb-spacing-right-medium:3.84%;--awb-spacing-left-medium:3.2%;--awb-width-small:100%;--awb-spacing-right-small:1.92%;--awb-spacing-left-small:1.92%;\"><div class=\"fusion-column-wrapper fusion-flex-justify-content-flex-start fusion-content-layout-column\"><div class=\"fusion-text fusion-text-1\"><h3><em><strong>Savaria J\u00f6v\u0151j\u00e9\u00e9rt Helyi K\u00f6z\u00f6ss\u00e9g<\/strong><\/em><\/h3>\n<p>&nbsp;<\/p>\n<p>A szombathelyi helyi k\u00f6z\u00f6ss\u00e9g 2016. m\u00e1jus 25-\u00e9n alakult konzorciumi form\u00e1ban.<\/p>\n<p>Konzorciumvezet\u0151: Szombathely Megyei Jog\u00fa V\u00e1ros \u00d6nkorm\u00e1nyzata<\/p>\n<p>Munkaszervezet: Savaria V\u00e1rosfejleszt\u00e9si Nonprofit Kft.<\/p>\n<p>A Savaria J\u00f6v\u0151j\u00e9\u00e9rt Helyi K\u00f6z\u00f6ss\u00e9g tagjai:<\/p>\n<ul>\n<li>AGORA Savaria Kultur\u00e1lis \u00e9s M\u00e9diak\u00f6zpont Nonprofit Kft.<\/li>\n<li>BFH Eur\u00f3pa Kft.<\/li>\n<li>Fogyat\u00e9kkal \u00c9l\u0151ket \u00e9s Hajl\u00e9ktalanokat Ell\u00e1t\u00f3 K\u00f6zhaszn\u00fa Nonprofit Kft.<\/li>\n<li>Her\u00e9nyi Kultur\u00e1lis \u00e9s Sportegyes\u00fclet<\/li>\n<li>Innopartner Tan\u00e1csad\u00f3, Fejleszt\u0151 \u00e9s Kutat\u00f3 Kft.<\/li>\n<li>N\u0151i Er\u0151forr\u00e1s T\u00e1rsas\u00e1g Egyes\u00fclet<\/li>\n<li>N\u0151i V\u00e1llalkoz\u00f3i Klub Egyes\u00fclet<\/li>\n<li>Nyugat-Pannon Ter\u00fclet- \u00e9s Gazdas\u00e1gfejleszt\u00e9si Szolg\u00e1ltat\u00f3 K\u00f6zhaszn\u00fa Nonprofit Kft.<\/li>\n<li>Pannon Projektum T\u00e9rs\u00e9g \u00e9s Hum\u00e1nfejleszt\u0151 Bt.<\/li>\n<li>Pacific Genius Kft.<\/li>\n<li>P\u00e1los K\u00e1roly Szoci\u00e1lis Szolg\u00e1ltat\u00f3 K\u00f6zpont \u00e9s Gyermekj\u00f3l\u00e9ti Szolg\u00e1lat<\/li>\n<li>R\u00e9gi\u00f3f\u00f3kusz K\u00f6zhaszn\u00fa Nonprofit Kft.<\/li>\n<li>Savaria Megyei Hat\u00f3k\u00f6r\u0171 V\u00e1rosi M\u00fazeum<\/li>\n<li>Savaria Tendency Art Group M\u0171v\u00e9szeti \u00e9s Kultur\u00e1lis Egyes\u00fclet<\/li>\n<li>Savaria V\u00e1rosfejleszt\u00e9si Nonprofit Kft.<\/li>\n<li>Szombathely MJV \u00d6nkorm\u00e1nyzata<\/li>\n<li>Szombathelyi Civil Kerekasztal<\/li>\n<li>Szombathelyi Evang\u00e9likus Egyh\u00e1zk\u00f6zs\u00e9g<\/li>\n<li>Szombathelyi Turisztikai \u00e9s Testv\u00e9rv\u00e1rosi Egyes\u00fclet<\/li>\n<li>Sz\u00fcl\u0151f\u00f6ld Kultur\u00e1lis, Sport \u00e9s \u00d6r\u00f6ks\u00e9gv\u00e9delmi Egyes\u00fclet<\/li>\n<li>Vas Megye \u00e9s Szombathely V\u00e1ros Region\u00e1lis V\u00e1llalkoz\u00e1sfejleszt\u00e9si Alap\u00edtv\u00e1ny<\/li>\n<li>Vas Megyei Tudom\u00e1nyos Ismeretterjeszt\u0151 Egyes\u00fclet<\/li>\n<li>V\u00e1ltoz\u00f3 Vil\u00e1g\u00e9rt Alap\u00edtv\u00e1ny<\/li>\n<\/ul>\n<\/div><div class=\"fusion-text fusion-text-2\"><\/div><div class=\"fusion-text fusion-text-3\"><hr>\n<\/div><div class=\"fusion-text fusion-text-4\"><p><a href=\"https:\/\/savaria2020.eu\/word\/wp-content\/uploads\/2017\/03\/2.-CLLD-HACS-el\u0151zetes-elismer\u00e9s\u00e9r\u0151l-sz\u00f3l\u00f3-IH-visszaigazol\u00e1s.pdf\">Savaria J\u00f6v\u0151j\u00e9\u00e9rt Helyi K\u00f6z\u00f6ss\u00e9g regisztr\u00e1ci\u00f3<\/a><\/p>\n<\/div><div class=\"fusion-text fusion-text-5\"><p><a href=\"https:\/\/savaria2020.eu\/word\/wp-content\/uploads\/2018\/02\/t\u00e1mogat\u00f3i-d\u00f6nt\u00e9s.pdf\">T\u00e1mogat\u00f3i d\u00f6nt\u00e9sr\u0151l sz\u00f3l\u00f3 \u00e9rtes\u00edt\u0151<\/a><\/p>\n<\/div><\/div><\/div><div class=\"fusion-layout-column fusion_builder_column fusion-builder-column-1 fusion_builder_column_1_3 1_3 fusion-flex-column\" style=\"--awb-bg-size:cover;--awb-width-large:33.333333333333%;--awb-margin-top-large:0px;--awb-spacing-right-large:5.76%;--awb-margin-bottom-large:20px;--awb-spacing-left-large:3.84%;--awb-width-medium:33.333333333333%;--awb-spacing-right-medium:5.76%;--awb-spacing-left-medium:3.84%;--awb-width-small:100%;--awb-spacing-right-small:1.92%;--awb-spacing-left-small:1.92%;\"><div class=\"fusion-column-wrapper fusion-flex-justify-content-flex-start fusion-content-layout-column\"><div class=\"fusion-text fusion-text-6\"><div class=\"fusion-text fusion-text-6\"><\/div>\n<p>&nbsp;<\/p>\n<\/div><div class=\"fusion-text fusion-text-8\"><p><strong><a href=\"https:\/\/savaria2020.eu\/word\/wp-content\/uploads\/2018\/02\/Szhely_CLLD_HKFS_20180205.pdf\">Helyi K\u00f6z\u00f6ss\u00e9gi Fejleszt\u00e9si Strat\u00e9gia (HKFS) <\/a><\/strong><\/p>\n<\/div><div class=\"fusion-text fusion-text-9\"><hr>\n<\/div><div class=\"fusion-text fusion-text-10\"><p>A 2016. november 29-i HACS \u00fcl\u00e9s jegyz\u0151k\u00f6nyve:<\/p>\n<ul>\n<li><a href=\"https:\/\/savaria2020.eu\/word\/wp-content\/uploads\/2016\/12\/Jegyz\u0151k\u00f6nyv_2016.11.29_.pdf\">Jegyz\u0151k\u00f6nyv<\/a>,&nbsp;<a href=\"https:\/\/savaria2020.eu\/word\/wp-content\/uploads\/2016\/12\/Jelenl\u00e9ti-\u00edv-2016.11.29.pdf\">Jelenl\u00e9ti \u00edv<\/a><\/li>\n<\/ul>\n<\/div><div class=\"fusion-text fusion-text-11\"><hr>\n<\/div><div class=\"fusion-text fusion-text-12\"><p>A 2017. febru\u00e1r 16-i Lakoss\u00e1gi F\u00f3rum:<\/p>\n<p><img decoding=\"async\" class=\"wp-image-1263 aligncenter\" src=\"https:\/\/savaria2020.eu\/word\/wp-content\/uploads\/2017\/02\/WP_20170216_16_44_12_Pro.jpg\" alt=\"wp_20170216_16_44_12_pro\" width=\"245\" height=\"138\" srcset=\"https:\/\/savaria2020.eu\/word\/wp-content\/uploads\/2017\/02\/WP_20170216_16_44_12_Pro-200x113.jpg 200w, https:\/\/savaria2020.eu\/word\/wp-content\/uploads\/2017\/02\/WP_20170216_16_44_12_Pro-300x169.jpg 300w, https:\/\/savaria2020.eu\/word\/wp-content\/uploads\/2017\/02\/WP_20170216_16_44_12_Pro-400x225.jpg 400w, https:\/\/savaria2020.eu\/word\/wp-content\/uploads\/2017\/02\/WP_20170216_16_44_12_Pro-600x338.jpg 600w, https:\/\/savaria2020.eu\/word\/wp-content\/uploads\/2017\/02\/WP_20170216_16_44_12_Pro-768x433.jpg 768w, https:\/\/savaria2020.eu\/word\/wp-content\/uploads\/2017\/02\/WP_20170216_16_44_12_Pro-800x451.jpg 800w, https:\/\/savaria2020.eu\/word\/wp-content\/uploads\/2017\/02\/WP_20170216_16_44_12_Pro-1024x577.jpg 1024w, https:\/\/savaria2020.eu\/word\/wp-content\/uploads\/2017\/02\/WP_20170216_16_44_12_Pro-1200x676.jpg 1200w, https:\/\/savaria2020.eu\/word\/wp-content\/uploads\/2017\/02\/WP_20170216_16_44_12_Pro.jpg 3264w\" sizes=\"(max-width: 245px) 100vw, 245px\" \/><\/p>\n<p><img decoding=\"async\" class=\"wp-image-1262 aligncenter\" src=\"https:\/\/savaria2020.eu\/word\/wp-content\/uploads\/2017\/02\/WP_20170216_16_44_02_.jpg\" alt=\"wp_20170216_16_44_02_\" width=\"245\" height=\"138\" srcset=\"https:\/\/savaria2020.eu\/word\/wp-content\/uploads\/2017\/02\/WP_20170216_16_44_02_-200x113.jpg 200w, https:\/\/savaria2020.eu\/word\/wp-content\/uploads\/2017\/02\/WP_20170216_16_44_02_-300x169.jpg 300w, https:\/\/savaria2020.eu\/word\/wp-content\/uploads\/2017\/02\/WP_20170216_16_44_02_-400x225.jpg 400w, https:\/\/savaria2020.eu\/word\/wp-content\/uploads\/2017\/02\/WP_20170216_16_44_02_-600x338.jpg 600w, https:\/\/savaria2020.eu\/word\/wp-content\/uploads\/2017\/02\/WP_20170216_16_44_02_-768x433.jpg 768w, https:\/\/savaria2020.eu\/word\/wp-content\/uploads\/2017\/02\/WP_20170216_16_44_02_-800x451.jpg 800w, https:\/\/savaria2020.eu\/word\/wp-content\/uploads\/2017\/02\/WP_20170216_16_44_02_-1024x577.jpg 1024w, https:\/\/savaria2020.eu\/word\/wp-content\/uploads\/2017\/02\/WP_20170216_16_44_02_-1200x676.jpg 1200w, https:\/\/savaria2020.eu\/word\/wp-content\/uploads\/2017\/02\/WP_20170216_16_44_02_.jpg 2612w\" sizes=\"(max-width: 245px) 100vw, 245px\" \/><\/p>\n<p><img decoding=\"async\" class=\"wp-image-1261 aligncenter\" src=\"https:\/\/savaria2020.eu\/word\/wp-content\/uploads\/2017\/02\/WP_20170216_16_40_23_Pro.jpg\" alt=\"wp_20170216_16_40_23_pro\" width=\"245\" height=\"138\" srcset=\"https:\/\/savaria2020.eu\/word\/wp-content\/uploads\/2017\/02\/WP_20170216_16_40_23_Pro-200x113.jpg 200w, https:\/\/savaria2020.eu\/word\/wp-content\/uploads\/2017\/02\/WP_20170216_16_40_23_Pro-300x169.jpg 300w, https:\/\/savaria2020.eu\/word\/wp-content\/uploads\/2017\/02\/WP_20170216_16_40_23_Pro-400x225.jpg 400w, https:\/\/savaria2020.eu\/word\/wp-content\/uploads\/2017\/02\/WP_20170216_16_40_23_Pro-600x338.jpg 600w, https:\/\/savaria2020.eu\/word\/wp-content\/uploads\/2017\/02\/WP_20170216_16_40_23_Pro-768x433.jpg 768w, https:\/\/savaria2020.eu\/word\/wp-content\/uploads\/2017\/02\/WP_20170216_16_40_23_Pro-800x451.jpg 800w, https:\/\/savaria2020.eu\/word\/wp-content\/uploads\/2017\/02\/WP_20170216_16_40_23_Pro-1024x577.jpg 1024w, https:\/\/savaria2020.eu\/word\/wp-content\/uploads\/2017\/02\/WP_20170216_16_40_23_Pro-1200x676.jpg 1200w, https:\/\/savaria2020.eu\/word\/wp-content\/uploads\/2017\/02\/WP_20170216_16_40_23_Pro.jpg 3264w\" sizes=\"(max-width: 245px) 100vw, 245px\" \/><br \/>\n<a href=\"https:\/\/savaria2020.eu\/word\/wp-content\/uploads\/2017\/02\/PT_prez_Szhely_CLLD_20161208_LakForum.pdf\">Let\u00f6lthet\u0151 prezent\u00e1ci\u00f3<\/a><\/p>\n<\/div><div class=\"fusion-text fusion-text-13\"><hr>\n<\/div><div class=\"fusion-text fusion-text-14\"><p><a href=\"https:\/\/savaria2020.eu\/word\/wp-content\/uploads\/2017\/03\/EPTKDokumetnum_20170228142124.pdf\">T\u00e1mogat\u00e1si k\u00e9relem beny\u00fajt\u00e1s\u00e1r\u00f3l sz\u00f3l\u00f3 igazol\u00e1s<\/a><\/p>\n<p><a href=\"https:\/\/savaria2020.eu\/word\/wp-content\/uploads\/2017\/03\/konzorciumi-meg\u00e1llapod\u00e1s.pdf\">Konzorciumi meg\u00e1llapod\u00e1s<\/a><\/p>\n<p><a href=\"https:\/\/savaria2020.eu\/word\/wp-content\/uploads\/2016\/08\/13.2017-Kgy-hat\u00e1rozat.pdf\">SZMJV K\u00f6zgy\u0171l\u00e9s hat\u00e1rozata<\/a><\/p>\n<p><a href=\"https:\/\/savaria2020.eu\/word\/wp-content\/uploads\/2016\/08\/GVB-hat\u00e1rozat-37_2017.pdf\">Gazdas\u00e1gi \u00e9s V\u00e1rosstrat\u00e9giai Bizotts\u00e1g hat\u00e1rozata<\/a><\/p>\n<\/div><\/div><\/div><div class=\"fusion-layout-column fusion_builder_column fusion-builder-column-2 fusion_builder_column_1_1 1_1 fusion-flex-column fusion-flex-align-self-flex-start fusion-column-no-min-height\" style=\"--awb-bg-size:cover;--awb-width-large:100%;--awb-margin-top-large:0px;--awb-spacing-right-large:1.92%;--awb-margin-bottom-large:0px;--awb-spacing-left-large:1.92%;--awb-width-medium:100%;--awb-spacing-right-medium:1.92%;--awb-spacing-left-medium:1.92%;--awb-width-small:100%;--awb-spacing-right-small:1.92%;--awb-spacing-left-small:1.92%;\"><div class=\"fusion-column-wrapper fusion-flex-justify-content-flex-start fusion-content-layout-column\"><div class=\"fusion-text fusion-text-15\"><p>Projekt azonos\u00edt\u00f3 sz\u00e1ma: TOP-7.1.1-16-2017-00101<\/p>\n<p>Projekt c\u00edme:&nbsp;&#8222;Savaria J\u00f6v\u0151j\u00e9\u00e9rt&#8221; k\u00f6z\u00f6ss\u00e9gfejleszt\u00e9s<\/p>\n<p>A rendelkez\u00e9sre \u00e1ll\u00f3 p\u00e1ly\u00e1zati forr\u00e1s: 750.000.000,- Ft<\/p>\n<p><strong style=\"font-size: inherit;\">E-mail: <a href=\"mailto:clld@savaria2020.eu\">clld@savaria2020.eu<\/a>, Web:<\/strong> <a href=\"http:\/\/clld-szombathely.hu\"><strong style=\"font-size: inherit;\">clld-szombathely.hu<\/strong><\/a><span style=\"font-size: inherit;\"><\/p>\n<\/div><div class=\"fusion-text fusion-text-16\"><p><\/span><\/p>\n<p><img decoding=\"async\" class=\"size-full wp-image-1299 alignright\" src=\"https:\/\/savaria2020.eu\/word\/wp-content\/uploads\/2018\/02\/infoblokk_kedv_final_CMYK_ESBA.jpg\" alt=\"\" width=\"435\" height=\"300\" srcset=\"https:\/\/savaria2020.eu\/word\/wp-content\/uploads\/2018\/02\/infoblokk_kedv_final_CMYK_ESBA-200x138.jpg 200w, https:\/\/savaria2020.eu\/word\/wp-content\/uploads\/2018\/02\/infoblokk_kedv_final_CMYK_ESBA-300x207.jpg 300w, https:\/\/savaria2020.eu\/word\/wp-content\/uploads\/2018\/02\/infoblokk_kedv_final_CMYK_ESBA-400x276.jpg 400w, https:\/\/savaria2020.eu\/word\/wp-content\/uploads\/2018\/02\/infoblokk_kedv_final_CMYK_ESBA-600x415.jpg 600w, https:\/\/savaria2020.eu\/word\/wp-content\/uploads\/2018\/02\/infoblokk_kedv_final_CMYK_ESBA-768x531.jpg 768w, https:\/\/savaria2020.eu\/word\/wp-content\/uploads\/2018\/02\/infoblokk_kedv_final_CMYK_ESBA-800x553.jpg 800w, https:\/\/savaria2020.eu\/word\/wp-content\/uploads\/2018\/02\/infoblokk_kedv_final_CMYK_ESBA-1024x708.jpg 1024w, https:\/\/savaria2020.eu\/word\/wp-content\/uploads\/2018\/02\/infoblokk_kedv_final_CMYK_ESBA-1200x829.jpg 1200w, https:\/\/savaria2020.eu\/word\/wp-content\/uploads\/2018\/02\/infoblokk_kedv_final_CMYK_ESBA.jpg 1453w\" sizes=\"(max-width: 435px) 100vw, 435px\" \/><\/p>\n<\/div><\/div><\/div><\/div><\/div>\n","protected":false},"excerpt":{"rendered":"","protected":false},"author":1,"featured_media":0,"parent":0,"menu_order":0,"comment_status":"closed","ping_status":"closed","template":"","meta":{"ngg_post_thumbnail":0,"footnotes":""},"class_list":["post-1118","page","type-page","status-publish","hentry"],"_links":{"self":[{"href":"https:\/\/savaria2020.eu\/word\/wp-json\/wp\/v2\/pages\/1118","targetHints":{"allow":["GET"]}}],"collection":[{"href":"https:\/\/savaria2020.eu\/word\/wp-json\/wp\/v2\/pages"}],"about":[{"href":"https:\/\/savaria2020.eu\/word\/wp-json\/wp\/v2\/types\/page"}],"author":[{"embeddable":true,"href":"https:\/\/savaria2020.eu\/word\/wp-json\/wp\/v2\/users\/1"}],"replies":[{"embeddable":true,"href":"https:\/\/savaria2020.eu\/word\/wp-json\/wp\/v2\/comments?post=1118"}],"version-history":[{"count":49,"href":"https:\/\/savaria2020.eu\/word\/wp-json\/wp\/v2\/pages\/1118\/revisions"}],"predecessor-version":[{"id":1639,"href":"https:\/\/savaria2020.eu\/word\/wp-json\/wp\/v2\/pages\/1118\/revisions\/1639"}],"wp:attachment":[{"href":"https:\/\/savaria2020.eu\/word\/wp-json\/wp\/v2\/media?parent=1118"}],"curies":[{"name":"wp","href":"https:\/\/api.w.org\/{rel}","templated":true}]}}